{"id":21279,"date":"2026-02-01T22:20:39","date_gmt":"2026-02-01T21:20:39","guid":{"rendered":"https:\/\/ual-website.iqe.al\/tarifa-e-shkollimit\/"},"modified":"2026-04-04T10:37:23","modified_gmt":"2026-04-04T09:37:23","slug":"tarifa-e-shkollimit","status":"publish","type":"page","link":"https:\/\/ual-website.iqe.al\/sq\/tarifa-e-shkollimit\/","title":{"rendered":"Tarifa e shkollimit"},"content":{"rendered":"\t\t<div data-elementor-type=\"wp-page\" data-elementor-id=\"21279\" class=\"elementor elementor-21279 elementor-16570\" data-elementor-post-type=\"page\">\n\t\t\t\t<div class=\"elementor-element elementor-element-20e592a e-flex e-con-boxed rt-default-class e-con e-parent\" data-id=\"20e592a\" data-element_type=\"container\" data-e-type=\"container\">\n\t\t\t\t\t<div class=\"e-con-inner\">\n\t\t<div class=\"elementor-element elementor-element-2e212148 e-con-full e-flex rt-default-class e-con e-child\" data-id=\"2e212148\" data-element_type=\"container\" data-e-type=\"container\">\n\t\t\t\t<div class=\"elementor-element elementor-element-6c67d66e elementor-widget__width-inherit rt-default-class elementor-widget elementor-widget-heading\" data-id=\"6c67d66e\" data-element_type=\"widget\" data-e-type=\"widget\" data-widget_type=\"heading.default\">\n\t\t\t\t\t<h1 class=\"elementor-heading-title elementor-size-default\">Rreth tarifave t\u00eb shkollimit<\/h1>\t\t\t\t<\/div>\n\t\t\t\t<div class=\"elementor-element elementor-element-61f0c9be rt-default-class elementor-widget elementor-widget-text-editor\" data-id=\"61f0c9be\" data-element_type=\"widget\" data-e-type=\"widget\" data-widget_type=\"text-editor.default\">\n\t\t\t\t\t\t\t\t\t<p>Universiteti Aldent \u00ebsht\u00eb i p\u00ebrkushtuar ndaj politikave transparente dhe t\u00eb arritshme t\u00eb tarifave t\u00eb shkollimit. Tarifat e shkollimit p\u00ebrcaktohen nga programi i studimit dhe viti akademik dhe u komunikohen student\u00ebve para regjistrimit. Kostoja totale zakonisht p\u00ebrfshin tarifat e shkollimit dhe sh\u00ebrbimet standarde akademike; \u00e7do tarif\u00eb shtes\u00eb (p.sh., materiale laboratorike, k\u00ebrkesa p\u00ebr praktik\u00eb klinike ose tarifa q\u00eb lidhen me diplomimin) tregohet qart\u00eb paraprakisht.<br>Mbulimi i shkollimit n\u00eb p\u00ebrgjith\u00ebsi p\u00ebrfshin:<\/p><ol><li>M\u00ebsimdh\u00ebnia dhe mbik\u00ebqyrja akademike<\/li><li>Qasja n\u00eb burimet e t\u00eb nx\u00ebnit dhe mjediset institucionale<\/li><li>Sh\u00ebrbimet e administrat\u00ebs akademike t\u00eb student\u00ebve<\/li><li>Pjes\u00ebmarrja n\u00eb provimet e planifikuara dhe vler\u00ebsimet standarde<\/li><li>Transporti<\/li><\/ol>\t\t\t\t\t\t\t\t<\/div>\n\t\t\t\t<div class=\"elementor-element elementor-element-248d98a7 elementor-widget__width-inherit rt-default-class elementor-widget elementor-widget-heading\" data-id=\"248d98a7\" data-element_type=\"widget\" data-e-type=\"widget\" data-widget_type=\"heading.default\">\n\t\t\t\t\t<h2 class=\"elementor-heading-title elementor-size-default\">Opsionet e pages\u00ebs\n<\/h2>\t\t\t\t<\/div>\n\t\t\t\t<div class=\"elementor-element elementor-element-69e45e63 rt-default-class elementor-widget elementor-widget-text-editor\" data-id=\"69e45e63\" data-element_type=\"widget\" data-e-type=\"widget\" data-widget_type=\"text-editor.default\">\n\t\t\t\t\t\t\t\t\t<p>Universiteti Aldent ofron mund\u00ebsi fleksibile pagese p\u00ebr shkollim p\u00ebr t\u00eb mb\u00ebshtetur student\u00ebt dhe familjet e tyre. Student\u00ebt mund t\u00eb zgjedhin t\u00eb paguajn\u00eb tarif\u00ebn e plot\u00eb t\u00eb shkollimit n\u00eb nj\u00eb k\u00ebst t\u00eb vet\u00ebm ose p\u00ebrmes nj\u00eb plani k\u00ebstesh (pagesa t\u00eb shum\u00ebfishta) sipas orarit t\u00eb pagesave t\u00eb Universitetit.  <\/p><p>Zbritje p\u00ebr pages\u00ebn e hershme: Student\u00ebt q\u00eb kryejn\u00eb pages\u00ebn e plot\u00eb t\u00eb tarif\u00ebs s\u00eb shkollimit deri n\u00eb dhjetor kan\u00eb t\u00eb drejt\u00eb p\u00ebr nj\u00eb zbritje prej 10% n\u00eb tarifat e shkollimit. P\u00ebr detaje mbi shumat e k\u00ebsteve, afatet dhe kushtet e zbatueshme, student\u00ebt duhet t\u00eb kontaktojn\u00eb Zyr\u00ebn e Financave.<\/p>\t\t\t\t\t\t\t\t<\/div>\n\t\t\t\t<\/div>\n\t\t\t\t\t<\/div>\n\t\t\t\t<\/div>\n\t\t<div class=\"elementor-element elementor-element-3824617b e-flex e-con-boxed rt-default-class e-con e-parent\" data-id=\"3824617b\" data-element_type=\"container\" data-e-type=\"container\">\n\t\t\t\t\t<div class=\"e-con-inner\">\n\t\t\t\t<div class=\"elementor-element elementor-element-57ee4fcd elementor-widget__width-inherit rt-default-class elementor-widget elementor-widget-heading\" data-id=\"57ee4fcd\" data-element_type=\"widget\" data-e-type=\"widget\" data-widget_type=\"heading.default\">\n\t\t\t\t\t<h3 class=\"elementor-heading-title elementor-size-default\">Tarifat e Studimit<\/h3>\t\t\t\t<\/div>\n\t\t\t\t<div class=\"elementor-element elementor-element-358868a7 rt-default-class elementor-widget elementor-widget-text-editor\" data-id=\"358868a7\" data-element_type=\"widget\" data-e-type=\"widget\" data-widget_type=\"text-editor.default\">\n\t\t\t\t\t\t\t\t\t<p>Viti Akademik 2026 &#8211; 2027<\/p>\t\t\t\t\t\t\t\t<\/div>\n\t\t<div class=\"elementor-element elementor-element-9b3607e e-con-full e-flex rt-default-class e-con e-child\" data-id=\"9b3607e\" data-element_type=\"container\" data-e-type=\"container\">\n\t\t\t\t<div class=\"elementor-element elementor-element-76ef3ce rt-default-class elementor-widget elementor-widget-rt-tab\" data-id=\"76ef3ce\" data-element_type=\"widget\" data-e-type=\"widget\" data-widget_type=\"rt-tab.default\">\n\t\t\t\t<div class=\"elementor-widget-container\">\n\t\t\t\t\t<div class=\"rts-tab-style-one vertical\">\n    <div class=\"align-items-start contoler-company\">\n        <div class=\"nav nav-pills me-3 button-area\" id=\"v-pills-tab\" role=\"tablist\" aria-orientation=\"vertical\">\n                       \n\n                <button class=\"nav-link active\" id=\"v-pills12172708\" data-bs-toggle=\"pill\" data-bs-target=\"#v-12172708\" type=\"button\" role=\"tab\" aria-controls=\"v-12172708\" aria-selected=\"false\">Tarifat e Studimit<\/button>\n                                \n            \n           \n        <\/div>\n\n        <div class=\"tab-content\" id=\"v-pills-tabContent\">\n        \n                            \n                  \n                    <div class=\"tab-pane fade active show\" id=\"v-12172708\" role=\"tabpanel\" aria-labelledby=\"v-pills-12172708\">\n                    <!-- start tab content -->\n                    <div class=\"rts-tab-content-one\">\n                        <p><img fetchpriority=\"high\" decoding=\"async\" class=\"alignnone size-full wp-image-23090\" src=\"https:\/\/ual-website.iqe.al\/wp-content\/uploads\/2024\/08\/Study-Fees.png\" alt=\"\" width=\"816\" height=\"1108\" srcset=\"https:\/\/ual-website.iqe.al\/wp-content\/uploads\/2024\/08\/Study-Fees.png 816w, https:\/\/ual-website.iqe.al\/wp-content\/uploads\/2024\/08\/Study-Fees-221x300.png 221w, https:\/\/ual-website.iqe.al\/wp-content\/uploads\/2024\/08\/Study-Fees-754x1024.png 754w, https:\/\/ual-website.iqe.al\/wp-content\/uploads\/2024\/08\/Study-Fees-768x1043.png 768w\" sizes=\"(max-width: 816px) 100vw, 816px\" \/><\/p>\n \n                                                                    <\/div>\n                    <!-- start tab content End -->\n                   \n                <\/div>\n                        \n            \n        <\/div>\n    <\/div>\n<\/div>\t\t\t\t<\/div>\n\t\t\t\t<\/div>\n\t\t\t\t<\/div>\n\t\t\t\t\t<\/div>\n\t\t\t\t<\/div>\n\t\t<div class=\"elementor-element elementor-element-5093b401 e-flex e-con-boxed rt-default-class e-con e-parent\" data-id=\"5093b401\" data-element_type=\"container\" data-e-type=\"container\">\n\t\t\t\t\t<div class=\"e-con-inner\">\n\t\t\t\t<div class=\"elementor-element elementor-element-e9d1cb5 elementor-widget__width-inherit rt-default-class elementor-widget elementor-widget-heading\" data-id=\"e9d1cb5\" data-element_type=\"widget\" data-e-type=\"widget\" data-widget_type=\"heading.default\">\n\t\t\t\t\t<h4 class=\"elementor-heading-title elementor-size-default\">Norma p\u00ebr Kredit<\/h4>\t\t\t\t<\/div>\n\t\t<div class=\"elementor-element elementor-element-197dc4ab e-con-full e-flex rt-default-class e-con e-child\" data-id=\"197dc4ab\" data-element_type=\"container\" data-e-type=\"container\">\n\t\t\t\t<div class=\"elementor-element elementor-element-fa41ff4 rt-default-class elementor-widget elementor-widget-rt-tab\" data-id=\"fa41ff4\" data-element_type=\"widget\" data-e-type=\"widget\" data-widget_type=\"rt-tab.default\">\n\t\t\t\t<div class=\"elementor-widget-container\">\n\t\t\t\t\t<div class=\"rts-tab-style-one vertical\">\n    <div class=\"align-items-start contoler-company\">\n        <div class=\"nav nav-pills me-3 button-area\" id=\"v-pills-tab\" role=\"tablist\" aria-orientation=\"vertical\">\n                       \n\n                <button class=\"nav-link active\" id=\"v-pills1153477\" data-bs-toggle=\"pill\" data-bs-target=\"#v-1153477\" type=\"button\" role=\"tab\" aria-controls=\"v-1153477\" aria-selected=\"false\">Dhjetor<\/button>\n                       \n\n                <button class=\"nav-link \" id=\"v-pills2153477\" data-bs-toggle=\"pill\" data-bs-target=\"#v-2153477\" type=\"button\" role=\"tab\" aria-controls=\"v-2153477\" aria-selected=\"false\">Pranvera<\/button>\n                                \n            \n           \n        <\/div>\n\n        <div class=\"tab-content\" id=\"v-pills-tabContent\">\n        \n                            \n                  \n                    <div class=\"tab-pane fade active show\" id=\"v-1153477\" role=\"tabpanel\" aria-labelledby=\"v-pills-1153477\">\n                    <!-- start tab content -->\n                    <div class=\"rts-tab-content-one\">\n                         \n                                                                    <\/div>\n                    <!-- start tab content End -->\n                   \n                <\/div>\n                             \n                  \n                    <div class=\"tab-pane fade \" id=\"v-2153477\" role=\"tabpanel\" aria-labelledby=\"v-pills-2153477\">\n                    <!-- start tab content -->\n                    <div class=\"rts-tab-content-one\">\n                         \n                                                                    <\/div>\n                    <!-- start tab content End -->\n                   \n                <\/div>\n                        \n            \n        <\/div>\n    <\/div>\n<\/div>\t\t\t\t<\/div>\n\t\t\t\t<\/div>\n\t\t\t\t<\/div>\n\t\t\t\t\t<\/div>\n\t\t\t\t<\/div>\n\t\t<div class=\"elementor-element elementor-element-9847364 e-flex e-con-boxed rt-default-class e-con e-parent\" data-id=\"9847364\" data-element_type=\"container\" data-e-type=\"container\">\n\t\t\t\t\t<div class=\"e-con-inner\">\n\t\t\t\t<div class=\"elementor-element elementor-element-7271257 elementor-widget-divider--view-line rt-default-class elementor-widget elementor-widget-divider\" data-id=\"7271257\" data-element_type=\"widget\" data-e-type=\"widget\" data-widget_type=\"divider.default\">\n\t\t\t\t\t\t\t<div class=\"elementor-divider\">\n\t\t\t<span class=\"elementor-divider-separator\">\n\t\t\t\t\t\t<\/span>\n\t\t<\/div>\n\t\t\t\t\t\t<\/div>\n\t\t\t\t<div class=\"elementor-element elementor-element-c0f2202 rt-default-class elementor-widget elementor-widget-heading\" data-id=\"c0f2202\" data-element_type=\"widget\" data-e-type=\"widget\" data-widget_type=\"heading.default\">\n\t\t\t\t\t<h2 class=\"elementor-heading-title elementor-size-default\">Njoftimet m\u00eb t\u00eb fundit<\/h2>\t\t\t\t<\/div>\n\t\t\t\t<div class=\"elementor-element elementor-element-f367e6e rt-default-class elementor-widget elementor-widget-rt-notice\" data-id=\"f367e6e\" data-element_type=\"widget\" data-e-type=\"widget\" data-widget_type=\"rt-notice.default\">\n\t\t\t\t<div class=\"elementor-widget-container\">\n\t\t\t\t\t\t<div class=\"notce\">\r\n\t\t<div class=\"row\">\r\n\t\t\t\t\t\t\t<div class=\"col-lg- col-md-12 col-xs-1 grid-item filter_ual-me-te-fundit \">\r\n\t\t\t\t\t<div class=\"notice-list\">\r\n\t\t\t\t\t\t<ul>\r\n\t\t\t\t\t\t\t<li class=\"single-notice\">\r\n\t\t\t\t\t\t\t\t<div class=\"single-notice-item\">\r\n\t\t\t\t\t\t\t\t\t<div class=\"notice-date\">\r\n\t\t\t\t\t\t\t\t\t\t19\t\t\t\t\t\t\t\t\t\t<span>Mars<\/span>\r\n\t\t\t\t\t\t\t\t\t<\/div>\r\n\t\t\t\t\t\t\t\t\t<div class=\"notice-content\">\r\n\t\t\t\t\t\t\t\t\t\t<p>\r\n\t\t\t\t\t\t\t\t\t\t\t\t\t\t\t\t\t\t\t\t\t\t<a href=\"https:\/\/ual-website.iqe.al\/sq\/notice\/22490\/\">Anketa e Student\u00ebve t\u00eb UAL-it<\/a>\r\n\t\t\t\t\t\t\t\t\t\t<\/p>\r\n\t\t\t\t\t\t\t\t\t<\/div>\r\n\t\t\t\t\t\t\t\t<\/div>\r\n\t\t\t\t\t\t\t<\/li>\r\n\t\t\t\t\t\t<\/ul>\r\n\t\t\t\t\t<\/div>\r\n\t\t\t\t<\/div>\r\n\t\t\t\t\t\r\n\t\t\t\t\t\t\t\t<div class=\"col-lg- col-md-12 col-xs-1 grid-item filter_sekretar \">\r\n\t\t\t\t\t<div class=\"notice-list\">\r\n\t\t\t\t\t\t<ul>\r\n\t\t\t\t\t\t\t<li class=\"single-notice\">\r\n\t\t\t\t\t\t\t\t<div class=\"single-notice-item\">\r\n\t\t\t\t\t\t\t\t\t<div class=\"notice-date\">\r\n\t\t\t\t\t\t\t\t\t\t15\t\t\t\t\t\t\t\t\t\t<span>Shk<\/span>\r\n\t\t\t\t\t\t\t\t\t<\/div>\r\n\t\t\t\t\t\t\t\t\t<div class=\"notice-content\">\r\n\t\t\t\t\t\t\t\t\t\t<p>\r\n\t\t\t\t\t\t\t\t\t\t\t\t\t\t\t\t\t\t\t\t\t\t<a href=\"https:\/\/ual-website.iqe.al\/sq\/notice\/njoftim-i-rendesishem-procesi-i-rishikimit-te-notave-mbyllet-me-18-shkurt-2026\/\">Njoftim i R\u00ebnd\u00ebsish\u00ebm: Procesi i Rishikimit t\u00eb Notave Mbyllet m\u00eb<\/a>\r\n\t\t\t\t\t\t\t\t\t\t<\/p>\r\n\t\t\t\t\t\t\t\t\t<\/div>\r\n\t\t\t\t\t\t\t\t<\/div>\r\n\t\t\t\t\t\t\t<\/li>\r\n\t\t\t\t\t\t<\/ul>\r\n\t\t\t\t\t<\/div>\r\n\t\t\t\t<\/div>\r\n\t\t\t\t\t\r\n\t\t\t\t\t\t\t\t<div class=\"col-lg- col-md-12 col-xs-1 grid-item filter_ual-me-te-fundit \">\r\n\t\t\t\t\t<div class=\"notice-list\">\r\n\t\t\t\t\t\t<ul>\r\n\t\t\t\t\t\t\t<li class=\"single-notice\">\r\n\t\t\t\t\t\t\t\t<div class=\"single-notice-item\">\r\n\t\t\t\t\t\t\t\t\t<div class=\"notice-date\">\r\n\t\t\t\t\t\t\t\t\t\t15\t\t\t\t\t\t\t\t\t\t<span>Shk<\/span>\r\n\t\t\t\t\t\t\t\t\t<\/div>\r\n\t\t\t\t\t\t\t\t\t<div class=\"notice-content\">\r\n\t\t\t\t\t\t\t\t\t\t<p>\r\n\t\t\t\t\t\t\t\t\t\t\t\t\t\t\t\t\t\t\t\t\t\t<a href=\"https:\/\/ual-website.iqe.al\/sq\/notice\/fillimi-i-semestrit-te-dyte-e-hene-16-shkurt-2026\/\">Fillimi i semestrit t\u00eb dyt\u00eb: E h\u00ebn\u00eb, 16 shkurt 2026<\/a>\r\n\t\t\t\t\t\t\t\t\t\t<\/p>\r\n\t\t\t\t\t\t\t\t\t<\/div>\r\n\t\t\t\t\t\t\t\t<\/div>\r\n\t\t\t\t\t\t\t<\/li>\r\n\t\t\t\t\t\t<\/ul>\r\n\t\t\t\t\t<\/div>\r\n\t\t\t\t<\/div>\r\n\t\t\t\t\t\r\n\t\t\t\t\t\t\t\t<div class=\"col-lg- col-md-12 col-xs-1 grid-item filter_provimet \">\r\n\t\t\t\t\t<div class=\"notice-list\">\r\n\t\t\t\t\t\t<ul>\r\n\t\t\t\t\t\t\t<li class=\"single-notice\">\r\n\t\t\t\t\t\t\t\t<div class=\"single-notice-item\">\r\n\t\t\t\t\t\t\t\t\t<div class=\"notice-date\">\r\n\t\t\t\t\t\t\t\t\t\t13\t\t\t\t\t\t\t\t\t\t<span>Shk<\/span>\r\n\t\t\t\t\t\t\t\t\t<\/div>\r\n\t\t\t\t\t\t\t\t\t<div class=\"notice-content\">\r\n\t\t\t\t\t\t\t\t\t\t<p>\r\n\t\t\t\t\t\t\t\t\t\t\t\t\t\t\t\t\t\t\t\t\t\t<a href=\"https:\/\/ual-website.iqe.al\/sq\/notice\/njoftimi-i-provimit-te-fundit\/\">Njoftimi i provimit t\u00eb fundit<\/a>\r\n\t\t\t\t\t\t\t\t\t\t<\/p>\r\n\t\t\t\t\t\t\t\t\t<\/div>\r\n\t\t\t\t\t\t\t\t<\/div>\r\n\t\t\t\t\t\t\t<\/li>\r\n\t\t\t\t\t\t<\/ul>\r\n\t\t\t\t\t<\/div>\r\n\t\t\t\t<\/div>\r\n\t\t\t\t\t\r\n\t\t\t\t  \r\n\t\t<\/div>\r\n\t<\/div>\r\n\r\n\t\t\t\t\t<\/div>\n\t\t\t\t<\/div>\n\t\t\t\t\t<\/div>\n\t\t\t\t<\/div>\n\t\t\t\t<\/div>\n\t\t","protected":false},"excerpt":{"rendered":"<p>Rreth tarifave t\u00eb shkollimit Universiteti Aldent \u00ebsht\u00eb i p\u00ebrkushtuar ndaj politikave transparente dhe t\u00eb arritshme t\u00eb tarifave t\u00eb shkollimit. Tarifat e shkollimit p\u00ebrcaktohen nga programi i studimit dhe viti akademik&#8230;<\/p>\n","protected":false},"author":1,"featured_media":0,"parent":0,"menu_order":0,"comment_status":"closed","ping_status":"closed","template":"elementor_header_footer","meta":{"_acf_changed":false,"_price":"","_stock":"","_tribe_ticket_header":"","_tribe_default_ticket_provider":"","_tribe_ticket_capacity":"0","_ticket_start_date":"","_ticket_end_date":"","_tribe_ticket_show_description":"","_tribe_ticket_show_not_going":false,"_tribe_ticket_use_global_stock":"","_tribe_ticket_global_stock_level":"","_global_stock_mode":"","_global_stock_cap":"","_tribe_rsvp_for_event":"","_tribe_ticket_going_count":"","_tribe_ticket_not_going_count":"","_tribe_tickets_list":"[]","_tribe_ticket_has_attendee_info_fields":false,"footnotes":"","_tec_slr_enabled":"","_tec_slr_layout":""},"class_list":["post-21279","page","type-page","status-publish","hentry"],"acf":[],"yoast_head":"<!-- This site is optimized with the Yoast SEO Premium plugin v27.0 (Yoast SEO v27.3) - https:\/\/yoast.com\/product\/yoast-seo-premium-wordpress\/ -->\n<title>Tarifa e shkollimit - Aldent University<\/title>\n<meta name=\"robots\" content=\"noindex, follow, max-snippet:-1, max-image-preview:large, max-video-preview:-1\" \/>\n<meta property=\"og:locale\" content=\"sq_AL\" \/>\n<meta property=\"og:type\" content=\"article\" \/>\n<meta property=\"og:title\" content=\"Tarifa e shkollimit\" \/>\n<meta property=\"og:description\" content=\"Rreth tarifave t\u00eb shkollimit Universiteti Aldent \u00ebsht\u00eb i p\u00ebrkushtuar ndaj politikave transparente dhe t\u00eb arritshme t\u00eb tarifave t\u00eb shkollimit. Tarifat e shkollimit p\u00ebrcaktohen nga programi i studimit dhe viti akademik...\" \/>\n<meta property=\"og:url\" content=\"https:\/\/ual-website.iqe.al\/sq\/tarifa-e-shkollimit\/\" \/>\n<meta property=\"og:site_name\" content=\"Aldent University\" \/>\n<meta property=\"article:publisher\" content=\"https:\/\/www.facebook.com\/universitetialdent\" \/>\n<meta property=\"article:modified_time\" content=\"2026-04-04T09:37:23+00:00\" \/>\n<meta property=\"og:image\" content=\"https:\/\/ual-website.iqe.al\/wp-content\/uploads\/2024\/08\/Study-Fees.png\" \/>\n\t<meta property=\"og:image:width\" content=\"816\" \/>\n\t<meta property=\"og:image:height\" content=\"1108\" \/>\n\t<meta property=\"og:image:type\" content=\"image\/png\" \/>\n<meta name=\"twitter:card\" content=\"summary_large_image\" \/>\n<meta name=\"twitter:label1\" content=\"Est. reading time\" \/>\n\t<meta name=\"twitter:data1\" content=\"1 minut\u00eb\" \/>\n<script type=\"application\/ld+json\" class=\"yoast-schema-graph\">{\"@context\":\"https:\\\/\\\/schema.org\",\"@graph\":[{\"@type\":\"WebPage\",\"@id\":\"https:\\\/\\\/ual-website.iqe.al\\\/sq\\\/tarifa-e-shkollimit\\\/\",\"url\":\"https:\\\/\\\/ual-website.iqe.al\\\/sq\\\/tarifa-e-shkollimit\\\/\",\"name\":\"Tarifa e shkollimit - Aldent University\",\"isPartOf\":{\"@id\":\"https:\\\/\\\/ual-website.iqe.al\\\/sq\\\/#website\"},\"primaryImageOfPage\":{\"@id\":\"https:\\\/\\\/ual-website.iqe.al\\\/sq\\\/tarifa-e-shkollimit\\\/#primaryimage\"},\"image\":{\"@id\":\"https:\\\/\\\/ual-website.iqe.al\\\/sq\\\/tarifa-e-shkollimit\\\/#primaryimage\"},\"thumbnailUrl\":\"https:\\\/\\\/ual-website.iqe.al\\\/wp-content\\\/uploads\\\/2024\\\/08\\\/Study-Fees.png\",\"datePublished\":\"2026-02-01T21:20:39+00:00\",\"dateModified\":\"2026-04-04T09:37:23+00:00\",\"breadcrumb\":{\"@id\":\"https:\\\/\\\/ual-website.iqe.al\\\/sq\\\/tarifa-e-shkollimit\\\/#breadcrumb\"},\"inLanguage\":\"sq\",\"potentialAction\":[{\"@type\":\"ReadAction\",\"target\":[\"https:\\\/\\\/ual-website.iqe.al\\\/sq\\\/tarifa-e-shkollimit\\\/\"]}]},{\"@type\":\"ImageObject\",\"inLanguage\":\"sq\",\"@id\":\"https:\\\/\\\/ual-website.iqe.al\\\/sq\\\/tarifa-e-shkollimit\\\/#primaryimage\",\"url\":\"https:\\\/\\\/ual-website.iqe.al\\\/wp-content\\\/uploads\\\/2024\\\/08\\\/Study-Fees.png\",\"contentUrl\":\"https:\\\/\\\/ual-website.iqe.al\\\/wp-content\\\/uploads\\\/2024\\\/08\\\/Study-Fees.png\"},{\"@type\":\"BreadcrumbList\",\"@id\":\"https:\\\/\\\/ual-website.iqe.al\\\/sq\\\/tarifa-e-shkollimit\\\/#breadcrumb\",\"itemListElement\":[{\"@type\":\"ListItem\",\"position\":1,\"name\":\"Kreu\",\"item\":\"https:\\\/\\\/ual-website.iqe.al\\\/sq\\\/kreu\\\/\"},{\"@type\":\"ListItem\",\"position\":2,\"name\":\"Tarifa e shkollimit\"}]},{\"@type\":\"WebSite\",\"@id\":\"https:\\\/\\\/ual-website.iqe.al\\\/sq\\\/#website\",\"url\":\"https:\\\/\\\/ual-website.iqe.al\\\/sq\\\/\",\"name\":\"Aldent University\",\"description\":\"Trust the Professionals\",\"publisher\":{\"@id\":\"https:\\\/\\\/ual-website.iqe.al\\\/sq\\\/#organization\"},\"potentialAction\":[{\"@type\":\"SearchAction\",\"target\":{\"@type\":\"EntryPoint\",\"urlTemplate\":\"https:\\\/\\\/ual-website.iqe.al\\\/sq\\\/?s={search_term_string}\"},\"query-input\":{\"@type\":\"PropertyValueSpecification\",\"valueRequired\":true,\"valueName\":\"search_term_string\"}}],\"inLanguage\":\"sq\"},{\"@type\":\"Organization\",\"@id\":\"https:\\\/\\\/ual-website.iqe.al\\\/sq\\\/#organization\",\"name\":\"Universiteti Aldent\",\"alternateName\":\"UAL\",\"url\":\"https:\\\/\\\/ual-website.iqe.al\\\/sq\\\/\",\"logo\":{\"@type\":\"ImageObject\",\"inLanguage\":\"sq\",\"@id\":\"https:\\\/\\\/ual-website.iqe.al\\\/sq\\\/#\\\/schema\\\/logo\\\/image\\\/\",\"url\":\"https:\\\/\\\/ual-website.iqe.al\\\/wp-content\\\/uploads\\\/2024\\\/09\\\/cropped-ual-icon.png\",\"contentUrl\":\"https:\\\/\\\/ual-website.iqe.al\\\/wp-content\\\/uploads\\\/2024\\\/09\\\/cropped-ual-icon.png\",\"width\":512,\"height\":512,\"caption\":\"Universiteti Aldent\"},\"image\":{\"@id\":\"https:\\\/\\\/ual-website.iqe.al\\\/sq\\\/#\\\/schema\\\/logo\\\/image\\\/\"},\"sameAs\":[\"https:\\\/\\\/www.facebook.com\\\/universitetialdent\",\"https:\\\/\\\/www.instagram.com\\\/universiteti.aldent\\\/\",\"https:\\\/\\\/www.linkedin.com\\\/company\\\/aldent-university\\\/\",\"https:\\\/\\\/www.youtube.com\\\/channel\\\/UCx4IIThWkgFpYEZgw5eUzNQ\"]}]}<\/script>\n<!-- \/ Yoast SEO Premium plugin. -->","yoast_head_json":{"title":"Tarifa e shkollimit - Aldent University","robots":{"index":"noindex","follow":"follow","max-snippet":"max-snippet:-1","max-image-preview":"max-image-preview:large","max-video-preview":"max-video-preview:-1"},"og_locale":"sq_AL","og_type":"article","og_title":"Tarifa e shkollimit","og_description":"Rreth tarifave t\u00eb shkollimit Universiteti Aldent \u00ebsht\u00eb i p\u00ebrkushtuar ndaj politikave transparente dhe t\u00eb arritshme t\u00eb tarifave t\u00eb shkollimit. Tarifat e shkollimit p\u00ebrcaktohen nga programi i studimit dhe viti akademik...","og_url":"https:\/\/ual-website.iqe.al\/sq\/tarifa-e-shkollimit\/","og_site_name":"Aldent University","article_publisher":"https:\/\/www.facebook.com\/universitetialdent","article_modified_time":"2026-04-04T09:37:23+00:00","og_image":[{"width":816,"height":1108,"url":"https:\/\/ual-website.iqe.al\/wp-content\/uploads\/2024\/08\/Study-Fees.png","type":"image\/png"}],"twitter_card":"summary_large_image","twitter_misc":{"Est. reading time":"1 minut\u00eb"},"schema":{"@context":"https:\/\/schema.org","@graph":[{"@type":"WebPage","@id":"https:\/\/ual-website.iqe.al\/sq\/tarifa-e-shkollimit\/","url":"https:\/\/ual-website.iqe.al\/sq\/tarifa-e-shkollimit\/","name":"Tarifa e shkollimit - Aldent University","isPartOf":{"@id":"https:\/\/ual-website.iqe.al\/sq\/#website"},"primaryImageOfPage":{"@id":"https:\/\/ual-website.iqe.al\/sq\/tarifa-e-shkollimit\/#primaryimage"},"image":{"@id":"https:\/\/ual-website.iqe.al\/sq\/tarifa-e-shkollimit\/#primaryimage"},"thumbnailUrl":"https:\/\/ual-website.iqe.al\/wp-content\/uploads\/2024\/08\/Study-Fees.png","datePublished":"2026-02-01T21:20:39+00:00","dateModified":"2026-04-04T09:37:23+00:00","breadcrumb":{"@id":"https:\/\/ual-website.iqe.al\/sq\/tarifa-e-shkollimit\/#breadcrumb"},"inLanguage":"sq","potentialAction":[{"@type":"ReadAction","target":["https:\/\/ual-website.iqe.al\/sq\/tarifa-e-shkollimit\/"]}]},{"@type":"ImageObject","inLanguage":"sq","@id":"https:\/\/ual-website.iqe.al\/sq\/tarifa-e-shkollimit\/#primaryimage","url":"https:\/\/ual-website.iqe.al\/wp-content\/uploads\/2024\/08\/Study-Fees.png","contentUrl":"https:\/\/ual-website.iqe.al\/wp-content\/uploads\/2024\/08\/Study-Fees.png"},{"@type":"BreadcrumbList","@id":"https:\/\/ual-website.iqe.al\/sq\/tarifa-e-shkollimit\/#breadcrumb","itemListElement":[{"@type":"ListItem","position":1,"name":"Kreu","item":"https:\/\/ual-website.iqe.al\/sq\/kreu\/"},{"@type":"ListItem","position":2,"name":"Tarifa e shkollimit"}]},{"@type":"WebSite","@id":"https:\/\/ual-website.iqe.al\/sq\/#website","url":"https:\/\/ual-website.iqe.al\/sq\/","name":"Aldent University","description":"Trust the Professionals","publisher":{"@id":"https:\/\/ual-website.iqe.al\/sq\/#organization"},"potentialAction":[{"@type":"SearchAction","target":{"@type":"EntryPoint","urlTemplate":"https:\/\/ual-website.iqe.al\/sq\/?s={search_term_string}"},"query-input":{"@type":"PropertyValueSpecification","valueRequired":true,"valueName":"search_term_string"}}],"inLanguage":"sq"},{"@type":"Organization","@id":"https:\/\/ual-website.iqe.al\/sq\/#organization","name":"Universiteti Aldent","alternateName":"UAL","url":"https:\/\/ual-website.iqe.al\/sq\/","logo":{"@type":"ImageObject","inLanguage":"sq","@id":"https:\/\/ual-website.iqe.al\/sq\/#\/schema\/logo\/image\/","url":"https:\/\/ual-website.iqe.al\/wp-content\/uploads\/2024\/09\/cropped-ual-icon.png","contentUrl":"https:\/\/ual-website.iqe.al\/wp-content\/uploads\/2024\/09\/cropped-ual-icon.png","width":512,"height":512,"caption":"Universiteti Aldent"},"image":{"@id":"https:\/\/ual-website.iqe.al\/sq\/#\/schema\/logo\/image\/"},"sameAs":["https:\/\/www.facebook.com\/universitetialdent","https:\/\/www.instagram.com\/universiteti.aldent\/","https:\/\/www.linkedin.com\/company\/aldent-university\/","https:\/\/www.youtube.com\/channel\/UCx4IIThWkgFpYEZgw5eUzNQ"]}]}},"ticketed":false,"_links":{"self":[{"href":"https:\/\/ual-website.iqe.al\/sq\/wp-json\/wp\/v2\/pages\/21279","targetHints":{"allow":["GET"]}}],"collection":[{"href":"https:\/\/ual-website.iqe.al\/sq\/wp-json\/wp\/v2\/pages"}],"about":[{"href":"https:\/\/ual-website.iqe.al\/sq\/wp-json\/wp\/v2\/types\/page"}],"author":[{"embeddable":true,"href":"https:\/\/ual-website.iqe.al\/sq\/wp-json\/wp\/v2\/users\/1"}],"replies":[{"embeddable":true,"href":"https:\/\/ual-website.iqe.al\/sq\/wp-json\/wp\/v2\/comments?post=21279"}],"version-history":[{"count":20,"href":"https:\/\/ual-website.iqe.al\/sq\/wp-json\/wp\/v2\/pages\/21279\/revisions"}],"predecessor-version":[{"id":23105,"href":"https:\/\/ual-website.iqe.al\/sq\/wp-json\/wp\/v2\/pages\/21279\/revisions\/23105"}],"wp:attachment":[{"href":"https:\/\/ual-website.iqe.al\/sq\/wp-json\/wp\/v2\/media?parent=21279"}],"curies":[{"name":"wp","href":"https:\/\/api.w.org\/{rel}","templated":true}]}}