{"id":21303,"date":"2026-02-06T21:13:04","date_gmt":"2026-02-06T20:13:04","guid":{"rendered":"https:\/\/ual-website.iqe.al\/standardet-e-sigurise-se-pacientit\/"},"modified":"2026-03-12T21:20:55","modified_gmt":"2026-03-12T20:20:55","slug":"standardet-e-sigurise-se-pacientit","status":"publish","type":"page","link":"https:\/\/ual-website.iqe.al\/sq\/standardet-e-sigurise-se-pacientit\/","title":{"rendered":"Standardet e Siguris\u00eb s\u00eb Pacientit"},"content":{"rendered":"\t\t<div data-elementor-type=\"wp-page\" data-elementor-id=\"21303\" class=\"elementor elementor-21303 elementor-17240\" data-elementor-post-type=\"page\">\n\t\t\t\t<div class=\"elementor-element elementor-element-a89d76d e-flex e-con-boxed rt-default-class e-con e-parent\" data-id=\"a89d76d\" data-element_type=\"container\" data-e-type=\"container\">\n\t\t\t\t\t<div class=\"e-con-inner\">\n\t\t<div class=\"elementor-element elementor-element-dc8037e e-con-full e-flex rt-default-class e-con e-child\" data-id=\"dc8037e\" data-element_type=\"container\" data-e-type=\"container\">\n\t\t\t\t<div class=\"elementor-element elementor-element-0919acf elementor-widget__width-initial elementor-widget-mobile__width-inherit rt-default-class elementor-widget elementor-widget-heading\" data-id=\"0919acf\" data-element_type=\"widget\" data-e-type=\"widget\" data-widget_type=\"heading.default\">\n\t\t\t\t\t<h2 class=\"elementor-heading-title elementor-size-default\">Protokollet dhe standardet<\/h2>\t\t\t\t<\/div>\n\t\t\t\t<div class=\"elementor-element elementor-element-e675b86 rt-default-class elementor-widget elementor-widget-heading\" data-id=\"e675b86\" data-element_type=\"widget\" data-e-type=\"widget\" data-widget_type=\"heading.default\">\n\t\t\t\t\t<p class=\"elementor-heading-title elementor-size-default\">N\u00eb Universitetin Aldent, protokollet dhe standardet n\u00eb sh\u00ebndet\u00ebsi jan\u00eb thelb\u00ebsore p\u00ebr praktik\u00ebn e sigurt, efektive dhe etike. Ne promovojm\u00eb p\u00ebrdorimin e vazhduesh\u00ebm t\u00eb udh\u00ebzimeve klinike t\u00eb bazuara n\u00eb prova, procedurave t\u00eb standardizuara dhe kornizave t\u00eb sigurimit t\u00eb cil\u00ebsis\u00eb q\u00eb mb\u00ebshtesin diagnoz\u00ebn e sakt\u00eb, trajtimin e duhur, parandalimin e infeksioneve, sigurin\u00eb e pacientit dhe llogaridh\u00ebnien profesionale. P\u00ebrmes m\u00ebsimdh\u00ebnies, simulimit dhe trajnimit klinik, student\u00ebt dhe stafi m\u00ebsojn\u00eb t\u00eb zbatojn\u00eb protokollet n\u00eb m\u00ebnyr\u00eb korrekte, t\u00eb dokumentojn\u00eb kujdesin n\u00eb m\u00ebnyr\u00eb t\u00eb p\u00ebrshtatshme dhe t\u00eb p\u00ebrmir\u00ebsojn\u00eb vazhdimisht performanc\u00ebn n\u00eb p\u00ebrputhje me rregulloret komb\u00ebtare dhe standardet e njohura nd\u00ebrkomb\u00ebtarisht.  <\/p>\t\t\t\t<\/div>\n\t\t\t\t<div class=\"elementor-element elementor-element-d8fb9f6 rt-default-class elementor-widget elementor-widget-heading\" data-id=\"d8fb9f6\" data-element_type=\"widget\" data-e-type=\"widget\" data-widget_type=\"heading.default\">\n\t\t\t\t\t<p class=\"elementor-heading-title elementor-size-default\">Protokollet dhe standardet udh\u00ebzojn\u00eb praktik\u00ebn e sigurt, efektive dhe etike. Ne i p\u00ebrgatisim student\u00ebt dhe stafin p\u00ebr t\u00eb zbatuar udh\u00ebzime t\u00eb bazuara n\u00eb prova, SOP dhe korniza cil\u00ebsie\/sigurie n\u00eb t\u00eb gjitha mjediset klinike dhe laboratorike. \n\nStomatologjia: kontrolli i infeksioneve, sterilizimi, protokollet e trajtimit, siguria nga rrezatimi, etika dhe dokumentacioni i sakt\u00eb klinik.\n\nFarmaci: siguria e ila\u00e7eve, praktika e mir\u00eb farmaceutike, farmakovigjilenca, administrimi i antibiotik\u00ebve, sigurimi i cil\u00ebsis\u00eb dhe etika profesionale.\n\nShkencat Mjek\u00ebsore: rrug\u00ebt klinike, siguria e pacientit, kontrolli i infeksioneve, qeverisja etike dhe dokumentimi i qart\u00eb dhe puna n\u00eb grup.\n\nUAL siguron zbatimin p\u00ebrmes simulimit dhe trajnimit t\u00eb bazuar n\u00eb praktik\u00eb, vendosjeve t\u00eb strukturuara klinike, si dhe vler\u00ebsimit t\u00eb standardizuar dhe p\u00ebrmir\u00ebsimit t\u00eb vazhduesh\u00ebm t\u00eb cil\u00ebsis\u00eb.<\/p>\t\t\t\t<\/div>\n\t\t\t\t<\/div>\n\t\t<div class=\"elementor-element elementor-element-a04683a e-con-full e-flex rt-default-class e-con e-child\" data-id=\"a04683a\" data-element_type=\"container\" data-e-type=\"container\">\n\t\t\t\t<div class=\"elementor-element elementor-element-9e6f7e7 elementor-widget-mobile__width-inherit rt-default-class elementor-widget elementor-widget-image\" data-id=\"9e6f7e7\" data-element_type=\"widget\" data-e-type=\"widget\" data-widget_type=\"image.default\">\n\t\t\t\t\t\t\t\t\t\t\t\t\t\t\t<img fetchpriority=\"high\" decoding=\"async\" width=\"640\" height=\"800\" src=\"https:\/\/ual-website.iqe.al\/wp-content\/uploads\/2026\/02\/581114674_18332385718230918_7864306949200269727_n-819x1024.jpg\" class=\"attachment-large size-large wp-image-21304\" alt=\"\" srcset=\"https:\/\/ual-website.iqe.al\/wp-content\/uploads\/2026\/02\/581114674_18332385718230918_7864306949200269727_n-819x1024.jpg 819w, https:\/\/ual-website.iqe.al\/wp-content\/uploads\/2026\/02\/581114674_18332385718230918_7864306949200269727_n-240x300.jpg 240w, https:\/\/ual-website.iqe.al\/wp-content\/uploads\/2026\/02\/581114674_18332385718230918_7864306949200269727_n-768x960.jpg 768w, https:\/\/ual-website.iqe.al\/wp-content\/uploads\/2026\/02\/581114674_18332385718230918_7864306949200269727_n-1229x1536.jpg 1229w, https:\/\/ual-website.iqe.al\/wp-content\/uploads\/2026\/02\/581114674_18332385718230918_7864306949200269727_n.jpg 1440w\" sizes=\"(max-width: 640px) 100vw, 640px\" \/>\t\t\t\t\t\t\t\t\t\t\t\t\t\t\t<\/div>\n\t\t\t\t<\/div>\n\t\t\t\t\t<\/div>\n\t\t\t\t<\/div>\n\t\t<div class=\"elementor-element elementor-element-60e3b89 e-flex e-con-boxed rt-default-class e-con e-parent\" data-id=\"60e3b89\" data-element_type=\"container\" data-e-type=\"container\">\n\t\t\t\t\t<div class=\"e-con-inner\">\n\t\t\t\t<div class=\"elementor-element elementor-element-290b9cf elementor-widget__width-initial rt-default-class elementor-widget elementor-widget-heading\" data-id=\"290b9cf\" data-element_type=\"widget\" data-e-type=\"widget\" data-widget_type=\"heading.default\">\n\t\t\t\t\t<h2 class=\"elementor-heading-title elementor-size-default\">Etika dhe Komunikimi<\/h2>\t\t\t\t<\/div>\n\t\t\t\t\t<\/div>\n\t\t\t\t<\/div>\n\t\t<div class=\"elementor-element elementor-element-9478ecd e-flex e-con-boxed rt-default-class e-con e-parent\" data-id=\"9478ecd\" data-element_type=\"container\" data-e-type=\"container\">\n\t\t\t\t\t<div class=\"e-con-inner\">\n\t\t\t\t<div class=\"elementor-element elementor-element-0566f34 rt-default-class elementor-widget elementor-widget-text-editor\" data-id=\"0566f34\" data-element_type=\"widget\" data-e-type=\"widget\" data-widget_type=\"text-editor.default\">\n\t\t\t\t\t\t\t\t\t<p>S\u00cb SHPEJTI&#8230;<\/p>\t\t\t\t\t\t\t\t<\/div>\n\t\t\t\t<div class=\"elementor-element elementor-element-f94b6b2 rt-default-class elementor-widget elementor-widget-heading\" data-id=\"f94b6b2\" data-element_type=\"widget\" data-e-type=\"widget\" data-widget_type=\"heading.default\">\n\t\t\t\t\t<h2 class=\"elementor-heading-title elementor-size-default\">Keni nevoj\u00eb p\u00ebr ndihm\u00eb? Na kontaktoni! <\/h2>\t\t\t\t<\/div>\n\t\t\t\t<div class=\"elementor-element elementor-element-d638861 elementor-button-align-stretch rt-default-class elementor-widget elementor-widget-form\" data-id=\"d638861\" data-element_type=\"widget\" data-e-type=\"widget\" data-settings=\"{&quot;step_next_label&quot;:&quot;Tjetra&quot;,&quot;step_previous_label&quot;:&quot;M\\u00ebparshme&quot;,&quot;button_width&quot;:&quot;100&quot;,&quot;step_type&quot;:&quot;number_text&quot;,&quot;step_icon_shape&quot;:&quot;circle&quot;}\" data-widget_type=\"form.default\">\n\t\t\t\t\t\t\t<form class=\"elementor-form\" method=\"post\" name=\"Formular i Ri\" aria-label=\"Formular i Ri\">\n\t\t\t<input type=\"hidden\" name=\"post_id\" value=\"21303\"\/>\n\t\t\t<input type=\"hidden\" name=\"form_id\" value=\"d638861\"\/>\n\t\t\t<input type=\"hidden\" name=\"referer_title\" value=\"Standardet e Siguris\u00eb s\u00eb Pacientit - Aldent University\" \/>\n\n\t\t\t\t\t\t\t<input type=\"hidden\" name=\"queried_id\" value=\"21303\"\/>\n\t\t\t\n\t\t\t<div class=\"elementor-form-fields-wrapper elementor-labels-above\">\n\t\t\t\t\t\t\t\t<div class=\"elementor-field-type-text elementor-field-group elementor-column elementor-field-group-name elementor-col-100\">\n\t\t\t\t\t\t\t\t\t\t\t\t<label for=\"form-field-name\" class=\"elementor-field-label\">\n\t\t\t\t\t\t\t\tEmri\t\t\t\t\t\t\t<\/label>\n\t\t\t\t\t\t\t\t\t\t\t\t\t\t<input size=\"1\" type=\"text\" name=\"form_fields[name]\" id=\"form-field-name\" class=\"elementor-field elementor-size-sm  elementor-field-textual\" placeholder=\"Emri\">\n\t\t\t\t\t\t\t\t\t\t\t<\/div>\n\t\t\t\t\t\t\t\t<div class=\"elementor-field-type-email elementor-field-group elementor-column elementor-field-group-email elementor-col-100 elementor-field-required\">\n\t\t\t\t\t\t\t\t\t\t\t\t<label for=\"form-field-email\" class=\"elementor-field-label\">\n\t\t\t\t\t\t\t\tEmail\t\t\t\t\t\t\t<\/label>\n\t\t\t\t\t\t\t\t\t\t\t\t\t\t<input size=\"1\" type=\"email\" name=\"form_fields[email]\" id=\"form-field-email\" class=\"elementor-field elementor-size-sm  elementor-field-textual\" placeholder=\"Email\" required=\"required\">\n\t\t\t\t\t\t\t\t\t\t\t<\/div>\n\t\t\t\t\t\t\t\t<div class=\"elementor-field-type-textarea elementor-field-group elementor-column elementor-field-group-message elementor-col-100\">\n\t\t\t\t\t\t\t\t\t\t\t\t<label for=\"form-field-message\" class=\"elementor-field-label\">\n\t\t\t\t\t\t\t\tMesazh\t\t\t\t\t\t\t<\/label>\n\t\t\t\t\t\t<textarea class=\"elementor-field-textual elementor-field  elementor-size-sm\" name=\"form_fields[message]\" id=\"form-field-message\" rows=\"4\" placeholder=\"Mesazh\"><\/textarea>\t\t\t\t<\/div>\n\t\t\t\t\t\t\t\t<div class=\"elementor-field-group elementor-column elementor-field-type-submit elementor-col-100 e-form__buttons\">\n\t\t\t\t\t<button class=\"elementor-button elementor-size-sm\" type=\"submit\">\n\t\t\t\t\t\t<span class=\"elementor-button-content-wrapper\">\n\t\t\t\t\t\t\t\t\t\t\t\t\t\t\t\t\t\t\t\t\t\t<span class=\"elementor-button-text\">D\u00ebrgo<\/span>\n\t\t\t\t\t\t\t\t\t\t\t\t\t<\/span>\n\t\t\t\t\t<\/button>\n\t\t\t\t<\/div>\n\t\t\t<\/div>\n\t\t<\/form>\n\t\t\t\t\t\t<\/div>\n\t\t\t\t\t<\/div>\n\t\t\t\t<\/div>\n\t\t\t\t<\/div>\n\t\t","protected":false},"excerpt":{"rendered":"<p>Protokollet dhe standardet N\u00eb Universitetin Aldent, protokollet dhe standardet n\u00eb sh\u00ebndet\u00ebsi jan\u00eb thelb\u00ebsore p\u00ebr praktik\u00ebn e sigurt, efektive dhe etike. Ne promovojm\u00eb p\u00ebrdorimin e vazhduesh\u00ebm t\u00eb udh\u00ebzimeve klinike t\u00eb bazuara&#8230;<\/p>\n","protected":false},"author":1,"featured_media":0,"parent":0,"menu_order":0,"comment_status":"closed","ping_status":"closed","template":"elementor_header_footer","meta":{"_acf_changed":false,"_price":"","_stock":"","_tribe_ticket_header":"","_tribe_default_ticket_provider":"","_tribe_ticket_capacity":"0","_ticket_start_date":"","_ticket_end_date":"","_tribe_ticket_show_description":"","_tribe_ticket_show_not_going":false,"_tribe_ticket_use_global_stock":"","_tribe_ticket_global_stock_level":"","_global_stock_mode":"","_global_stock_cap":"","_tribe_rsvp_for_event":"","_tribe_ticket_going_count":"","_tribe_ticket_not_going_count":"","_tribe_tickets_list":"[]","_tribe_ticket_has_attendee_info_fields":false,"footnotes":"","_tec_slr_enabled":"","_tec_slr_layout":""},"class_list":["post-21303","page","type-page","status-publish","hentry"],"acf":[],"yoast_head":"<!-- This site is optimized with the Yoast SEO Premium plugin v27.0 (Yoast SEO v27.3) - https:\/\/yoast.com\/product\/yoast-seo-premium-wordpress\/ -->\n<title>Standardet e Siguris\u00eb s\u00eb Pacientit - Aldent University<\/title>\n<meta name=\"robots\" content=\"noindex, follow, max-snippet:-1, max-image-preview:large, max-video-preview:-1\" \/>\n<meta property=\"og:locale\" content=\"sq_AL\" \/>\n<meta property=\"og:type\" content=\"article\" \/>\n<meta property=\"og:title\" content=\"Standardet e Siguris\u00eb s\u00eb Pacientit\" \/>\n<meta property=\"og:description\" content=\"Protokollet dhe standardet N\u00eb Universitetin Aldent, protokollet dhe standardet n\u00eb sh\u00ebndet\u00ebsi jan\u00eb thelb\u00ebsore p\u00ebr praktik\u00ebn e sigurt, efektive dhe etike. Ne promovojm\u00eb p\u00ebrdorimin e vazhduesh\u00ebm t\u00eb udh\u00ebzimeve klinike t\u00eb bazuara...\" \/>\n<meta property=\"og:url\" content=\"https:\/\/ual-website.iqe.al\/sq\/standardet-e-sigurise-se-pacientit\/\" \/>\n<meta property=\"og:site_name\" content=\"Aldent University\" \/>\n<meta property=\"article:publisher\" content=\"https:\/\/www.facebook.com\/universitetialdent\" \/>\n<meta property=\"article:modified_time\" content=\"2026-03-12T20:20:55+00:00\" \/>\n<meta property=\"og:image\" content=\"https:\/\/ual-website.iqe.al\/wp-content\/uploads\/2026\/02\/581114674_18332385718230918_7864306949200269727_n.jpg\" \/>\n\t<meta property=\"og:image:width\" content=\"1440\" \/>\n\t<meta property=\"og:image:height\" content=\"1800\" \/>\n\t<meta property=\"og:image:type\" content=\"image\/jpeg\" \/>\n<meta name=\"twitter:card\" content=\"summary_large_image\" \/>\n<meta name=\"twitter:label1\" content=\"Est. reading time\" \/>\n\t<meta name=\"twitter:data1\" content=\"1 minut\u00eb\" \/>\n<script type=\"application\/ld+json\" class=\"yoast-schema-graph\">{\"@context\":\"https:\\\/\\\/schema.org\",\"@graph\":[{\"@type\":\"WebPage\",\"@id\":\"https:\\\/\\\/ual-website.iqe.al\\\/sq\\\/standardet-e-sigurise-se-pacientit\\\/\",\"url\":\"https:\\\/\\\/ual-website.iqe.al\\\/sq\\\/standardet-e-sigurise-se-pacientit\\\/\",\"name\":\"Standardet e Siguris\u00eb s\u00eb Pacientit - Aldent University\",\"isPartOf\":{\"@id\":\"https:\\\/\\\/ual-website.iqe.al\\\/sq\\\/#website\"},\"primaryImageOfPage\":{\"@id\":\"https:\\\/\\\/ual-website.iqe.al\\\/sq\\\/standardet-e-sigurise-se-pacientit\\\/#primaryimage\"},\"image\":{\"@id\":\"https:\\\/\\\/ual-website.iqe.al\\\/sq\\\/standardet-e-sigurise-se-pacientit\\\/#primaryimage\"},\"thumbnailUrl\":\"https:\\\/\\\/ual-website.iqe.al\\\/wp-content\\\/uploads\\\/2026\\\/02\\\/581114674_18332385718230918_7864306949200269727_n-819x1024.jpg\",\"datePublished\":\"2026-02-06T20:13:04+00:00\",\"dateModified\":\"2026-03-12T20:20:55+00:00\",\"breadcrumb\":{\"@id\":\"https:\\\/\\\/ual-website.iqe.al\\\/sq\\\/standardet-e-sigurise-se-pacientit\\\/#breadcrumb\"},\"inLanguage\":\"sq\",\"potentialAction\":[{\"@type\":\"ReadAction\",\"target\":[\"https:\\\/\\\/ual-website.iqe.al\\\/sq\\\/standardet-e-sigurise-se-pacientit\\\/\"]}]},{\"@type\":\"ImageObject\",\"inLanguage\":\"sq\",\"@id\":\"https:\\\/\\\/ual-website.iqe.al\\\/sq\\\/standardet-e-sigurise-se-pacientit\\\/#primaryimage\",\"url\":\"https:\\\/\\\/ual-website.iqe.al\\\/wp-content\\\/uploads\\\/2026\\\/02\\\/581114674_18332385718230918_7864306949200269727_n-819x1024.jpg\",\"contentUrl\":\"https:\\\/\\\/ual-website.iqe.al\\\/wp-content\\\/uploads\\\/2026\\\/02\\\/581114674_18332385718230918_7864306949200269727_n-819x1024.jpg\"},{\"@type\":\"BreadcrumbList\",\"@id\":\"https:\\\/\\\/ual-website.iqe.al\\\/sq\\\/standardet-e-sigurise-se-pacientit\\\/#breadcrumb\",\"itemListElement\":[{\"@type\":\"ListItem\",\"position\":1,\"name\":\"Kreu\",\"item\":\"https:\\\/\\\/ual-website.iqe.al\\\/sq\\\/kreu\\\/\"},{\"@type\":\"ListItem\",\"position\":2,\"name\":\"Standardet e Siguris\u00eb s\u00eb Pacientit\"}]},{\"@type\":\"WebSite\",\"@id\":\"https:\\\/\\\/ual-website.iqe.al\\\/sq\\\/#website\",\"url\":\"https:\\\/\\\/ual-website.iqe.al\\\/sq\\\/\",\"name\":\"Aldent University\",\"description\":\"Trust the Professionals\",\"publisher\":{\"@id\":\"https:\\\/\\\/ual-website.iqe.al\\\/sq\\\/#organization\"},\"potentialAction\":[{\"@type\":\"SearchAction\",\"target\":{\"@type\":\"EntryPoint\",\"urlTemplate\":\"https:\\\/\\\/ual-website.iqe.al\\\/sq\\\/?s={search_term_string}\"},\"query-input\":{\"@type\":\"PropertyValueSpecification\",\"valueRequired\":true,\"valueName\":\"search_term_string\"}}],\"inLanguage\":\"sq\"},{\"@type\":\"Organization\",\"@id\":\"https:\\\/\\\/ual-website.iqe.al\\\/sq\\\/#organization\",\"name\":\"Universiteti Aldent\",\"alternateName\":\"UAL\",\"url\":\"https:\\\/\\\/ual-website.iqe.al\\\/sq\\\/\",\"logo\":{\"@type\":\"ImageObject\",\"inLanguage\":\"sq\",\"@id\":\"https:\\\/\\\/ual-website.iqe.al\\\/sq\\\/#\\\/schema\\\/logo\\\/image\\\/\",\"url\":\"https:\\\/\\\/ual-website.iqe.al\\\/wp-content\\\/uploads\\\/2024\\\/09\\\/cropped-ual-icon.png\",\"contentUrl\":\"https:\\\/\\\/ual-website.iqe.al\\\/wp-content\\\/uploads\\\/2024\\\/09\\\/cropped-ual-icon.png\",\"width\":512,\"height\":512,\"caption\":\"Universiteti Aldent\"},\"image\":{\"@id\":\"https:\\\/\\\/ual-website.iqe.al\\\/sq\\\/#\\\/schema\\\/logo\\\/image\\\/\"},\"sameAs\":[\"https:\\\/\\\/www.facebook.com\\\/universitetialdent\",\"https:\\\/\\\/www.instagram.com\\\/universiteti.aldent\\\/\",\"https:\\\/\\\/www.linkedin.com\\\/company\\\/aldent-university\\\/\",\"https:\\\/\\\/www.youtube.com\\\/channel\\\/UCx4IIThWkgFpYEZgw5eUzNQ\"]}]}<\/script>\n<!-- \/ Yoast SEO Premium plugin. -->","yoast_head_json":{"title":"Standardet e Siguris\u00eb s\u00eb Pacientit - Aldent University","robots":{"index":"noindex","follow":"follow","max-snippet":"max-snippet:-1","max-image-preview":"max-image-preview:large","max-video-preview":"max-video-preview:-1"},"og_locale":"sq_AL","og_type":"article","og_title":"Standardet e Siguris\u00eb s\u00eb Pacientit","og_description":"Protokollet dhe standardet N\u00eb Universitetin Aldent, protokollet dhe standardet n\u00eb sh\u00ebndet\u00ebsi jan\u00eb thelb\u00ebsore p\u00ebr praktik\u00ebn e sigurt, efektive dhe etike. Ne promovojm\u00eb p\u00ebrdorimin e vazhduesh\u00ebm t\u00eb udh\u00ebzimeve klinike t\u00eb bazuara...","og_url":"https:\/\/ual-website.iqe.al\/sq\/standardet-e-sigurise-se-pacientit\/","og_site_name":"Aldent University","article_publisher":"https:\/\/www.facebook.com\/universitetialdent","article_modified_time":"2026-03-12T20:20:55+00:00","og_image":[{"width":1440,"height":1800,"url":"https:\/\/ual-website.iqe.al\/wp-content\/uploads\/2026\/02\/581114674_18332385718230918_7864306949200269727_n.jpg","type":"image\/jpeg"}],"twitter_card":"summary_large_image","twitter_misc":{"Est. reading time":"1 minut\u00eb"},"schema":{"@context":"https:\/\/schema.org","@graph":[{"@type":"WebPage","@id":"https:\/\/ual-website.iqe.al\/sq\/standardet-e-sigurise-se-pacientit\/","url":"https:\/\/ual-website.iqe.al\/sq\/standardet-e-sigurise-se-pacientit\/","name":"Standardet e Siguris\u00eb s\u00eb Pacientit - Aldent University","isPartOf":{"@id":"https:\/\/ual-website.iqe.al\/sq\/#website"},"primaryImageOfPage":{"@id":"https:\/\/ual-website.iqe.al\/sq\/standardet-e-sigurise-se-pacientit\/#primaryimage"},"image":{"@id":"https:\/\/ual-website.iqe.al\/sq\/standardet-e-sigurise-se-pacientit\/#primaryimage"},"thumbnailUrl":"https:\/\/ual-website.iqe.al\/wp-content\/uploads\/2026\/02\/581114674_18332385718230918_7864306949200269727_n-819x1024.jpg","datePublished":"2026-02-06T20:13:04+00:00","dateModified":"2026-03-12T20:20:55+00:00","breadcrumb":{"@id":"https:\/\/ual-website.iqe.al\/sq\/standardet-e-sigurise-se-pacientit\/#breadcrumb"},"inLanguage":"sq","potentialAction":[{"@type":"ReadAction","target":["https:\/\/ual-website.iqe.al\/sq\/standardet-e-sigurise-se-pacientit\/"]}]},{"@type":"ImageObject","inLanguage":"sq","@id":"https:\/\/ual-website.iqe.al\/sq\/standardet-e-sigurise-se-pacientit\/#primaryimage","url":"https:\/\/ual-website.iqe.al\/wp-content\/uploads\/2026\/02\/581114674_18332385718230918_7864306949200269727_n-819x1024.jpg","contentUrl":"https:\/\/ual-website.iqe.al\/wp-content\/uploads\/2026\/02\/581114674_18332385718230918_7864306949200269727_n-819x1024.jpg"},{"@type":"BreadcrumbList","@id":"https:\/\/ual-website.iqe.al\/sq\/standardet-e-sigurise-se-pacientit\/#breadcrumb","itemListElement":[{"@type":"ListItem","position":1,"name":"Kreu","item":"https:\/\/ual-website.iqe.al\/sq\/kreu\/"},{"@type":"ListItem","position":2,"name":"Standardet e Siguris\u00eb s\u00eb Pacientit"}]},{"@type":"WebSite","@id":"https:\/\/ual-website.iqe.al\/sq\/#website","url":"https:\/\/ual-website.iqe.al\/sq\/","name":"Aldent University","description":"Trust the Professionals","publisher":{"@id":"https:\/\/ual-website.iqe.al\/sq\/#organization"},"potentialAction":[{"@type":"SearchAction","target":{"@type":"EntryPoint","urlTemplate":"https:\/\/ual-website.iqe.al\/sq\/?s={search_term_string}"},"query-input":{"@type":"PropertyValueSpecification","valueRequired":true,"valueName":"search_term_string"}}],"inLanguage":"sq"},{"@type":"Organization","@id":"https:\/\/ual-website.iqe.al\/sq\/#organization","name":"Universiteti Aldent","alternateName":"UAL","url":"https:\/\/ual-website.iqe.al\/sq\/","logo":{"@type":"ImageObject","inLanguage":"sq","@id":"https:\/\/ual-website.iqe.al\/sq\/#\/schema\/logo\/image\/","url":"https:\/\/ual-website.iqe.al\/wp-content\/uploads\/2024\/09\/cropped-ual-icon.png","contentUrl":"https:\/\/ual-website.iqe.al\/wp-content\/uploads\/2024\/09\/cropped-ual-icon.png","width":512,"height":512,"caption":"Universiteti Aldent"},"image":{"@id":"https:\/\/ual-website.iqe.al\/sq\/#\/schema\/logo\/image\/"},"sameAs":["https:\/\/www.facebook.com\/universitetialdent","https:\/\/www.instagram.com\/universiteti.aldent\/","https:\/\/www.linkedin.com\/company\/aldent-university\/","https:\/\/www.youtube.com\/channel\/UCx4IIThWkgFpYEZgw5eUzNQ"]}]}},"ticketed":false,"_links":{"self":[{"href":"https:\/\/ual-website.iqe.al\/sq\/wp-json\/wp\/v2\/pages\/21303","targetHints":{"allow":["GET"]}}],"collection":[{"href":"https:\/\/ual-website.iqe.al\/sq\/wp-json\/wp\/v2\/pages"}],"about":[{"href":"https:\/\/ual-website.iqe.al\/sq\/wp-json\/wp\/v2\/types\/page"}],"author":[{"embeddable":true,"href":"https:\/\/ual-website.iqe.al\/sq\/wp-json\/wp\/v2\/users\/1"}],"replies":[{"embeddable":true,"href":"https:\/\/ual-website.iqe.al\/sq\/wp-json\/wp\/v2\/comments?post=21303"}],"version-history":[{"count":1,"href":"https:\/\/ual-website.iqe.al\/sq\/wp-json\/wp\/v2\/pages\/21303\/revisions"}],"predecessor-version":[{"id":21307,"href":"https:\/\/ual-website.iqe.al\/sq\/wp-json\/wp\/v2\/pages\/21303\/revisions\/21307"}],"wp:attachment":[{"href":"https:\/\/ual-website.iqe.al\/sq\/wp-json\/wp\/v2\/media?parent=21303"}],"curies":[{"name":"wp","href":"https:\/\/api.w.org\/{rel}","templated":true}]}}