{"id":21882,"date":"2026-01-20T13:45:17","date_gmt":"2026-01-20T12:45:17","guid":{"rendered":"https:\/\/ual-website.iqe.al\/programe-masteri\/"},"modified":"2026-03-12T21:24:51","modified_gmt":"2026-03-12T20:24:51","slug":"programe-masteri","status":"publish","type":"page","link":"https:\/\/ual-website.iqe.al\/sq\/programe-masteri\/","title":{"rendered":"Programe Masteri"},"content":{"rendered":"\t\t<div data-elementor-type=\"wp-page\" data-elementor-id=\"21882\" class=\"elementor elementor-21882 elementor-15438\" data-elementor-post-type=\"page\">\n\t\t\t\t<div class=\"elementor-element elementor-element-768ff97 e-flex e-con-boxed rt-default-class e-con e-parent\" data-id=\"768ff97\" data-element_type=\"container\" data-e-type=\"container\">\n\t\t\t\t\t<div class=\"e-con-inner\">\n\t\t\t\t<div class=\"elementor-element elementor-element-98344cd rt-default-class elementor-widget elementor-widget-heading\" data-id=\"98344cd\" data-element_type=\"widget\" data-e-type=\"widget\" data-widget_type=\"heading.default\">\n\t\t\t\t\t<h2 class=\"elementor-heading-title elementor-size-default\">Eksploroni Programet tona Master!<\/h2>\t\t\t\t<\/div>\n\t\t\t\t<div class=\"elementor-element elementor-element-b32730a rt-default-class elementor-widget elementor-widget-text-editor\" data-id=\"b32730a\" data-element_type=\"widget\" data-e-type=\"widget\" data-widget_type=\"text-editor.default\">\n\t\t\t\t\t\t\t\t\t<p data-start=\"50\" data-end=\"460\">Programet master n\u00eb Universitetin Aldent ofrojn\u00eb nj\u00eb baz\u00eb t\u00eb fort\u00eb n\u00eb shkencat e sh\u00ebndetit p\u00ebrmes nj\u00eb kombinimi t\u00eb ekuilibruar t\u00eb t\u00eb nx\u00ebnit teorik, pun\u00ebs laboratorike dhe praktik\u00ebs klinike t\u00eb mbik\u00ebqyrur. T\u00eb hartuara n\u00eb p\u00ebrputhje me k\u00ebrkesat komb\u00ebtare dhe standardet profesionale, diplomat tona bachelor zhvillojn\u00eb kompetenca thelb\u00ebsore n\u00eb kujdesin ndaj pacientit, sigurin\u00eb, etik\u00ebn, komunikimin dhe praktik\u00ebn e bazuar n\u00eb prova. N\u00eb \u00e7do program, student\u00ebt p\u00ebrfitojn\u00eb nga stafi akademik me p\u00ebrvoj\u00eb, metodat moderne t\u00eb m\u00ebsimdh\u00ebnies dhe partneritetet me institucionet e kujdesit sh\u00ebndet\u00ebsor q\u00eb mb\u00ebshtesin trajnimin n\u00eb bot\u00ebn reale. T\u00eb diplomuarit jan\u00eb t\u00eb p\u00ebrgatitur p\u00ebr pun\u00ebsim profesional, specializim t\u00eb vazhduesh\u00ebm dhe t\u00eb nx\u00ebnit gjat\u00eb gjith\u00eb jet\u00ebs, t\u00eb pajisur me njohurit\u00eb dhe aft\u00ebsit\u00eb praktike t\u00eb nevojshme p\u00ebr t\u00eb kontribuar n\u00eb m\u00ebnyr\u00eb efektive n\u00eb sistemin e kujdesit sh\u00ebndet\u00ebsor n\u00eb Shqip\u00ebri dhe m\u00eb gjer\u00eb.   <\/p>\t\t\t\t\t\t\t\t<\/div>\n\t\t\t\t\t<\/div>\n\t\t\t\t<\/div>\n\t\t<div class=\"elementor-element elementor-element-da2e521 e-flex e-con-boxed rt-default-class e-con e-parent\" data-id=\"da2e521\" data-element_type=\"container\" data-e-type=\"container\">\n\t\t\t\t\t<div class=\"e-con-inner\">\n\t\t\t\t<div class=\"elementor-element elementor-element-d1cb516 rt-default-class elementor-widget elementor-widget-rt-program\" data-id=\"d1cb516\" data-element_type=\"widget\" data-e-type=\"widget\" data-widget_type=\"rt-program.default\">\n\t\t\t\t<div class=\"elementor-widget-container\">\n\t\t\t\t\t\r\n\r\n<div class=\"program-list row\">                          \r\n                <div class=\"col-lg-3 col-md-4 col-sm-6\">\r\n                <div class=\"single-cat-item\">\r\n                    <div class=\"cat-thumb\">\r\n                        <img decoding=\"async\" width=\"80\" height=\"80\" src=\"https:\/\/ual-website.iqe.al\/wp-content\/uploads\/2026\/02\/DSC01669-80x80.jpg\" class=\"attachment-unipix-footer-blog size-unipix-footer-blog wp-post-image\" alt=\"\" srcset=\"https:\/\/ual-website.iqe.al\/wp-content\/uploads\/2026\/02\/DSC01669-80x80.jpg 80w, https:\/\/ual-website.iqe.al\/wp-content\/uploads\/2026\/02\/DSC01669-150x150.jpg 150w, https:\/\/ual-website.iqe.al\/wp-content\/uploads\/2026\/02\/DSC01669-280x280.jpg 280w\" sizes=\"(max-width: 80px) 100vw, 80px\" \/>                        <a href=\"https:\/\/ual-website.iqe.al\/sq\/rt-program\/master-i-shkencave-ne-stomatologji\/\" class=\"cat-link-btn\">Departamenti i Stomatologjis\u00ebFakulteti i Shkencave DentareMaster<\/a>\r\n                    <\/div>\r\n                    <div class=\"cat-meta\">\r\n                        <div class=\"cat-title\">\r\n                            <a href=\"https:\/\/ual-website.iqe.al\/sq\/rt-program\/master-i-shkencave-ne-stomatologji\/\">Master i Shkencave n\u00eb &#8220;Stomatologji&#8221;<\/a>\r\n                        <\/div>\r\n                        <div class=\"cat-link\">\r\n                            <a href=\"https:\/\/ual-website.iqe.al\/sq\/rt-program\/master-i-shkencave-ne-stomatologji\/\" class=\"cat-link-arrow\"><i class=\"rt-arrow-right\"><\/i><\/a>\r\n                        <\/div>\r\n                    <\/div>\r\n\r\n                <\/div>\r\n            <\/div>\r\n\r\n                        <div class=\"col-lg-3 col-md-4 col-sm-6\">\r\n                <div class=\"single-cat-item\">\r\n                    <div class=\"cat-thumb\">\r\n                        <img decoding=\"async\" width=\"80\" height=\"80\" src=\"https:\/\/ual-website.iqe.al\/wp-content\/uploads\/2026\/02\/DSC01083-80x80.jpg\" class=\"attachment-unipix-footer-blog size-unipix-footer-blog wp-post-image\" alt=\"Laboratori i Farmacis\u00eb\" srcset=\"https:\/\/ual-website.iqe.al\/wp-content\/uploads\/2026\/02\/DSC01083-80x80.jpg 80w, https:\/\/ual-website.iqe.al\/wp-content\/uploads\/2026\/02\/DSC01083-150x150.jpg 150w, https:\/\/ual-website.iqe.al\/wp-content\/uploads\/2026\/02\/DSC01083-280x280.jpg 280w\" sizes=\"(max-width: 80px) 100vw, 80px\" \/>                        <a href=\"https:\/\/ual-website.iqe.al\/sq\/rt-program\/master-i-shkencave-ne-farmaci\/\" class=\"cat-link-btn\">Departamenti i Farmacis\u00ebFakulteti i Shkencave Mjek\u00ebsoreMaster<\/a>\r\n                    <\/div>\r\n                    <div class=\"cat-meta\">\r\n                        <div class=\"cat-title\">\r\n                            <a href=\"https:\/\/ual-website.iqe.al\/sq\/rt-program\/master-i-shkencave-ne-farmaci\/\">Master i Shkencave n\u00eb \u201cFarmaci\u201d<\/a>\r\n                        <\/div>\r\n                        <div class=\"cat-link\">\r\n                            <a href=\"https:\/\/ual-website.iqe.al\/sq\/rt-program\/master-i-shkencave-ne-farmaci\/\" class=\"cat-link-arrow\"><i class=\"rt-arrow-right\"><\/i><\/a>\r\n                        <\/div>\r\n                    <\/div>\r\n\r\n                <\/div>\r\n            <\/div>\r\n\r\n                        <div class=\"col-lg-3 col-md-4 col-sm-6\">\r\n                <div class=\"single-cat-item\">\r\n                    <div class=\"cat-thumb\">\r\n                        <img decoding=\"async\" width=\"80\" height=\"80\" src=\"https:\/\/ual-website.iqe.al\/wp-content\/uploads\/2026\/02\/Screenshot_14-80x80.png\" class=\"attachment-unipix-footer-blog size-unipix-footer-blog wp-post-image\" alt=\"\" srcset=\"https:\/\/ual-website.iqe.al\/wp-content\/uploads\/2026\/02\/Screenshot_14-80x80.png 80w, https:\/\/ual-website.iqe.al\/wp-content\/uploads\/2026\/02\/Screenshot_14-150x150.png 150w, https:\/\/ual-website.iqe.al\/wp-content\/uploads\/2026\/02\/Screenshot_14-280x280.png 280w\" sizes=\"(max-width: 80px) 100vw, 80px\" \/>                        <a href=\"https:\/\/ual-website.iqe.al\/sq\/rt-program\/master-i-shkencave-ne-infermieri-klinike\/\" class=\"cat-link-btn\">Departamenti i Infermieris\u00eb dhe Fizioterapis\u00ebFakulteti i Shkencave Mjek\u00ebsore TeknikeMaster<\/a>\r\n                    <\/div>\r\n                    <div class=\"cat-meta\">\r\n                        <div class=\"cat-title\">\r\n                            <a href=\"https:\/\/ual-website.iqe.al\/sq\/rt-program\/master-i-shkencave-ne-infermieri-klinike\/\">Master i Shkencave n\u00eb Infermieri Klinike<\/a>\r\n                        <\/div>\r\n                        <div class=\"cat-link\">\r\n                            <a href=\"https:\/\/ual-website.iqe.al\/sq\/rt-program\/master-i-shkencave-ne-infermieri-klinike\/\" class=\"cat-link-arrow\"><i class=\"rt-arrow-right\"><\/i><\/a>\r\n                        <\/div>\r\n                    <\/div>\r\n\r\n                <\/div>\r\n            <\/div>\r\n\r\n                        <div class=\"col-lg-3 col-md-4 col-sm-6\">\r\n                <div class=\"single-cat-item\">\r\n                    <div class=\"cat-thumb\">\r\n                        <img loading=\"lazy\" decoding=\"async\" width=\"80\" height=\"80\" src=\"https:\/\/ual-website.iqe.al\/wp-content\/uploads\/2026\/02\/FRAME-ALDENT_1.35.1-80x80.jpg\" class=\"attachment-unipix-footer-blog size-unipix-footer-blog wp-post-image\" alt=\"\" srcset=\"https:\/\/ual-website.iqe.al\/wp-content\/uploads\/2026\/02\/FRAME-ALDENT_1.35.1-80x80.jpg 80w, https:\/\/ual-website.iqe.al\/wp-content\/uploads\/2026\/02\/FRAME-ALDENT_1.35.1-150x150.jpg 150w, https:\/\/ual-website.iqe.al\/wp-content\/uploads\/2026\/02\/FRAME-ALDENT_1.35.1-280x280.jpg 280w\" sizes=\"(max-width: 80px) 100vw, 80px\" \/>                        <a href=\"https:\/\/ual-website.iqe.al\/sq\/rt-program\/master-i-shkencave-ne-teknik-i-laboratorit-mjekesor\/\" class=\"cat-link-btn\">Master<\/a>\r\n                    <\/div>\r\n                    <div class=\"cat-meta\">\r\n                        <div class=\"cat-title\">\r\n                            <a href=\"https:\/\/ual-website.iqe.al\/sq\/rt-program\/master-i-shkencave-ne-teknik-i-laboratorit-mjekesor\/\">Master i Shkencave n\u00eb \u201cTeknik i Laboratorit Mjek\u00ebsor\u201d<\/a>\r\n                        <\/div>\r\n                        <div class=\"cat-link\">\r\n                            <a href=\"https:\/\/ual-website.iqe.al\/sq\/rt-program\/master-i-shkencave-ne-teknik-i-laboratorit-mjekesor\/\" class=\"cat-link-arrow\"><i class=\"rt-arrow-right\"><\/i><\/a>\r\n                        <\/div>\r\n                    <\/div>\r\n\r\n                <\/div>\r\n            <\/div>\r\n\r\n                        <div class=\"col-lg-3 col-md-4 col-sm-6\">\r\n                <div class=\"single-cat-item\">\r\n                    <div class=\"cat-thumb\">\r\n                        <img loading=\"lazy\" decoding=\"async\" width=\"80\" height=\"80\" src=\"https:\/\/ual-website.iqe.al\/wp-content\/uploads\/2026\/02\/495522262_18309826483230918_547501596925018999_n-80x80.jpg\" class=\"attachment-unipix-footer-blog size-unipix-footer-blog wp-post-image\" alt=\"\" srcset=\"https:\/\/ual-website.iqe.al\/wp-content\/uploads\/2026\/02\/495522262_18309826483230918_547501596925018999_n-80x80.jpg 80w, https:\/\/ual-website.iqe.al\/wp-content\/uploads\/2026\/02\/495522262_18309826483230918_547501596925018999_n-150x150.jpg 150w, https:\/\/ual-website.iqe.al\/wp-content\/uploads\/2026\/02\/495522262_18309826483230918_547501596925018999_n-280x280.jpg 280w\" sizes=\"(max-width: 80px) 100vw, 80px\" \/>                        <a href=\"https:\/\/ual-website.iqe.al\/sq\/rt-program\/master-i-shkencave-ne-fizioterapi\/\" class=\"cat-link-btn\">Departamenti i Infermieris\u00eb dhe Fizioterapis\u00ebFakulteti i Shkencave Mjek\u00ebsore TeknikeMaster<\/a>\r\n                    <\/div>\r\n                    <div class=\"cat-meta\">\r\n                        <div class=\"cat-title\">\r\n                            <a href=\"https:\/\/ual-website.iqe.al\/sq\/rt-program\/master-i-shkencave-ne-fizioterapi\/\">Master i Shkencave n\u00eb \u201cFizioterapi\u201d<\/a>\r\n                        <\/div>\r\n                        <div class=\"cat-link\">\r\n                            <a href=\"https:\/\/ual-website.iqe.al\/sq\/rt-program\/master-i-shkencave-ne-fizioterapi\/\" class=\"cat-link-arrow\"><i class=\"rt-arrow-right\"><\/i><\/a>\r\n                        <\/div>\r\n                    <\/div>\r\n\r\n                <\/div>\r\n            <\/div>\r\n\r\n                \r\n<\/div>\t\t\t\t<\/div>\n\t\t\t\t<\/div>\n\t\t\t\t\t<\/div>\n\t\t\t\t<\/div>\n\t\t\t\t<\/div>\n\t\t","protected":false},"excerpt":{"rendered":"<p>Eksploroni Programet tona Master! Programet master n\u00eb Universitetin Aldent ofrojn\u00eb nj\u00eb baz\u00eb t\u00eb fort\u00eb n\u00eb shkencat e sh\u00ebndetit p\u00ebrmes nj\u00eb kombinimi t\u00eb ekuilibruar t\u00eb t\u00eb nx\u00ebnit teorik, pun\u00ebs laboratorike dhe&#8230;<\/p>\n","protected":false},"author":2,"featured_media":20385,"parent":0,"menu_order":0,"comment_status":"closed","ping_status":"closed","template":"","meta":{"_acf_changed":false,"_price":"","_stock":"","_tribe_ticket_header":"","_tribe_default_ticket_provider":"","_tribe_ticket_capacity":"0","_ticket_start_date":"","_ticket_end_date":"","_tribe_ticket_show_description":"","_tribe_ticket_show_not_going":false,"_tribe_ticket_use_global_stock":"","_tribe_ticket_global_stock_level":"","_global_stock_mode":"","_global_stock_cap":"","_tribe_rsvp_for_event":"","_tribe_ticket_going_count":"","_tribe_ticket_not_going_count":"","_tribe_tickets_list":"[]","_tribe_ticket_has_attendee_info_fields":false,"footnotes":"","_tec_slr_enabled":"","_tec_slr_layout":""},"class_list":["post-21882","page","type-page","status-publish","has-post-thumbnail","hentry"],"acf":[],"yoast_head":"<!-- This site is optimized with the Yoast SEO Premium plugin v27.0 (Yoast SEO v27.3) - https:\/\/yoast.com\/product\/yoast-seo-premium-wordpress\/ -->\n<title>Programe Masteri - Aldent University<\/title>\n<meta name=\"robots\" content=\"noindex, follow, max-snippet:-1, max-image-preview:large, max-video-preview:-1\" \/>\n<meta property=\"og:locale\" content=\"sq_AL\" \/>\n<meta property=\"og:type\" content=\"article\" \/>\n<meta property=\"og:title\" content=\"Programe Masteri\" \/>\n<meta property=\"og:description\" content=\"Eksploroni Programet tona Master! Programet master n\u00eb Universitetin Aldent ofrojn\u00eb nj\u00eb baz\u00eb t\u00eb fort\u00eb n\u00eb shkencat e sh\u00ebndetit p\u00ebrmes nj\u00eb kombinimi t\u00eb ekuilibruar t\u00eb t\u00eb nx\u00ebnit teorik, pun\u00ebs laboratorike dhe...\" \/>\n<meta property=\"og:url\" content=\"https:\/\/ual-website.iqe.al\/sq\/programe-masteri\/\" \/>\n<meta property=\"og:site_name\" content=\"Aldent University\" \/>\n<meta property=\"article:publisher\" content=\"https:\/\/www.facebook.com\/universitetialdent\" \/>\n<meta property=\"article:modified_time\" content=\"2026-03-12T20:24:51+00:00\" \/>\n<meta property=\"og:image\" content=\"https:\/\/ual-website.iqe.al\/wp-content\/uploads\/2026\/01\/social-share.jpg\" \/>\n\t<meta property=\"og:image:width\" content=\"1830\" \/>\n\t<meta property=\"og:image:height\" content=\"778\" \/>\n\t<meta property=\"og:image:type\" content=\"image\/jpeg\" \/>\n<meta name=\"twitter:card\" content=\"summary_large_image\" \/>\n<meta name=\"twitter:label1\" content=\"Est. reading time\" \/>\n\t<meta name=\"twitter:data1\" content=\"1 minut\u00eb\" \/>\n<script type=\"application\/ld+json\" class=\"yoast-schema-graph\">{\"@context\":\"https:\\\/\\\/schema.org\",\"@graph\":[{\"@type\":\"WebPage\",\"@id\":\"https:\\\/\\\/ual-website.iqe.al\\\/sq\\\/programe-masteri\\\/\",\"url\":\"https:\\\/\\\/ual-website.iqe.al\\\/sq\\\/programe-masteri\\\/\",\"name\":\"Programe Masteri - Aldent University\",\"isPartOf\":{\"@id\":\"https:\\\/\\\/ual-website.iqe.al\\\/sq\\\/#website\"},\"primaryImageOfPage\":{\"@id\":\"https:\\\/\\\/ual-website.iqe.al\\\/sq\\\/programe-masteri\\\/#primaryimage\"},\"image\":{\"@id\":\"https:\\\/\\\/ual-website.iqe.al\\\/sq\\\/programe-masteri\\\/#primaryimage\"},\"thumbnailUrl\":\"https:\\\/\\\/ual-website.iqe.al\\\/wp-content\\\/uploads\\\/2026\\\/01\\\/social-share.jpg\",\"datePublished\":\"2026-01-20T12:45:17+00:00\",\"dateModified\":\"2026-03-12T20:24:51+00:00\",\"breadcrumb\":{\"@id\":\"https:\\\/\\\/ual-website.iqe.al\\\/sq\\\/programe-masteri\\\/#breadcrumb\"},\"inLanguage\":\"sq\",\"potentialAction\":[{\"@type\":\"ReadAction\",\"target\":[\"https:\\\/\\\/ual-website.iqe.al\\\/sq\\\/programe-masteri\\\/\"]}]},{\"@type\":\"ImageObject\",\"inLanguage\":\"sq\",\"@id\":\"https:\\\/\\\/ual-website.iqe.al\\\/sq\\\/programe-masteri\\\/#primaryimage\",\"url\":\"https:\\\/\\\/ual-website.iqe.al\\\/wp-content\\\/uploads\\\/2026\\\/01\\\/social-share.jpg\",\"contentUrl\":\"https:\\\/\\\/ual-website.iqe.al\\\/wp-content\\\/uploads\\\/2026\\\/01\\\/social-share.jpg\",\"width\":1830,\"height\":778,\"caption\":\"Universiteti Aldent! Besoni te profesionist\u00ebt!\"},{\"@type\":\"BreadcrumbList\",\"@id\":\"https:\\\/\\\/ual-website.iqe.al\\\/sq\\\/programe-masteri\\\/#breadcrumb\",\"itemListElement\":[{\"@type\":\"ListItem\",\"position\":1,\"name\":\"Kreu\",\"item\":\"https:\\\/\\\/ual-website.iqe.al\\\/sq\\\/kreu\\\/\"},{\"@type\":\"ListItem\",\"position\":2,\"name\":\"Programe Masteri\"}]},{\"@type\":\"WebSite\",\"@id\":\"https:\\\/\\\/ual-website.iqe.al\\\/sq\\\/#website\",\"url\":\"https:\\\/\\\/ual-website.iqe.al\\\/sq\\\/\",\"name\":\"Aldent University\",\"description\":\"Trust the Professionals\",\"publisher\":{\"@id\":\"https:\\\/\\\/ual-website.iqe.al\\\/sq\\\/#organization\"},\"potentialAction\":[{\"@type\":\"SearchAction\",\"target\":{\"@type\":\"EntryPoint\",\"urlTemplate\":\"https:\\\/\\\/ual-website.iqe.al\\\/sq\\\/?s={search_term_string}\"},\"query-input\":{\"@type\":\"PropertyValueSpecification\",\"valueRequired\":true,\"valueName\":\"search_term_string\"}}],\"inLanguage\":\"sq\"},{\"@type\":\"Organization\",\"@id\":\"https:\\\/\\\/ual-website.iqe.al\\\/sq\\\/#organization\",\"name\":\"Universiteti Aldent\",\"alternateName\":\"UAL\",\"url\":\"https:\\\/\\\/ual-website.iqe.al\\\/sq\\\/\",\"logo\":{\"@type\":\"ImageObject\",\"inLanguage\":\"sq\",\"@id\":\"https:\\\/\\\/ual-website.iqe.al\\\/sq\\\/#\\\/schema\\\/logo\\\/image\\\/\",\"url\":\"https:\\\/\\\/ual-website.iqe.al\\\/wp-content\\\/uploads\\\/2024\\\/09\\\/cropped-ual-icon.png\",\"contentUrl\":\"https:\\\/\\\/ual-website.iqe.al\\\/wp-content\\\/uploads\\\/2024\\\/09\\\/cropped-ual-icon.png\",\"width\":512,\"height\":512,\"caption\":\"Universiteti Aldent\"},\"image\":{\"@id\":\"https:\\\/\\\/ual-website.iqe.al\\\/sq\\\/#\\\/schema\\\/logo\\\/image\\\/\"},\"sameAs\":[\"https:\\\/\\\/www.facebook.com\\\/universitetialdent\",\"https:\\\/\\\/www.instagram.com\\\/universiteti.aldent\\\/\",\"https:\\\/\\\/www.linkedin.com\\\/company\\\/aldent-university\\\/\",\"https:\\\/\\\/www.youtube.com\\\/channel\\\/UCx4IIThWkgFpYEZgw5eUzNQ\"]}]}<\/script>\n<!-- \/ Yoast SEO Premium plugin. -->","yoast_head_json":{"title":"Programe Masteri - Aldent University","robots":{"index":"noindex","follow":"follow","max-snippet":"max-snippet:-1","max-image-preview":"max-image-preview:large","max-video-preview":"max-video-preview:-1"},"og_locale":"sq_AL","og_type":"article","og_title":"Programe Masteri","og_description":"Eksploroni Programet tona Master! Programet master n\u00eb Universitetin Aldent ofrojn\u00eb nj\u00eb baz\u00eb t\u00eb fort\u00eb n\u00eb shkencat e sh\u00ebndetit p\u00ebrmes nj\u00eb kombinimi t\u00eb ekuilibruar t\u00eb t\u00eb nx\u00ebnit teorik, pun\u00ebs laboratorike dhe...","og_url":"https:\/\/ual-website.iqe.al\/sq\/programe-masteri\/","og_site_name":"Aldent University","article_publisher":"https:\/\/www.facebook.com\/universitetialdent","article_modified_time":"2026-03-12T20:24:51+00:00","og_image":[{"width":1830,"height":778,"url":"https:\/\/ual-website.iqe.al\/wp-content\/uploads\/2026\/01\/social-share.jpg","type":"image\/jpeg"}],"twitter_card":"summary_large_image","twitter_misc":{"Est. reading time":"1 minut\u00eb"},"schema":{"@context":"https:\/\/schema.org","@graph":[{"@type":"WebPage","@id":"https:\/\/ual-website.iqe.al\/sq\/programe-masteri\/","url":"https:\/\/ual-website.iqe.al\/sq\/programe-masteri\/","name":"Programe Masteri - Aldent University","isPartOf":{"@id":"https:\/\/ual-website.iqe.al\/sq\/#website"},"primaryImageOfPage":{"@id":"https:\/\/ual-website.iqe.al\/sq\/programe-masteri\/#primaryimage"},"image":{"@id":"https:\/\/ual-website.iqe.al\/sq\/programe-masteri\/#primaryimage"},"thumbnailUrl":"https:\/\/ual-website.iqe.al\/wp-content\/uploads\/2026\/01\/social-share.jpg","datePublished":"2026-01-20T12:45:17+00:00","dateModified":"2026-03-12T20:24:51+00:00","breadcrumb":{"@id":"https:\/\/ual-website.iqe.al\/sq\/programe-masteri\/#breadcrumb"},"inLanguage":"sq","potentialAction":[{"@type":"ReadAction","target":["https:\/\/ual-website.iqe.al\/sq\/programe-masteri\/"]}]},{"@type":"ImageObject","inLanguage":"sq","@id":"https:\/\/ual-website.iqe.al\/sq\/programe-masteri\/#primaryimage","url":"https:\/\/ual-website.iqe.al\/wp-content\/uploads\/2026\/01\/social-share.jpg","contentUrl":"https:\/\/ual-website.iqe.al\/wp-content\/uploads\/2026\/01\/social-share.jpg","width":1830,"height":778,"caption":"Universiteti Aldent! Besoni te profesionist\u00ebt!"},{"@type":"BreadcrumbList","@id":"https:\/\/ual-website.iqe.al\/sq\/programe-masteri\/#breadcrumb","itemListElement":[{"@type":"ListItem","position":1,"name":"Kreu","item":"https:\/\/ual-website.iqe.al\/sq\/kreu\/"},{"@type":"ListItem","position":2,"name":"Programe Masteri"}]},{"@type":"WebSite","@id":"https:\/\/ual-website.iqe.al\/sq\/#website","url":"https:\/\/ual-website.iqe.al\/sq\/","name":"Aldent University","description":"Trust the Professionals","publisher":{"@id":"https:\/\/ual-website.iqe.al\/sq\/#organization"},"potentialAction":[{"@type":"SearchAction","target":{"@type":"EntryPoint","urlTemplate":"https:\/\/ual-website.iqe.al\/sq\/?s={search_term_string}"},"query-input":{"@type":"PropertyValueSpecification","valueRequired":true,"valueName":"search_term_string"}}],"inLanguage":"sq"},{"@type":"Organization","@id":"https:\/\/ual-website.iqe.al\/sq\/#organization","name":"Universiteti Aldent","alternateName":"UAL","url":"https:\/\/ual-website.iqe.al\/sq\/","logo":{"@type":"ImageObject","inLanguage":"sq","@id":"https:\/\/ual-website.iqe.al\/sq\/#\/schema\/logo\/image\/","url":"https:\/\/ual-website.iqe.al\/wp-content\/uploads\/2024\/09\/cropped-ual-icon.png","contentUrl":"https:\/\/ual-website.iqe.al\/wp-content\/uploads\/2024\/09\/cropped-ual-icon.png","width":512,"height":512,"caption":"Universiteti Aldent"},"image":{"@id":"https:\/\/ual-website.iqe.al\/sq\/#\/schema\/logo\/image\/"},"sameAs":["https:\/\/www.facebook.com\/universitetialdent","https:\/\/www.instagram.com\/universiteti.aldent\/","https:\/\/www.linkedin.com\/company\/aldent-university\/","https:\/\/www.youtube.com\/channel\/UCx4IIThWkgFpYEZgw5eUzNQ"]}]}},"ticketed":false,"_links":{"self":[{"href":"https:\/\/ual-website.iqe.al\/sq\/wp-json\/wp\/v2\/pages\/21882","targetHints":{"allow":["GET"]}}],"collection":[{"href":"https:\/\/ual-website.iqe.al\/sq\/wp-json\/wp\/v2\/pages"}],"about":[{"href":"https:\/\/ual-website.iqe.al\/sq\/wp-json\/wp\/v2\/types\/page"}],"author":[{"embeddable":true,"href":"https:\/\/ual-website.iqe.al\/sq\/wp-json\/wp\/v2\/users\/2"}],"replies":[{"embeddable":true,"href":"https:\/\/ual-website.iqe.al\/sq\/wp-json\/wp\/v2\/comments?post=21882"}],"version-history":[{"count":1,"href":"https:\/\/ual-website.iqe.al\/sq\/wp-json\/wp\/v2\/pages\/21882\/revisions"}],"predecessor-version":[{"id":21883,"href":"https:\/\/ual-website.iqe.al\/sq\/wp-json\/wp\/v2\/pages\/21882\/revisions\/21883"}],"wp:featuredmedia":[{"embeddable":true,"href":"https:\/\/ual-website.iqe.al\/sq\/wp-json\/wp\/v2\/media\/20385"}],"wp:attachment":[{"href":"https:\/\/ual-website.iqe.al\/sq\/wp-json\/wp\/v2\/media?parent=21882"}],"curies":[{"name":"wp","href":"https:\/\/api.w.org\/{rel}","templated":true}]}}