{"id":21884,"date":"2026-01-20T13:44:39","date_gmt":"2026-01-20T12:44:39","guid":{"rendered":"https:\/\/ual-website.iqe.al\/programe-bachelor\/"},"modified":"2026-03-12T21:25:02","modified_gmt":"2026-03-12T20:25:02","slug":"programe-bachelor","status":"publish","type":"page","link":"https:\/\/ual-website.iqe.al\/sq\/programe-bachelor\/","title":{"rendered":"Programe Bachelor"},"content":{"rendered":"\t\t<div data-elementor-type=\"wp-page\" data-elementor-id=\"21884\" class=\"elementor elementor-21884 elementor-15436\" data-elementor-post-type=\"page\">\n\t\t\t\t<div class=\"elementor-element elementor-element-29894cc e-flex e-con-boxed rt-default-class e-con e-parent\" data-id=\"29894cc\" data-element_type=\"container\" data-e-type=\"container\">\n\t\t\t\t\t<div class=\"e-con-inner\">\n\t\t\t\t<div class=\"elementor-element elementor-element-d77f0bb rt-default-class elementor-widget elementor-widget-heading\" data-id=\"d77f0bb\" data-element_type=\"widget\" data-e-type=\"widget\" data-widget_type=\"heading.default\">\n\t\t\t\t\t<h2 class=\"elementor-heading-title elementor-size-default\">Eksploroni Programet tona Bachelor!<\/h2>\t\t\t\t<\/div>\n\t\t\t\t\t<\/div>\n\t\t\t\t<\/div>\n\t\t<div class=\"elementor-element elementor-element-dd54942 e-flex e-con-boxed rt-default-class e-con e-parent\" data-id=\"dd54942\" data-element_type=\"container\" data-e-type=\"container\">\n\t\t\t\t\t<div class=\"e-con-inner\">\n\t\t\t\t<div class=\"elementor-element elementor-element-4d0b677 rt-default-class elementor-widget elementor-widget-text-editor\" data-id=\"4d0b677\" data-element_type=\"widget\" data-e-type=\"widget\" data-widget_type=\"text-editor.default\">\n\t\t\t\t\t\t\t\t\t<p data-start=\"50\" data-end=\"460\">Programet Bachelor n\u00eb Universitetin Aldent ofrojn\u00eb nj\u00eb baz\u00eb t\u00eb fort\u00eb n\u00eb shkencat sh\u00ebndet\u00ebsore p\u00ebrmes nj\u00eb kombinimi t\u00eb ekuilibruar t\u00eb t\u00eb nx\u00ebnit teorik, pun\u00ebs laboratorike dhe praktik\u00ebs klinike t\u00eb mbik\u00ebqyrur. T\u00eb hartuara n\u00eb p\u00ebrputhje me k\u00ebrkesat komb\u00ebtare dhe standardet profesionale, diplomat tona bachelor zhvillojn\u00eb kompetenca thelb\u00ebsore n\u00eb kujdesin ndaj pacientit, sigurin\u00eb, etik\u00ebn, komunikimin dhe praktik\u00ebn e bazuar n\u00eb prova. N\u00eb secilin program, student\u00ebt p\u00ebrfitojn\u00eb nga stafi akademik me p\u00ebrvoj\u00eb, metodat moderne t\u00eb m\u00ebsimdh\u00ebnies dhe partneritetet me institucionet e kujdesit sh\u00ebndet\u00ebsor q\u00eb mb\u00ebshtesin trajnimin n\u00eb bot\u00ebn reale. T\u00eb diplomuarit jan\u00eb t\u00eb p\u00ebrgatitur p\u00ebr pun\u00ebsim profesional, specializim t\u00eb vazhduesh\u00ebm dhe t\u00eb nx\u00ebnit gjat\u00eb gjith\u00eb jet\u00ebs, t\u00eb pajisur me njohurit\u00eb dhe aft\u00ebsit\u00eb praktike t\u00eb nevojshme p\u00ebr t\u00eb kontribuar n\u00eb m\u00ebnyr\u00eb efektive n\u00eb sistemin e kujdesit sh\u00ebndet\u00ebsor n\u00eb Shqip\u00ebri dhe m\u00eb gjer\u00eb.<\/p>\t\t\t\t\t\t\t\t<\/div>\n\t\t\t\t\t<\/div>\n\t\t\t\t<\/div>\n\t\t<div class=\"elementor-element elementor-element-34d1417 e-flex e-con-boxed rt-default-class e-con e-parent\" data-id=\"34d1417\" data-element_type=\"container\" data-e-type=\"container\">\n\t\t\t\t\t<div class=\"e-con-inner\">\n\t\t\t\t<div class=\"elementor-element elementor-element-1b5a97c rt-default-class elementor-widget elementor-widget-rt-program\" data-id=\"1b5a97c\" data-element_type=\"widget\" data-e-type=\"widget\" data-widget_type=\"rt-program.default\">\n\t\t\t\t<div class=\"elementor-widget-container\">\n\t\t\t\t\t\r\n\r\n<div class=\"program-list\">                          \r\n            \r\n            <a href=\"https:\/\/ual-website.iqe.al\/sq\/rt-program\/teknik-i-imazherise-mjekesore-dhe-radioterapise\/\" class=\"program-item\">Teknik i Imazheris\u00eb Mjek\u00ebsore dhe Radioterapis\u00eb<span>\r\n                                    <span><i aria-hidden=\"true\" class=\"rt rt-arrow-right-regular\"><\/i><\/span>\r\n                    \r\n            <\/a>\r\n\r\n                    \r\n            <a href=\"https:\/\/ual-website.iqe.al\/sq\/rt-program\/teknik-i-laboratorit-mjekesor\/\" class=\"program-item\">Teknik i Laboratorit Mjek\u00ebsor<span>\r\n                                    <span><i aria-hidden=\"true\" class=\"rt rt-arrow-right-regular\"><\/i><\/span>\r\n                    \r\n            <\/a>\r\n\r\n                    \r\n            <a href=\"https:\/\/ual-website.iqe.al\/sq\/rt-program\/infermieri\/\" class=\"program-item\">Infermieri<span>\r\n                                    <span><i aria-hidden=\"true\" class=\"rt rt-arrow-right-regular\"><\/i><\/span>\r\n                    \r\n            <\/a>\r\n\r\n                    \r\n            <a href=\"https:\/\/ual-website.iqe.al\/sq\/rt-program\/teknik-laboratori-dentar\/\" class=\"program-item\">Teknik Laboratori Dentar<span>\r\n                                    <span><i aria-hidden=\"true\" class=\"rt rt-arrow-right-regular\"><\/i><\/span>\r\n                    \r\n            <\/a>\r\n\r\n                    \r\n            <a href=\"https:\/\/ual-website.iqe.al\/sq\/rt-program\/bachelor-ne-fizioterapi\/\" class=\"program-item\">Bachelor n\u00eb Fizioterapi<span>\r\n                                    <span><i aria-hidden=\"true\" class=\"rt rt-arrow-right-regular\"><\/i><\/span>\r\n                    \r\n            <\/a>\r\n\r\n                \r\n<\/div>\t\t\t\t<\/div>\n\t\t\t\t<\/div>\n\t\t\t\t\t<\/div>\n\t\t\t\t<\/div>\n\t\t\t\t<\/div>\n\t\t","protected":false},"excerpt":{"rendered":"<p>Eksploroni Programet tona Bachelor! Programet Bachelor n\u00eb Universitetin Aldent ofrojn\u00eb nj\u00eb baz\u00eb t\u00eb fort\u00eb n\u00eb shkencat sh\u00ebndet\u00ebsore p\u00ebrmes nj\u00eb kombinimi t\u00eb ekuilibruar t\u00eb t\u00eb nx\u00ebnit teorik, pun\u00ebs laboratorike dhe praktik\u00ebs&#8230;<\/p>\n","protected":false},"author":2,"featured_media":20385,"parent":0,"menu_order":0,"comment_status":"closed","ping_status":"closed","template":"","meta":{"_acf_changed":false,"_price":"","_stock":"","_tribe_ticket_header":"","_tribe_default_ticket_provider":"","_tribe_ticket_capacity":"0","_ticket_start_date":"","_ticket_end_date":"","_tribe_ticket_show_description":"","_tribe_ticket_show_not_going":false,"_tribe_ticket_use_global_stock":"","_tribe_ticket_global_stock_level":"","_global_stock_mode":"","_global_stock_cap":"","_tribe_rsvp_for_event":"","_tribe_ticket_going_count":"","_tribe_ticket_not_going_count":"","_tribe_tickets_list":"[]","_tribe_ticket_has_attendee_info_fields":false,"footnotes":"","_tec_slr_enabled":"","_tec_slr_layout":""},"class_list":["post-21884","page","type-page","status-publish","has-post-thumbnail","hentry"],"acf":[],"yoast_head":"<!-- This site is optimized with the Yoast SEO Premium plugin v27.0 (Yoast SEO v27.3) - https:\/\/yoast.com\/product\/yoast-seo-premium-wordpress\/ -->\n<title>Programe Bachelor - Aldent University<\/title>\n<meta name=\"robots\" content=\"noindex, follow, max-snippet:-1, max-image-preview:large, max-video-preview:-1\" \/>\n<meta property=\"og:locale\" content=\"sq_AL\" \/>\n<meta property=\"og:type\" content=\"article\" \/>\n<meta property=\"og:title\" content=\"Programe Bachelor\" \/>\n<meta property=\"og:description\" content=\"Eksploroni Programet tona Bachelor! Programet Bachelor n\u00eb Universitetin Aldent ofrojn\u00eb nj\u00eb baz\u00eb t\u00eb fort\u00eb n\u00eb shkencat sh\u00ebndet\u00ebsore p\u00ebrmes nj\u00eb kombinimi t\u00eb ekuilibruar t\u00eb t\u00eb nx\u00ebnit teorik, pun\u00ebs laboratorike dhe praktik\u00ebs...\" \/>\n<meta property=\"og:url\" content=\"https:\/\/ual-website.iqe.al\/sq\/programe-bachelor\/\" \/>\n<meta property=\"og:site_name\" content=\"Aldent University\" \/>\n<meta property=\"article:publisher\" content=\"https:\/\/www.facebook.com\/universitetialdent\" \/>\n<meta property=\"article:modified_time\" content=\"2026-03-12T20:25:02+00:00\" \/>\n<meta property=\"og:image\" content=\"https:\/\/ual-website.iqe.al\/wp-content\/uploads\/2026\/01\/social-share.jpg\" \/>\n\t<meta property=\"og:image:width\" content=\"1830\" \/>\n\t<meta property=\"og:image:height\" content=\"778\" \/>\n\t<meta property=\"og:image:type\" content=\"image\/jpeg\" \/>\n<meta name=\"twitter:card\" content=\"summary_large_image\" \/>\n<meta name=\"twitter:label1\" content=\"Est. reading time\" \/>\n\t<meta name=\"twitter:data1\" content=\"1 minut\u00eb\" \/>\n<script type=\"application\/ld+json\" class=\"yoast-schema-graph\">{\"@context\":\"https:\\\/\\\/schema.org\",\"@graph\":[{\"@type\":\"WebPage\",\"@id\":\"https:\\\/\\\/ual-website.iqe.al\\\/sq\\\/programe-bachelor\\\/\",\"url\":\"https:\\\/\\\/ual-website.iqe.al\\\/sq\\\/programe-bachelor\\\/\",\"name\":\"Programe Bachelor - Aldent University\",\"isPartOf\":{\"@id\":\"https:\\\/\\\/ual-website.iqe.al\\\/sq\\\/#website\"},\"primaryImageOfPage\":{\"@id\":\"https:\\\/\\\/ual-website.iqe.al\\\/sq\\\/programe-bachelor\\\/#primaryimage\"},\"image\":{\"@id\":\"https:\\\/\\\/ual-website.iqe.al\\\/sq\\\/programe-bachelor\\\/#primaryimage\"},\"thumbnailUrl\":\"https:\\\/\\\/ual-website.iqe.al\\\/wp-content\\\/uploads\\\/2026\\\/01\\\/social-share.jpg\",\"datePublished\":\"2026-01-20T12:44:39+00:00\",\"dateModified\":\"2026-03-12T20:25:02+00:00\",\"breadcrumb\":{\"@id\":\"https:\\\/\\\/ual-website.iqe.al\\\/sq\\\/programe-bachelor\\\/#breadcrumb\"},\"inLanguage\":\"sq\",\"potentialAction\":[{\"@type\":\"ReadAction\",\"target\":[\"https:\\\/\\\/ual-website.iqe.al\\\/sq\\\/programe-bachelor\\\/\"]}]},{\"@type\":\"ImageObject\",\"inLanguage\":\"sq\",\"@id\":\"https:\\\/\\\/ual-website.iqe.al\\\/sq\\\/programe-bachelor\\\/#primaryimage\",\"url\":\"https:\\\/\\\/ual-website.iqe.al\\\/wp-content\\\/uploads\\\/2026\\\/01\\\/social-share.jpg\",\"contentUrl\":\"https:\\\/\\\/ual-website.iqe.al\\\/wp-content\\\/uploads\\\/2026\\\/01\\\/social-share.jpg\",\"width\":1830,\"height\":778,\"caption\":\"Universiteti Aldent! Besoni te profesionist\u00ebt!\"},{\"@type\":\"BreadcrumbList\",\"@id\":\"https:\\\/\\\/ual-website.iqe.al\\\/sq\\\/programe-bachelor\\\/#breadcrumb\",\"itemListElement\":[{\"@type\":\"ListItem\",\"position\":1,\"name\":\"Kreu\",\"item\":\"https:\\\/\\\/ual-website.iqe.al\\\/sq\\\/kreu\\\/\"},{\"@type\":\"ListItem\",\"position\":2,\"name\":\"Programe Bachelor\"}]},{\"@type\":\"WebSite\",\"@id\":\"https:\\\/\\\/ual-website.iqe.al\\\/sq\\\/#website\",\"url\":\"https:\\\/\\\/ual-website.iqe.al\\\/sq\\\/\",\"name\":\"Aldent University\",\"description\":\"Trust the Professionals\",\"publisher\":{\"@id\":\"https:\\\/\\\/ual-website.iqe.al\\\/sq\\\/#organization\"},\"potentialAction\":[{\"@type\":\"SearchAction\",\"target\":{\"@type\":\"EntryPoint\",\"urlTemplate\":\"https:\\\/\\\/ual-website.iqe.al\\\/sq\\\/?s={search_term_string}\"},\"query-input\":{\"@type\":\"PropertyValueSpecification\",\"valueRequired\":true,\"valueName\":\"search_term_string\"}}],\"inLanguage\":\"sq\"},{\"@type\":\"Organization\",\"@id\":\"https:\\\/\\\/ual-website.iqe.al\\\/sq\\\/#organization\",\"name\":\"Universiteti Aldent\",\"alternateName\":\"UAL\",\"url\":\"https:\\\/\\\/ual-website.iqe.al\\\/sq\\\/\",\"logo\":{\"@type\":\"ImageObject\",\"inLanguage\":\"sq\",\"@id\":\"https:\\\/\\\/ual-website.iqe.al\\\/sq\\\/#\\\/schema\\\/logo\\\/image\\\/\",\"url\":\"https:\\\/\\\/ual-website.iqe.al\\\/wp-content\\\/uploads\\\/2024\\\/09\\\/cropped-ual-icon.png\",\"contentUrl\":\"https:\\\/\\\/ual-website.iqe.al\\\/wp-content\\\/uploads\\\/2024\\\/09\\\/cropped-ual-icon.png\",\"width\":512,\"height\":512,\"caption\":\"Universiteti Aldent\"},\"image\":{\"@id\":\"https:\\\/\\\/ual-website.iqe.al\\\/sq\\\/#\\\/schema\\\/logo\\\/image\\\/\"},\"sameAs\":[\"https:\\\/\\\/www.facebook.com\\\/universitetialdent\",\"https:\\\/\\\/www.instagram.com\\\/universiteti.aldent\\\/\",\"https:\\\/\\\/www.linkedin.com\\\/company\\\/aldent-university\\\/\",\"https:\\\/\\\/www.youtube.com\\\/channel\\\/UCx4IIThWkgFpYEZgw5eUzNQ\"]}]}<\/script>\n<!-- \/ Yoast SEO Premium plugin. -->","yoast_head_json":{"title":"Programe Bachelor - Aldent University","robots":{"index":"noindex","follow":"follow","max-snippet":"max-snippet:-1","max-image-preview":"max-image-preview:large","max-video-preview":"max-video-preview:-1"},"og_locale":"sq_AL","og_type":"article","og_title":"Programe Bachelor","og_description":"Eksploroni Programet tona Bachelor! Programet Bachelor n\u00eb Universitetin Aldent ofrojn\u00eb nj\u00eb baz\u00eb t\u00eb fort\u00eb n\u00eb shkencat sh\u00ebndet\u00ebsore p\u00ebrmes nj\u00eb kombinimi t\u00eb ekuilibruar t\u00eb t\u00eb nx\u00ebnit teorik, pun\u00ebs laboratorike dhe praktik\u00ebs...","og_url":"https:\/\/ual-website.iqe.al\/sq\/programe-bachelor\/","og_site_name":"Aldent University","article_publisher":"https:\/\/www.facebook.com\/universitetialdent","article_modified_time":"2026-03-12T20:25:02+00:00","og_image":[{"width":1830,"height":778,"url":"https:\/\/ual-website.iqe.al\/wp-content\/uploads\/2026\/01\/social-share.jpg","type":"image\/jpeg"}],"twitter_card":"summary_large_image","twitter_misc":{"Est. reading time":"1 minut\u00eb"},"schema":{"@context":"https:\/\/schema.org","@graph":[{"@type":"WebPage","@id":"https:\/\/ual-website.iqe.al\/sq\/programe-bachelor\/","url":"https:\/\/ual-website.iqe.al\/sq\/programe-bachelor\/","name":"Programe Bachelor - Aldent University","isPartOf":{"@id":"https:\/\/ual-website.iqe.al\/sq\/#website"},"primaryImageOfPage":{"@id":"https:\/\/ual-website.iqe.al\/sq\/programe-bachelor\/#primaryimage"},"image":{"@id":"https:\/\/ual-website.iqe.al\/sq\/programe-bachelor\/#primaryimage"},"thumbnailUrl":"https:\/\/ual-website.iqe.al\/wp-content\/uploads\/2026\/01\/social-share.jpg","datePublished":"2026-01-20T12:44:39+00:00","dateModified":"2026-03-12T20:25:02+00:00","breadcrumb":{"@id":"https:\/\/ual-website.iqe.al\/sq\/programe-bachelor\/#breadcrumb"},"inLanguage":"sq","potentialAction":[{"@type":"ReadAction","target":["https:\/\/ual-website.iqe.al\/sq\/programe-bachelor\/"]}]},{"@type":"ImageObject","inLanguage":"sq","@id":"https:\/\/ual-website.iqe.al\/sq\/programe-bachelor\/#primaryimage","url":"https:\/\/ual-website.iqe.al\/wp-content\/uploads\/2026\/01\/social-share.jpg","contentUrl":"https:\/\/ual-website.iqe.al\/wp-content\/uploads\/2026\/01\/social-share.jpg","width":1830,"height":778,"caption":"Universiteti Aldent! Besoni te profesionist\u00ebt!"},{"@type":"BreadcrumbList","@id":"https:\/\/ual-website.iqe.al\/sq\/programe-bachelor\/#breadcrumb","itemListElement":[{"@type":"ListItem","position":1,"name":"Kreu","item":"https:\/\/ual-website.iqe.al\/sq\/kreu\/"},{"@type":"ListItem","position":2,"name":"Programe Bachelor"}]},{"@type":"WebSite","@id":"https:\/\/ual-website.iqe.al\/sq\/#website","url":"https:\/\/ual-website.iqe.al\/sq\/","name":"Aldent University","description":"Trust the Professionals","publisher":{"@id":"https:\/\/ual-website.iqe.al\/sq\/#organization"},"potentialAction":[{"@type":"SearchAction","target":{"@type":"EntryPoint","urlTemplate":"https:\/\/ual-website.iqe.al\/sq\/?s={search_term_string}"},"query-input":{"@type":"PropertyValueSpecification","valueRequired":true,"valueName":"search_term_string"}}],"inLanguage":"sq"},{"@type":"Organization","@id":"https:\/\/ual-website.iqe.al\/sq\/#organization","name":"Universiteti Aldent","alternateName":"UAL","url":"https:\/\/ual-website.iqe.al\/sq\/","logo":{"@type":"ImageObject","inLanguage":"sq","@id":"https:\/\/ual-website.iqe.al\/sq\/#\/schema\/logo\/image\/","url":"https:\/\/ual-website.iqe.al\/wp-content\/uploads\/2024\/09\/cropped-ual-icon.png","contentUrl":"https:\/\/ual-website.iqe.al\/wp-content\/uploads\/2024\/09\/cropped-ual-icon.png","width":512,"height":512,"caption":"Universiteti Aldent"},"image":{"@id":"https:\/\/ual-website.iqe.al\/sq\/#\/schema\/logo\/image\/"},"sameAs":["https:\/\/www.facebook.com\/universitetialdent","https:\/\/www.instagram.com\/universiteti.aldent\/","https:\/\/www.linkedin.com\/company\/aldent-university\/","https:\/\/www.youtube.com\/channel\/UCx4IIThWkgFpYEZgw5eUzNQ"]}]}},"ticketed":false,"_links":{"self":[{"href":"https:\/\/ual-website.iqe.al\/sq\/wp-json\/wp\/v2\/pages\/21884","targetHints":{"allow":["GET"]}}],"collection":[{"href":"https:\/\/ual-website.iqe.al\/sq\/wp-json\/wp\/v2\/pages"}],"about":[{"href":"https:\/\/ual-website.iqe.al\/sq\/wp-json\/wp\/v2\/types\/page"}],"author":[{"embeddable":true,"href":"https:\/\/ual-website.iqe.al\/sq\/wp-json\/wp\/v2\/users\/2"}],"replies":[{"embeddable":true,"href":"https:\/\/ual-website.iqe.al\/sq\/wp-json\/wp\/v2\/comments?post=21884"}],"version-history":[{"count":1,"href":"https:\/\/ual-website.iqe.al\/sq\/wp-json\/wp\/v2\/pages\/21884\/revisions"}],"predecessor-version":[{"id":21885,"href":"https:\/\/ual-website.iqe.al\/sq\/wp-json\/wp\/v2\/pages\/21884\/revisions\/21885"}],"wp:featuredmedia":[{"embeddable":true,"href":"https:\/\/ual-website.iqe.al\/sq\/wp-json\/wp\/v2\/media\/20385"}],"wp:attachment":[{"href":"https:\/\/ual-website.iqe.al\/sq\/wp-json\/wp\/v2\/media?parent=21884"}],"curies":[{"name":"wp","href":"https:\/\/api.w.org\/{rel}","templated":true}]}}