{"id":21886,"date":"2026-01-17T23:35:37","date_gmt":"2026-01-17T22:35:37","guid":{"rendered":"https:\/\/ual-website.iqe.al\/galeria-e-videove\/"},"modified":"2026-03-12T21:24:51","modified_gmt":"2026-03-12T20:24:51","slug":"galeria-e-videove","status":"publish","type":"page","link":"https:\/\/ual-website.iqe.al\/sq\/galeria-e-videove\/","title":{"rendered":"Galeria e Videove"},"content":{"rendered":"\t\t<div data-elementor-type=\"wp-page\" data-elementor-id=\"21886\" class=\"elementor elementor-21886 elementor-15301\" data-elementor-post-type=\"page\">\n\t\t\t\t<div class=\"elementor-element elementor-element-e7d245a e-flex e-con-boxed rt-default-class e-con e-parent\" data-id=\"e7d245a\" data-element_type=\"container\" data-e-type=\"container\">\n\t\t\t\t\t<div class=\"e-con-inner\">\n\t\t\t\t<div class=\"elementor-element elementor-element-97174d7 rt-default-class elementor-widget elementor-widget-text-editor\" data-id=\"97174d7\" data-element_type=\"widget\" data-e-type=\"widget\" data-widget_type=\"text-editor.default\">\n\t\t\t\t\t\t\t\t\t<p>Q\u00ebndroni t\u00eb azhurnuar me aktivitetet, botimet dhe ngjarjet m\u00eb t\u00eb fundit t\u00eb UAL.<\/p>\t\t\t\t\t\t\t\t<\/div>\n\t\t\t\t<div class=\"elementor-element elementor-element-e1cdbe0 rt-default-class elementor-widget elementor-widget-react-blog\" data-id=\"e1cdbe0\" data-element_type=\"widget\" data-e-type=\"widget\" data-widget_type=\"react-blog.default\">\n\t\t\t\t<div class=\"elementor-widget-container\">\n\t\t\t\t\t\t\t<div class=\"reactheme-blog-grid2x reactheme-blog-grid blog--style1\"> \r\n            <div class=\"row blog-gird-item\">\r\n\t\t\t \t<div class=\"grid-item rts-blog v_1 col-lg-4 col-md-6 col-sm-12 col-12 filter_galeria-e-videove \">\n    <div class=\"rts-blog-post blog-v-full blog-item\">\n        <div class=\"single-blog-post\">\n                            <a aria-label=\"blog thumb\" href=\"https:\/\/ual-website.iqe.al\/sq\/media\/galeria-e-videove\/ceremonia-e-diplomimit-2025-universiteti-aldent\/\" class=\"blog-thumb\">\n                    <img fetchpriority=\"high\" decoding=\"async\" width=\"300\" height=\"200\" src=\"https:\/\/ual-website.iqe.al\/wp-content\/uploads\/2026\/02\/IMG_5078-300x200.jpg\" class=\"attachment-medium size-medium wp-post-image\" alt=\"\" srcset=\"https:\/\/ual-website.iqe.al\/wp-content\/uploads\/2026\/02\/IMG_5078-300x200.jpg 300w, https:\/\/ual-website.iqe.al\/wp-content\/uploads\/2026\/02\/IMG_5078-1024x683.jpg 1024w, https:\/\/ual-website.iqe.al\/wp-content\/uploads\/2026\/02\/IMG_5078-768x512.jpg 768w, https:\/\/ual-website.iqe.al\/wp-content\/uploads\/2026\/02\/IMG_5078.jpg 1152w\" sizes=\"(max-width: 300px) 100vw, 300px\" \/>                <\/a>\n                        \n            <div class=\"blog-content\">\n                <div class=\"post-meta\">\n                                    <\/div>\n                <a aria-label=\"blog title\" href=\"https:\/\/ual-website.iqe.al\/sq\/media\/galeria-e-videove\/ceremonia-e-diplomimit-2025-universiteti-aldent\/\" class=\"post-title\">\n                    Ceremonia e Diplomimit 2025 \u2013 Universiteti ALDENT                <\/a>\n            <\/div>\n        <\/div>\n    <\/div>\n<\/div><div class=\"grid-item rts-blog v_1 col-lg-4 col-md-6 col-sm-12 col-12 filter_galeria-e-videove \">\n    <div class=\"rts-blog-post blog-v-full blog-item\">\n        <div class=\"single-blog-post\">\n                            <a aria-label=\"blog thumb\" href=\"https:\/\/ual-website.iqe.al\/sq\/media\/galeria-e-videove\/ceremonia-e-diplomimit-2024-universiteti-aldent\/\" class=\"blog-thumb\">\n                    <img decoding=\"async\" width=\"300\" height=\"178\" src=\"https:\/\/ual-website.iqe.al\/wp-content\/uploads\/2026\/02\/Screenshot_18-300x178.png\" class=\"attachment-medium size-medium wp-post-image\" alt=\"\" srcset=\"https:\/\/ual-website.iqe.al\/wp-content\/uploads\/2026\/02\/Screenshot_18-300x178.png 300w, https:\/\/ual-website.iqe.al\/wp-content\/uploads\/2026\/02\/Screenshot_18-1024x606.png 1024w, https:\/\/ual-website.iqe.al\/wp-content\/uploads\/2026\/02\/Screenshot_18-768x455.png 768w, https:\/\/ual-website.iqe.al\/wp-content\/uploads\/2026\/02\/Screenshot_18.png 1515w\" sizes=\"(max-width: 300px) 100vw, 300px\" \/>                <\/a>\n                        \n            <div class=\"blog-content\">\n                <div class=\"post-meta\">\n                                    <\/div>\n                <a aria-label=\"blog title\" href=\"https:\/\/ual-website.iqe.al\/sq\/media\/galeria-e-videove\/ceremonia-e-diplomimit-2024-universiteti-aldent\/\" class=\"post-title\">\n                    Ceremonia e Diplomimit 2024 \u2013 Universiteti ALDENT                <\/a>\n            <\/div>\n        <\/div>\n    <\/div>\n<\/div><div class=\"grid-item rts-blog v_1 col-lg-4 col-md-6 col-sm-12 col-12 filter_galeria-e-videove \">\n    <div class=\"rts-blog-post blog-v-full blog-item\">\n        <div class=\"single-blog-post\">\n                            <a aria-label=\"blog thumb\" href=\"https:\/\/ual-website.iqe.al\/sq\/media\/galeria-e-videove\/ceremonia-e-diplomimit-2023-universiteti-aldent\/\" class=\"blog-thumb\">\n                    <img decoding=\"async\" width=\"300\" height=\"200\" src=\"https:\/\/ual-website.iqe.al\/wp-content\/uploads\/2026\/02\/IMG_4919-300x200.jpg\" class=\"attachment-medium size-medium wp-post-image\" alt=\"\" srcset=\"https:\/\/ual-website.iqe.al\/wp-content\/uploads\/2026\/02\/IMG_4919-300x200.jpg 300w, https:\/\/ual-website.iqe.al\/wp-content\/uploads\/2026\/02\/IMG_4919-1024x683.jpg 1024w, https:\/\/ual-website.iqe.al\/wp-content\/uploads\/2026\/02\/IMG_4919-768x512.jpg 768w, https:\/\/ual-website.iqe.al\/wp-content\/uploads\/2026\/02\/IMG_4919.jpg 1152w\" sizes=\"(max-width: 300px) 100vw, 300px\" \/>                <\/a>\n                        \n            <div class=\"blog-content\">\n                <div class=\"post-meta\">\n                                    <\/div>\n                <a aria-label=\"blog title\" href=\"https:\/\/ual-website.iqe.al\/sq\/media\/galeria-e-videove\/ceremonia-e-diplomimit-2023-universiteti-aldent\/\" class=\"post-title\">\n                    Ceremonia e Diplomimit 2023 \u2013 Universiteti ALDENT                <\/a>\n            <\/div>\n        <\/div>\n    <\/div>\n<\/div><div class=\"grid-item rts-blog v_1 col-lg-4 col-md-6 col-sm-12 col-12 filter_galeria-e-videove \">\n    <div class=\"rts-blog-post blog-v-full blog-item\">\n        <div class=\"single-blog-post\">\n                            <a aria-label=\"blog thumb\" href=\"https:\/\/ual-website.iqe.al\/sq\/media\/galeria-e-videove\/universiteti-aldent-kampusi-i-ri-universitar\/\" class=\"blog-thumb\">\n                    <img loading=\"lazy\" decoding=\"async\" width=\"300\" height=\"178\" src=\"https:\/\/ual-website.iqe.al\/wp-content\/uploads\/2024\/08\/Frame-6K-Drone_1.65-300x178.jpg\" class=\"attachment-medium size-medium wp-post-image\" alt=\"\" srcset=\"https:\/\/ual-website.iqe.al\/wp-content\/uploads\/2024\/08\/Frame-6K-Drone_1.65-300x178.jpg 300w, https:\/\/ual-website.iqe.al\/wp-content\/uploads\/2024\/08\/Frame-6K-Drone_1.65-1024x607.jpg 1024w, https:\/\/ual-website.iqe.al\/wp-content\/uploads\/2024\/08\/Frame-6K-Drone_1.65-768x455.jpg 768w, https:\/\/ual-website.iqe.al\/wp-content\/uploads\/2024\/08\/Frame-6K-Drone_1.65.jpg 1295w\" sizes=\"(max-width: 300px) 100vw, 300px\" \/>                <\/a>\n                        \n            <div class=\"blog-content\">\n                <div class=\"post-meta\">\n                                    <\/div>\n                <a aria-label=\"blog title\" href=\"https:\/\/ual-website.iqe.al\/sq\/media\/galeria-e-videove\/universiteti-aldent-kampusi-i-ri-universitar\/\" class=\"post-title\">\n                    Universiteti Aldent &#8211; Kampusi i ri universitar                <\/a>\n            <\/div>\n        <\/div>\n    <\/div>\n<\/div>             \r\n                         \r\n                <\/div>                                 \r\n            \t    \r\n                              \r\n\t\t<\/div>\r\n\t   \t\t\t\t<\/div>\n\t\t\t\t<\/div>\n\t\t\t\t\t<\/div>\n\t\t\t\t<\/div>\n\t\t<div class=\"elementor-element elementor-element-0468413 e-grid elementor-hidden-desktop elementor-hidden-tablet elementor-hidden-mobile e-con-boxed rt-default-class e-con e-parent\" data-id=\"0468413\" data-element_type=\"container\" data-e-type=\"container\">\n\t\t\t\t\t<div class=\"e-con-inner\">\n\t\t\t\t<div class=\"elementor-element elementor-element-b5a4ee9 rt-default-class elementor-widget elementor-widget-video\" data-id=\"b5a4ee9\" data-element_type=\"widget\" data-e-type=\"widget\" data-settings=\"{&quot;youtube_url&quot;:&quot;https:\\\/\\\/www.youtube.com\\\/watch?v=S4eNxMV7AiY&quot;,&quot;video_type&quot;:&quot;youtube&quot;,&quot;controls&quot;:&quot;yes&quot;}\" data-widget_type=\"video.default\">\n\t\t\t\t\t\t\t<div class=\"elementor-wrapper elementor-open-inline\">\n\t\t\t<div class=\"elementor-video\"><\/div>\t\t<\/div>\n\t\t\t\t\t\t<\/div>\n\t\t\t\t<div class=\"elementor-element elementor-element-0ac063a rt-default-class elementor-widget elementor-widget-video\" data-id=\"0ac063a\" data-element_type=\"widget\" data-e-type=\"widget\" data-settings=\"{&quot;youtube_url&quot;:&quot;https:\\\/\\\/www.youtube.com\\\/watch?v=uZt9RKMfOdQ&amp;t=3104s&quot;,&quot;video_type&quot;:&quot;youtube&quot;,&quot;controls&quot;:&quot;yes&quot;}\" data-widget_type=\"video.default\">\n\t\t\t\t\t\t\t<div class=\"elementor-wrapper elementor-open-inline\">\n\t\t\t<div class=\"elementor-video\"><\/div>\t\t<\/div>\n\t\t\t\t\t\t<\/div>\n\t\t\t\t<div class=\"elementor-element elementor-element-f83621a rt-default-class elementor-widget elementor-widget-video\" data-id=\"f83621a\" data-element_type=\"widget\" data-e-type=\"widget\" data-settings=\"{&quot;youtube_url&quot;:&quot;https:\\\/\\\/www.youtube.com\\\/watch?v=KWJo7OTIFQE&quot;,&quot;video_type&quot;:&quot;youtube&quot;,&quot;controls&quot;:&quot;yes&quot;}\" data-widget_type=\"video.default\">\n\t\t\t\t\t\t\t<div class=\"elementor-wrapper elementor-open-inline\">\n\t\t\t<div class=\"elementor-video\"><\/div>\t\t<\/div>\n\t\t\t\t\t\t<\/div>\n\t\t\t\t<div class=\"elementor-element elementor-element-daed1e9 rt-default-class elementor-widget elementor-widget-video\" data-id=\"daed1e9\" data-element_type=\"widget\" data-e-type=\"widget\" data-settings=\"{&quot;youtube_url&quot;:&quot;https:\\\/\\\/www.youtube.com\\\/watch?v=xFEArSgUCTE&quot;,&quot;video_type&quot;:&quot;youtube&quot;,&quot;controls&quot;:&quot;yes&quot;}\" data-widget_type=\"video.default\">\n\t\t\t\t\t\t\t<div class=\"elementor-wrapper elementor-open-inline\">\n\t\t\t<div class=\"elementor-video\"><\/div>\t\t<\/div>\n\t\t\t\t\t\t<\/div>\n\t\t\t\t\t<\/div>\n\t\t\t\t<\/div>\n\t\t\t\t<\/div>\n\t\t","protected":false},"excerpt":{"rendered":"<p>Q\u00ebndroni t\u00eb azhurnuar me aktivitetet, botimet dhe ngjarjet m\u00eb t\u00eb fundit t\u00eb UAL. Ceremonia e Diplomimit 2025 \u2013 Universiteti ALDENT Ceremonia e Diplomimit 2024 \u2013 Universiteti ALDENT Ceremonia e Diplomimit&#8230;<\/p>\n","protected":false},"author":2,"featured_media":20385,"parent":0,"menu_order":0,"comment_status":"closed","ping_status":"closed","template":"","meta":{"_acf_changed":false,"_price":"","_stock":"","_tribe_ticket_header":"","_tribe_default_ticket_provider":"","_tribe_ticket_capacity":"0","_ticket_start_date":"","_ticket_end_date":"","_tribe_ticket_show_description":"","_tribe_ticket_show_not_going":false,"_tribe_ticket_use_global_stock":"","_tribe_ticket_global_stock_level":"","_global_stock_mode":"","_global_stock_cap":"","_tribe_rsvp_for_event":"","_tribe_ticket_going_count":"","_tribe_ticket_not_going_count":"","_tribe_tickets_list":"[]","_tribe_ticket_has_attendee_info_fields":false,"footnotes":"","_tec_slr_enabled":"","_tec_slr_layout":""},"class_list":["post-21886","page","type-page","status-publish","has-post-thumbnail","hentry"],"acf":[],"yoast_head":"<!-- This site is optimized with the Yoast SEO Premium plugin v27.0 (Yoast SEO v27.3) - https:\/\/yoast.com\/product\/yoast-seo-premium-wordpress\/ -->\n<title>Galeria e Videove - Aldent University<\/title>\n<meta name=\"robots\" content=\"noindex, follow, max-snippet:-1, max-image-preview:large, max-video-preview:-1\" \/>\n<meta property=\"og:locale\" content=\"sq_AL\" \/>\n<meta property=\"og:type\" content=\"article\" \/>\n<meta property=\"og:title\" content=\"Galeria e Videove\" \/>\n<meta property=\"og:description\" content=\"Q\u00ebndroni t\u00eb azhurnuar me aktivitetet, botimet dhe ngjarjet m\u00eb t\u00eb fundit t\u00eb UAL. Ceremonia e Diplomimit 2025 \u2013 Universiteti ALDENT Ceremonia e Diplomimit 2024 \u2013 Universiteti ALDENT Ceremonia e Diplomimit...\" \/>\n<meta property=\"og:url\" content=\"https:\/\/ual-website.iqe.al\/sq\/galeria-e-videove\/\" \/>\n<meta property=\"og:site_name\" content=\"Aldent University\" \/>\n<meta property=\"article:publisher\" content=\"https:\/\/www.facebook.com\/universitetialdent\" \/>\n<meta property=\"article:modified_time\" content=\"2026-03-12T20:24:51+00:00\" \/>\n<meta property=\"og:image\" content=\"https:\/\/ual-website.iqe.al\/wp-content\/uploads\/2026\/01\/social-share.jpg\" \/>\n\t<meta property=\"og:image:width\" content=\"1830\" \/>\n\t<meta property=\"og:image:height\" content=\"778\" \/>\n\t<meta property=\"og:image:type\" content=\"image\/jpeg\" \/>\n<meta name=\"twitter:card\" content=\"summary_large_image\" \/>\n<script type=\"application\/ld+json\" class=\"yoast-schema-graph\">{\"@context\":\"https:\\\/\\\/schema.org\",\"@graph\":[{\"@type\":\"WebPage\",\"@id\":\"https:\\\/\\\/ual-website.iqe.al\\\/sq\\\/galeria-e-videove\\\/\",\"url\":\"https:\\\/\\\/ual-website.iqe.al\\\/sq\\\/galeria-e-videove\\\/\",\"name\":\"Galeria e Videove - Aldent University\",\"isPartOf\":{\"@id\":\"https:\\\/\\\/ual-website.iqe.al\\\/sq\\\/#website\"},\"primaryImageOfPage\":{\"@id\":\"https:\\\/\\\/ual-website.iqe.al\\\/sq\\\/galeria-e-videove\\\/#primaryimage\"},\"image\":{\"@id\":\"https:\\\/\\\/ual-website.iqe.al\\\/sq\\\/galeria-e-videove\\\/#primaryimage\"},\"thumbnailUrl\":\"https:\\\/\\\/ual-website.iqe.al\\\/wp-content\\\/uploads\\\/2026\\\/01\\\/social-share.jpg\",\"datePublished\":\"2026-01-17T22:35:37+00:00\",\"dateModified\":\"2026-03-12T20:24:51+00:00\",\"breadcrumb\":{\"@id\":\"https:\\\/\\\/ual-website.iqe.al\\\/sq\\\/galeria-e-videove\\\/#breadcrumb\"},\"inLanguage\":\"sq\",\"potentialAction\":[{\"@type\":\"ReadAction\",\"target\":[\"https:\\\/\\\/ual-website.iqe.al\\\/sq\\\/galeria-e-videove\\\/\"]}]},{\"@type\":\"ImageObject\",\"inLanguage\":\"sq\",\"@id\":\"https:\\\/\\\/ual-website.iqe.al\\\/sq\\\/galeria-e-videove\\\/#primaryimage\",\"url\":\"https:\\\/\\\/ual-website.iqe.al\\\/wp-content\\\/uploads\\\/2026\\\/01\\\/social-share.jpg\",\"contentUrl\":\"https:\\\/\\\/ual-website.iqe.al\\\/wp-content\\\/uploads\\\/2026\\\/01\\\/social-share.jpg\",\"width\":1830,\"height\":778,\"caption\":\"Universiteti Aldent! Besoni te profesionist\u00ebt!\"},{\"@type\":\"BreadcrumbList\",\"@id\":\"https:\\\/\\\/ual-website.iqe.al\\\/sq\\\/galeria-e-videove\\\/#breadcrumb\",\"itemListElement\":[{\"@type\":\"ListItem\",\"position\":1,\"name\":\"Kreu\",\"item\":\"https:\\\/\\\/ual-website.iqe.al\\\/sq\\\/kreu\\\/\"},{\"@type\":\"ListItem\",\"position\":2,\"name\":\"Galeria e Videove\"}]},{\"@type\":\"WebSite\",\"@id\":\"https:\\\/\\\/ual-website.iqe.al\\\/sq\\\/#website\",\"url\":\"https:\\\/\\\/ual-website.iqe.al\\\/sq\\\/\",\"name\":\"Aldent University\",\"description\":\"Trust the Professionals\",\"publisher\":{\"@id\":\"https:\\\/\\\/ual-website.iqe.al\\\/sq\\\/#organization\"},\"potentialAction\":[{\"@type\":\"SearchAction\",\"target\":{\"@type\":\"EntryPoint\",\"urlTemplate\":\"https:\\\/\\\/ual-website.iqe.al\\\/sq\\\/?s={search_term_string}\"},\"query-input\":{\"@type\":\"PropertyValueSpecification\",\"valueRequired\":true,\"valueName\":\"search_term_string\"}}],\"inLanguage\":\"sq\"},{\"@type\":\"Organization\",\"@id\":\"https:\\\/\\\/ual-website.iqe.al\\\/sq\\\/#organization\",\"name\":\"Universiteti Aldent\",\"alternateName\":\"UAL\",\"url\":\"https:\\\/\\\/ual-website.iqe.al\\\/sq\\\/\",\"logo\":{\"@type\":\"ImageObject\",\"inLanguage\":\"sq\",\"@id\":\"https:\\\/\\\/ual-website.iqe.al\\\/sq\\\/#\\\/schema\\\/logo\\\/image\\\/\",\"url\":\"https:\\\/\\\/ual-website.iqe.al\\\/wp-content\\\/uploads\\\/2024\\\/09\\\/cropped-ual-icon.png\",\"contentUrl\":\"https:\\\/\\\/ual-website.iqe.al\\\/wp-content\\\/uploads\\\/2024\\\/09\\\/cropped-ual-icon.png\",\"width\":512,\"height\":512,\"caption\":\"Universiteti Aldent\"},\"image\":{\"@id\":\"https:\\\/\\\/ual-website.iqe.al\\\/sq\\\/#\\\/schema\\\/logo\\\/image\\\/\"},\"sameAs\":[\"https:\\\/\\\/www.facebook.com\\\/universitetialdent\",\"https:\\\/\\\/www.instagram.com\\\/universiteti.aldent\\\/\",\"https:\\\/\\\/www.linkedin.com\\\/company\\\/aldent-university\\\/\",\"https:\\\/\\\/www.youtube.com\\\/channel\\\/UCx4IIThWkgFpYEZgw5eUzNQ\"]}]}<\/script>\n<!-- \/ Yoast SEO Premium plugin. -->","yoast_head_json":{"title":"Galeria e Videove - Aldent University","robots":{"index":"noindex","follow":"follow","max-snippet":"max-snippet:-1","max-image-preview":"max-image-preview:large","max-video-preview":"max-video-preview:-1"},"og_locale":"sq_AL","og_type":"article","og_title":"Galeria e Videove","og_description":"Q\u00ebndroni t\u00eb azhurnuar me aktivitetet, botimet dhe ngjarjet m\u00eb t\u00eb fundit t\u00eb UAL. Ceremonia e Diplomimit 2025 \u2013 Universiteti ALDENT Ceremonia e Diplomimit 2024 \u2013 Universiteti ALDENT Ceremonia e Diplomimit...","og_url":"https:\/\/ual-website.iqe.al\/sq\/galeria-e-videove\/","og_site_name":"Aldent University","article_publisher":"https:\/\/www.facebook.com\/universitetialdent","article_modified_time":"2026-03-12T20:24:51+00:00","og_image":[{"width":1830,"height":778,"url":"https:\/\/ual-website.iqe.al\/wp-content\/uploads\/2026\/01\/social-share.jpg","type":"image\/jpeg"}],"twitter_card":"summary_large_image","schema":{"@context":"https:\/\/schema.org","@graph":[{"@type":"WebPage","@id":"https:\/\/ual-website.iqe.al\/sq\/galeria-e-videove\/","url":"https:\/\/ual-website.iqe.al\/sq\/galeria-e-videove\/","name":"Galeria e Videove - Aldent University","isPartOf":{"@id":"https:\/\/ual-website.iqe.al\/sq\/#website"},"primaryImageOfPage":{"@id":"https:\/\/ual-website.iqe.al\/sq\/galeria-e-videove\/#primaryimage"},"image":{"@id":"https:\/\/ual-website.iqe.al\/sq\/galeria-e-videove\/#primaryimage"},"thumbnailUrl":"https:\/\/ual-website.iqe.al\/wp-content\/uploads\/2026\/01\/social-share.jpg","datePublished":"2026-01-17T22:35:37+00:00","dateModified":"2026-03-12T20:24:51+00:00","breadcrumb":{"@id":"https:\/\/ual-website.iqe.al\/sq\/galeria-e-videove\/#breadcrumb"},"inLanguage":"sq","potentialAction":[{"@type":"ReadAction","target":["https:\/\/ual-website.iqe.al\/sq\/galeria-e-videove\/"]}]},{"@type":"ImageObject","inLanguage":"sq","@id":"https:\/\/ual-website.iqe.al\/sq\/galeria-e-videove\/#primaryimage","url":"https:\/\/ual-website.iqe.al\/wp-content\/uploads\/2026\/01\/social-share.jpg","contentUrl":"https:\/\/ual-website.iqe.al\/wp-content\/uploads\/2026\/01\/social-share.jpg","width":1830,"height":778,"caption":"Universiteti Aldent! Besoni te profesionist\u00ebt!"},{"@type":"BreadcrumbList","@id":"https:\/\/ual-website.iqe.al\/sq\/galeria-e-videove\/#breadcrumb","itemListElement":[{"@type":"ListItem","position":1,"name":"Kreu","item":"https:\/\/ual-website.iqe.al\/sq\/kreu\/"},{"@type":"ListItem","position":2,"name":"Galeria e Videove"}]},{"@type":"WebSite","@id":"https:\/\/ual-website.iqe.al\/sq\/#website","url":"https:\/\/ual-website.iqe.al\/sq\/","name":"Aldent University","description":"Trust the Professionals","publisher":{"@id":"https:\/\/ual-website.iqe.al\/sq\/#organization"},"potentialAction":[{"@type":"SearchAction","target":{"@type":"EntryPoint","urlTemplate":"https:\/\/ual-website.iqe.al\/sq\/?s={search_term_string}"},"query-input":{"@type":"PropertyValueSpecification","valueRequired":true,"valueName":"search_term_string"}}],"inLanguage":"sq"},{"@type":"Organization","@id":"https:\/\/ual-website.iqe.al\/sq\/#organization","name":"Universiteti Aldent","alternateName":"UAL","url":"https:\/\/ual-website.iqe.al\/sq\/","logo":{"@type":"ImageObject","inLanguage":"sq","@id":"https:\/\/ual-website.iqe.al\/sq\/#\/schema\/logo\/image\/","url":"https:\/\/ual-website.iqe.al\/wp-content\/uploads\/2024\/09\/cropped-ual-icon.png","contentUrl":"https:\/\/ual-website.iqe.al\/wp-content\/uploads\/2024\/09\/cropped-ual-icon.png","width":512,"height":512,"caption":"Universiteti Aldent"},"image":{"@id":"https:\/\/ual-website.iqe.al\/sq\/#\/schema\/logo\/image\/"},"sameAs":["https:\/\/www.facebook.com\/universitetialdent","https:\/\/www.instagram.com\/universiteti.aldent\/","https:\/\/www.linkedin.com\/company\/aldent-university\/","https:\/\/www.youtube.com\/channel\/UCx4IIThWkgFpYEZgw5eUzNQ"]}]}},"ticketed":false,"_links":{"self":[{"href":"https:\/\/ual-website.iqe.al\/sq\/wp-json\/wp\/v2\/pages\/21886","targetHints":{"allow":["GET"]}}],"collection":[{"href":"https:\/\/ual-website.iqe.al\/sq\/wp-json\/wp\/v2\/pages"}],"about":[{"href":"https:\/\/ual-website.iqe.al\/sq\/wp-json\/wp\/v2\/types\/page"}],"author":[{"embeddable":true,"href":"https:\/\/ual-website.iqe.al\/sq\/wp-json\/wp\/v2\/users\/2"}],"replies":[{"embeddable":true,"href":"https:\/\/ual-website.iqe.al\/sq\/wp-json\/wp\/v2\/comments?post=21886"}],"version-history":[{"count":1,"href":"https:\/\/ual-website.iqe.al\/sq\/wp-json\/wp\/v2\/pages\/21886\/revisions"}],"predecessor-version":[{"id":21888,"href":"https:\/\/ual-website.iqe.al\/sq\/wp-json\/wp\/v2\/pages\/21886\/revisions\/21888"}],"wp:featuredmedia":[{"embeddable":true,"href":"https:\/\/ual-website.iqe.al\/sq\/wp-json\/wp\/v2\/media\/20385"}],"wp:attachment":[{"href":"https:\/\/ual-website.iqe.al\/sq\/wp-json\/wp\/v2\/media?parent=21886"}],"curies":[{"name":"wp","href":"https:\/\/api.w.org\/{rel}","templated":true}]}}