{"id":21889,"date":"2026-01-17T23:33:31","date_gmt":"2026-01-17T22:33:31","guid":{"rendered":"https:\/\/ual-website.iqe.al\/lajme-universitare\/"},"modified":"2026-03-12T21:24:51","modified_gmt":"2026-03-12T20:24:51","slug":"lajme-universitare","status":"publish","type":"page","link":"https:\/\/ual-website.iqe.al\/sq\/lajme-universitare\/","title":{"rendered":"Lajme Universitare"},"content":{"rendered":"\t\t<div data-elementor-type=\"wp-page\" data-elementor-id=\"21889\" class=\"elementor elementor-21889 elementor-15293\" data-elementor-post-type=\"page\">\n\t\t\t\t<div class=\"elementor-element elementor-element-3a02feb e-flex e-con-boxed rt-default-class e-con e-parent\" data-id=\"3a02feb\" data-element_type=\"container\" data-e-type=\"container\">\n\t\t\t\t\t<div class=\"e-con-inner\">\n\t\t\t\t<div class=\"elementor-element elementor-element-f75d8f5 rt-default-class elementor-widget elementor-widget-text-editor\" data-id=\"f75d8f5\" data-element_type=\"widget\" data-e-type=\"widget\" data-widget_type=\"text-editor.default\">\n\t\t\t\t\t\t\t\t\t<p>Q\u00ebndroni t\u00eb azhurnuar me aktivitetet, botimet dhe ngjarjet m\u00eb t\u00eb fundit t\u00eb UAL.<\/p>\t\t\t\t\t\t\t\t<\/div>\n\t\t\t\t<div class=\"elementor-element elementor-element-befd427 rt-default-class elementor-widget elementor-widget-react-blog\" data-id=\"befd427\" data-element_type=\"widget\" data-e-type=\"widget\" data-widget_type=\"react-blog.default\">\n\t\t\t\t<div class=\"elementor-widget-container\">\n\t\t\t\t\t\t\t<div class=\"reactheme-blog-grid2x reactheme-blog-grid blog--style4\"> \r\n            <div class=\"row blog-gird-item\">\r\n\t\t\t \t<div class=\"grid-item rts-blog-post col-lg-4 col-md-6 col-sm-12 col-12\">\r\n    <div class=\"single-blog blog-item\">\r\n        <div class=\"blog single-blog__content\">\r\n                            <div class=\"blog__thumb\">\r\n                    <a href=\"https:\/\/ual-website.iqe.al\/sq\/blogu\/java-erasmus-dhe-programi-bip\/\">\r\n                        <img fetchpriority=\"high\" decoding=\"async\" width=\"360\" height=\"260\" src=\"https:\/\/ual-website.iqe.al\/wp-content\/uploads\/2026\/02\/1771407927365-360x260.jpg\" class=\"attachment-unipix-portfolio size-unipix-portfolio wp-post-image\" alt=\"\" srcset=\"https:\/\/ual-website.iqe.al\/wp-content\/uploads\/2026\/02\/1771407927365-360x260.jpg 360w, https:\/\/ual-website.iqe.al\/wp-content\/uploads\/2026\/02\/1771407927365-400x290.jpg 400w\" sizes=\"(max-width: 360px) 100vw, 360px\" \/>                    <\/a>\r\n                <\/div>\r\n                        <div class=\"blog__meta\">\r\n                <div class=\"blog__meta--da\">\r\n                                            <div class=\"rt-date\">\r\n                            <span><i class=\"rt-calendar-days\"><\/i><\/span>\r\n                            <span>18 Shkurt 2026<\/span>\r\n                        <\/div>\r\n                                        <\/div>\r\n                <h5 class=\"blog__title\">\r\n                    <a href=\"https:\/\/ual-website.iqe.al\/sq\/blogu\/java-erasmus-dhe-programi-bip\/\" class=\"post-title\">\r\n                        Java Erasmus dhe programi BIP                    <\/a>\r\n                <\/h5>\r\n                                    <a href=\"https:\/\/ual-website.iqe.al\/sq\/blogu\/java-erasmus-dhe-programi-bip\/\" class=\"react_button\">\r\n                        Lexo m\u00eb shum\u00eb                                                    <span><i class=\"rt rt-arrow-right-regular\"><\/i><\/span>\r\n                                            <\/a>\r\n                \r\n            <\/div>\r\n        <\/div>\r\n    <\/div>\r\n<\/div>\r\n\r\n\r\n\r\n<div class=\"grid-item rts-blog-post col-lg-4 col-md-6 col-sm-12 col-12\">\r\n    <div class=\"single-blog blog-item\">\r\n        <div class=\"blog single-blog__content\">\r\n                        <div class=\"blog__meta\">\r\n                <div class=\"blog__meta--da\">\r\n                                            <div class=\"rt-date\">\r\n                            <span><i class=\"rt-calendar-days\"><\/i><\/span>\r\n                            <span>15 Shkurt 2026<\/span>\r\n                        <\/div>\r\n                                        <\/div>\r\n                <h5 class=\"blog__title\">\r\n                    <a href=\"https:\/\/ual-website.iqe.al\/sq\/konferenca\/programi-i-konferences-icms-2021\/\" class=\"post-title\">\r\n                        PROGRAMI I KONFERENC\u00cbS ICMS 2021                    <\/a>\r\n                <\/h5>\r\n                                    <a href=\"https:\/\/ual-website.iqe.al\/sq\/konferenca\/programi-i-konferences-icms-2021\/\" class=\"react_button\">\r\n                        Lexo m\u00eb shum\u00eb                                                    <span><i class=\"rt rt-arrow-right-regular\"><\/i><\/span>\r\n                                            <\/a>\r\n                \r\n            <\/div>\r\n        <\/div>\r\n    <\/div>\r\n<\/div>\r\n\r\n\r\n\r\n<div class=\"grid-item rts-blog-post col-lg-4 col-md-6 col-sm-12 col-12\">\r\n    <div class=\"single-blog blog-item\">\r\n        <div class=\"blog single-blog__content\">\r\n                            <div class=\"blog__thumb\">\r\n                    <a href=\"https:\/\/ual-website.iqe.al\/sq\/blogu\/sesioni-i-provimeve-te-shkurtit-ne-ual-ka-perfunduar-me-sukses\/\">\r\n                        <img decoding=\"async\" width=\"360\" height=\"260\" src=\"https:\/\/ual-website.iqe.al\/wp-content\/uploads\/2026\/02\/631677318_1488966779896917_6645007395207713627_n-360x260.jpg\" class=\"attachment-unipix-portfolio size-unipix-portfolio wp-post-image\" alt=\"\" srcset=\"https:\/\/ual-website.iqe.al\/wp-content\/uploads\/2026\/02\/631677318_1488966779896917_6645007395207713627_n-360x260.jpg 360w, https:\/\/ual-website.iqe.al\/wp-content\/uploads\/2026\/02\/631677318_1488966779896917_6645007395207713627_n-400x290.jpg 400w\" sizes=\"(max-width: 360px) 100vw, 360px\" \/>                    <\/a>\r\n                <\/div>\r\n                        <div class=\"blog__meta\">\r\n                <div class=\"blog__meta--da\">\r\n                                            <div class=\"rt-date\">\r\n                            <span><i class=\"rt-calendar-days\"><\/i><\/span>\r\n                            <span>14 Shkurt 2026<\/span>\r\n                        <\/div>\r\n                                        <\/div>\r\n                <h5 class=\"blog__title\">\r\n                    <a href=\"https:\/\/ual-website.iqe.al\/sq\/blogu\/sesioni-i-provimeve-te-shkurtit-ne-ual-ka-perfunduar-me-sukses\/\" class=\"post-title\">\r\n                        Sesioni i provimeve t\u00eb shkurtit n\u00eb UAL ka p\u00ebrfunduar me                    <\/a>\r\n                <\/h5>\r\n                                    <a href=\"https:\/\/ual-website.iqe.al\/sq\/blogu\/sesioni-i-provimeve-te-shkurtit-ne-ual-ka-perfunduar-me-sukses\/\" class=\"react_button\">\r\n                        Lexo m\u00eb shum\u00eb                                                    <span><i class=\"rt rt-arrow-right-regular\"><\/i><\/span>\r\n                                            <\/a>\r\n                \r\n            <\/div>\r\n        <\/div>\r\n    <\/div>\r\n<\/div>\r\n\r\n\r\n\r\n<div class=\"grid-item rts-blog-post col-lg-4 col-md-6 col-sm-12 col-12\">\r\n    <div class=\"single-blog blog-item\">\r\n        <div class=\"blog single-blog__content\">\r\n                            <div class=\"blog__thumb\">\r\n                    <a href=\"https:\/\/ual-website.iqe.al\/sq\/blogu\/nje-hap-me-afer-cilesise-dhe-integritetit-shkencor\/\">\r\n                        <img decoding=\"async\" width=\"360\" height=\"260\" src=\"https:\/\/ual-website.iqe.al\/wp-content\/uploads\/2026\/02\/634797932_1491058726354389_5762195488241225955_n-360x260.jpg\" class=\"attachment-unipix-portfolio size-unipix-portfolio wp-post-image\" alt=\"\" srcset=\"https:\/\/ual-website.iqe.al\/wp-content\/uploads\/2026\/02\/634797932_1491058726354389_5762195488241225955_n-360x260.jpg 360w, https:\/\/ual-website.iqe.al\/wp-content\/uploads\/2026\/02\/634797932_1491058726354389_5762195488241225955_n-400x290.jpg 400w\" sizes=\"(max-width: 360px) 100vw, 360px\" \/>                    <\/a>\r\n                <\/div>\r\n                        <div class=\"blog__meta\">\r\n                <div class=\"blog__meta--da\">\r\n                                            <div class=\"rt-date\">\r\n                            <span><i class=\"rt-calendar-days\"><\/i><\/span>\r\n                            <span>14 Shkurt 2026<\/span>\r\n                        <\/div>\r\n                                        <\/div>\r\n                <h5 class=\"blog__title\">\r\n                    <a href=\"https:\/\/ual-website.iqe.al\/sq\/blogu\/nje-hap-me-afer-cilesise-dhe-integritetit-shkencor\/\" class=\"post-title\">\r\n                        Nj\u00eb hap m\u00eb af\u00ebr cil\u00ebsis\u00eb dhe integritetit shkencor                    <\/a>\r\n                <\/h5>\r\n                                    <a href=\"https:\/\/ual-website.iqe.al\/sq\/blogu\/nje-hap-me-afer-cilesise-dhe-integritetit-shkencor\/\" class=\"react_button\">\r\n                        Lexo m\u00eb shum\u00eb                                                    <span><i class=\"rt rt-arrow-right-regular\"><\/i><\/span>\r\n                                            <\/a>\r\n                \r\n            <\/div>\r\n        <\/div>\r\n    <\/div>\r\n<\/div>\r\n\r\n\r\n\r\n<div class=\"grid-item rts-blog-post col-lg-4 col-md-6 col-sm-12 col-12\">\r\n    <div class=\"single-blog blog-item\">\r\n        <div class=\"blog single-blog__content\">\r\n                            <div class=\"blog__thumb\">\r\n                    <a href=\"https:\/\/ual-website.iqe.al\/sq\/media\/galeria-e-medias\/laboratori-dentar\/\">\r\n                        <img loading=\"lazy\" decoding=\"async\" width=\"360\" height=\"260\" src=\"https:\/\/ual-website.iqe.al\/wp-content\/uploads\/2026\/02\/FRAME-ALDENT_1.11.1-360x260.jpg\" class=\"attachment-unipix-portfolio size-unipix-portfolio wp-post-image\" alt=\"Laboratori Dentar\" srcset=\"https:\/\/ual-website.iqe.al\/wp-content\/uploads\/2026\/02\/FRAME-ALDENT_1.11.1-360x260.jpg 360w, https:\/\/ual-website.iqe.al\/wp-content\/uploads\/2026\/02\/FRAME-ALDENT_1.11.1-400x290.jpg 400w\" sizes=\"(max-width: 360px) 100vw, 360px\" \/>                    <\/a>\r\n                <\/div>\r\n                        <div class=\"blog__meta\">\r\n                <div class=\"blog__meta--da\">\r\n                                            <div class=\"rt-date\">\r\n                            <span><i class=\"rt-calendar-days\"><\/i><\/span>\r\n                            <span>7 Shkurt 2026<\/span>\r\n                        <\/div>\r\n                                        <\/div>\r\n                <h5 class=\"blog__title\">\r\n                    <a href=\"https:\/\/ual-website.iqe.al\/sq\/media\/galeria-e-medias\/laboratori-dentar\/\" class=\"post-title\">\r\n                        Laboratori Dentar                    <\/a>\r\n                <\/h5>\r\n                                    <a href=\"https:\/\/ual-website.iqe.al\/sq\/media\/galeria-e-medias\/laboratori-dentar\/\" class=\"react_button\">\r\n                        Lexo m\u00eb shum\u00eb                                                    <span><i class=\"rt rt-arrow-right-regular\"><\/i><\/span>\r\n                                            <\/a>\r\n                \r\n            <\/div>\r\n        <\/div>\r\n    <\/div>\r\n<\/div>\r\n\r\n\r\n\r\n<div class=\"grid-item rts-blog-post col-lg-4 col-md-6 col-sm-12 col-12\">\r\n    <div class=\"single-blog blog-item\">\r\n        <div class=\"blog single-blog__content\">\r\n                            <div class=\"blog__thumb\">\r\n                    <a href=\"https:\/\/ual-website.iqe.al\/sq\/media\/galeria-e-medias\/teknik-laboratori-dentar\/\">\r\n                        <img loading=\"lazy\" decoding=\"async\" width=\"360\" height=\"260\" src=\"https:\/\/ual-website.iqe.al\/wp-content\/uploads\/2026\/02\/FRAME-ALDENT_1.21.1-360x260.jpg\" class=\"attachment-unipix-portfolio size-unipix-portfolio wp-post-image\" alt=\"Laboratori i Laboratorit Dentar\" srcset=\"https:\/\/ual-website.iqe.al\/wp-content\/uploads\/2026\/02\/FRAME-ALDENT_1.21.1-360x260.jpg 360w, https:\/\/ual-website.iqe.al\/wp-content\/uploads\/2026\/02\/FRAME-ALDENT_1.21.1-400x290.jpg 400w\" sizes=\"(max-width: 360px) 100vw, 360px\" \/>                    <\/a>\r\n                <\/div>\r\n                        <div class=\"blog__meta\">\r\n                <div class=\"blog__meta--da\">\r\n                                            <div class=\"rt-date\">\r\n                            <span><i class=\"rt-calendar-days\"><\/i><\/span>\r\n                            <span>7 Shkurt 2026<\/span>\r\n                        <\/div>\r\n                                        <\/div>\r\n                <h5 class=\"blog__title\">\r\n                    <a href=\"https:\/\/ual-website.iqe.al\/sq\/media\/galeria-e-medias\/teknik-laboratori-dentar\/\" class=\"post-title\">\r\n                        Teknik Laboratori Dentar                    <\/a>\r\n                <\/h5>\r\n                                    <a href=\"https:\/\/ual-website.iqe.al\/sq\/media\/galeria-e-medias\/teknik-laboratori-dentar\/\" class=\"react_button\">\r\n                        Lexo m\u00eb shum\u00eb                                                    <span><i class=\"rt rt-arrow-right-regular\"><\/i><\/span>\r\n                                            <\/a>\r\n                \r\n            <\/div>\r\n        <\/div>\r\n    <\/div>\r\n<\/div>\r\n\r\n\r\n\r\n             \r\n                         \r\n                <\/div>                                 \r\n            \t    \r\n                \t\t\t\t<div class=\"reactheme-pagination-area\"><div class=\"nav-links\"><span aria-current=\"page\" class=\"page-numbers current\">1<\/span>\n<a class=\"page-numbers\" href=\"https:\/\/ual-website.iqe.al\/sq\/wp-json\/wp\/v2\/pages\/21889\/page\/2\/\">2<\/a>\n<a class=\"page-numbers\" href=\"https:\/\/ual-website.iqe.al\/sq\/wp-json\/wp\/v2\/pages\/21889\/page\/3\/\">3<\/a>\n<a class=\"page-numbers\" href=\"https:\/\/ual-website.iqe.al\/sq\/wp-json\/wp\/v2\/pages\/21889\/page\/4\/\">4<\/a>\n<a class=\"next page-numbers\" href=\"https:\/\/ual-website.iqe.al\/sq\/wp-json\/wp\/v2\/pages\/21889\/page\/2\/\">&raquo;<\/a><\/div><\/div>\r\n\t\t\t              \r\n\t\t<\/div>\r\n\t   \t\t\t\t<\/div>\n\t\t\t\t<\/div>\n\t\t\t\t\t<\/div>\n\t\t\t\t<\/div>\n\t\t\t\t<\/div>\n\t\t","protected":false},"excerpt":{"rendered":"<p>Q\u00ebndroni t\u00eb azhurnuar me aktivitetet, botimet dhe ngjarjet m\u00eb t\u00eb fundit t\u00eb UAL. February 18, 2026 Erasmus Week and the BIP programme Lexo m\u00eb shum\u00eb February 15, 2026 ICMS 2021&#8230;<\/p>\n","protected":false},"author":2,"featured_media":20385,"parent":0,"menu_order":0,"comment_status":"closed","ping_status":"closed","template":"","meta":{"_acf_changed":false,"_price":"","_stock":"","_tribe_ticket_header":"","_tribe_default_ticket_provider":"","_tribe_ticket_capacity":"0","_ticket_start_date":"","_ticket_end_date":"","_tribe_ticket_show_description":"","_tribe_ticket_show_not_going":false,"_tribe_ticket_use_global_stock":"","_tribe_ticket_global_stock_level":"","_global_stock_mode":"","_global_stock_cap":"","_tribe_rsvp_for_event":"","_tribe_ticket_going_count":"","_tribe_ticket_not_going_count":"","_tribe_tickets_list":"[]","_tribe_ticket_has_attendee_info_fields":false,"footnotes":"","_tec_slr_enabled":"","_tec_slr_layout":""},"class_list":["post-21889","page","type-page","status-publish","has-post-thumbnail","hentry"],"acf":[],"yoast_head":"<!-- This site is optimized with the Yoast SEO Premium plugin v27.0 (Yoast SEO v27.3) - https:\/\/yoast.com\/product\/yoast-seo-premium-wordpress\/ -->\n<title>Lajme Universitare - Aldent University<\/title>\n<meta name=\"robots\" content=\"noindex, follow, max-snippet:-1, max-image-preview:large, max-video-preview:-1\" \/>\n<meta property=\"og:locale\" content=\"sq_AL\" \/>\n<meta property=\"og:type\" content=\"article\" \/>\n<meta property=\"og:title\" content=\"Lajme Universitare\" \/>\n<meta property=\"og:description\" content=\"Q\u00ebndroni t\u00eb azhurnuar me aktivitetet, botimet dhe ngjarjet m\u00eb t\u00eb fundit t\u00eb UAL. February 18, 2026 Erasmus Week and the BIP programme Lexo m\u00eb shum\u00eb February 15, 2026 ICMS 2021...\" \/>\n<meta property=\"og:url\" content=\"https:\/\/ual-website.iqe.al\/sq\/lajme-universitare\/\" \/>\n<meta property=\"og:site_name\" content=\"Aldent University\" \/>\n<meta property=\"article:publisher\" content=\"https:\/\/www.facebook.com\/universitetialdent\" \/>\n<meta property=\"article:modified_time\" content=\"2026-03-12T20:24:51+00:00\" \/>\n<meta property=\"og:image\" content=\"https:\/\/ual-website.iqe.al\/wp-content\/uploads\/2026\/01\/social-share.jpg\" \/>\n\t<meta property=\"og:image:width\" content=\"1830\" \/>\n\t<meta property=\"og:image:height\" content=\"778\" \/>\n\t<meta property=\"og:image:type\" content=\"image\/jpeg\" \/>\n<meta name=\"twitter:card\" content=\"summary_large_image\" \/>\n<script type=\"application\/ld+json\" class=\"yoast-schema-graph\">{\"@context\":\"https:\\\/\\\/schema.org\",\"@graph\":[{\"@type\":\"WebPage\",\"@id\":\"https:\\\/\\\/ual-website.iqe.al\\\/sq\\\/lajme-universitare\\\/\",\"url\":\"https:\\\/\\\/ual-website.iqe.al\\\/sq\\\/lajme-universitare\\\/\",\"name\":\"Lajme Universitare - Aldent University\",\"isPartOf\":{\"@id\":\"https:\\\/\\\/ual-website.iqe.al\\\/sq\\\/#website\"},\"primaryImageOfPage\":{\"@id\":\"https:\\\/\\\/ual-website.iqe.al\\\/sq\\\/lajme-universitare\\\/#primaryimage\"},\"image\":{\"@id\":\"https:\\\/\\\/ual-website.iqe.al\\\/sq\\\/lajme-universitare\\\/#primaryimage\"},\"thumbnailUrl\":\"https:\\\/\\\/ual-website.iqe.al\\\/wp-content\\\/uploads\\\/2026\\\/01\\\/social-share.jpg\",\"datePublished\":\"2026-01-17T22:33:31+00:00\",\"dateModified\":\"2026-03-12T20:24:51+00:00\",\"breadcrumb\":{\"@id\":\"https:\\\/\\\/ual-website.iqe.al\\\/sq\\\/lajme-universitare\\\/#breadcrumb\"},\"inLanguage\":\"sq\",\"potentialAction\":[{\"@type\":\"ReadAction\",\"target\":[\"https:\\\/\\\/ual-website.iqe.al\\\/sq\\\/lajme-universitare\\\/\"]}]},{\"@type\":\"ImageObject\",\"inLanguage\":\"sq\",\"@id\":\"https:\\\/\\\/ual-website.iqe.al\\\/sq\\\/lajme-universitare\\\/#primaryimage\",\"url\":\"https:\\\/\\\/ual-website.iqe.al\\\/wp-content\\\/uploads\\\/2026\\\/01\\\/social-share.jpg\",\"contentUrl\":\"https:\\\/\\\/ual-website.iqe.al\\\/wp-content\\\/uploads\\\/2026\\\/01\\\/social-share.jpg\",\"width\":1830,\"height\":778,\"caption\":\"Universiteti Aldent! Besoni te profesionist\u00ebt!\"},{\"@type\":\"BreadcrumbList\",\"@id\":\"https:\\\/\\\/ual-website.iqe.al\\\/sq\\\/lajme-universitare\\\/#breadcrumb\",\"itemListElement\":[{\"@type\":\"ListItem\",\"position\":1,\"name\":\"Kreu\",\"item\":\"https:\\\/\\\/ual-website.iqe.al\\\/sq\\\/kreu\\\/\"},{\"@type\":\"ListItem\",\"position\":2,\"name\":\"Lajme Universitare\"}]},{\"@type\":\"WebSite\",\"@id\":\"https:\\\/\\\/ual-website.iqe.al\\\/sq\\\/#website\",\"url\":\"https:\\\/\\\/ual-website.iqe.al\\\/sq\\\/\",\"name\":\"Aldent University\",\"description\":\"Trust the Professionals\",\"publisher\":{\"@id\":\"https:\\\/\\\/ual-website.iqe.al\\\/sq\\\/#organization\"},\"potentialAction\":[{\"@type\":\"SearchAction\",\"target\":{\"@type\":\"EntryPoint\",\"urlTemplate\":\"https:\\\/\\\/ual-website.iqe.al\\\/sq\\\/?s={search_term_string}\"},\"query-input\":{\"@type\":\"PropertyValueSpecification\",\"valueRequired\":true,\"valueName\":\"search_term_string\"}}],\"inLanguage\":\"sq\"},{\"@type\":\"Organization\",\"@id\":\"https:\\\/\\\/ual-website.iqe.al\\\/sq\\\/#organization\",\"name\":\"Universiteti Aldent\",\"alternateName\":\"UAL\",\"url\":\"https:\\\/\\\/ual-website.iqe.al\\\/sq\\\/\",\"logo\":{\"@type\":\"ImageObject\",\"inLanguage\":\"sq\",\"@id\":\"https:\\\/\\\/ual-website.iqe.al\\\/sq\\\/#\\\/schema\\\/logo\\\/image\\\/\",\"url\":\"https:\\\/\\\/ual-website.iqe.al\\\/wp-content\\\/uploads\\\/2024\\\/09\\\/cropped-ual-icon.png\",\"contentUrl\":\"https:\\\/\\\/ual-website.iqe.al\\\/wp-content\\\/uploads\\\/2024\\\/09\\\/cropped-ual-icon.png\",\"width\":512,\"height\":512,\"caption\":\"Universiteti Aldent\"},\"image\":{\"@id\":\"https:\\\/\\\/ual-website.iqe.al\\\/sq\\\/#\\\/schema\\\/logo\\\/image\\\/\"},\"sameAs\":[\"https:\\\/\\\/www.facebook.com\\\/universitetialdent\",\"https:\\\/\\\/www.instagram.com\\\/universiteti.aldent\\\/\",\"https:\\\/\\\/www.linkedin.com\\\/company\\\/aldent-university\\\/\",\"https:\\\/\\\/www.youtube.com\\\/channel\\\/UCx4IIThWkgFpYEZgw5eUzNQ\"]}]}<\/script>\n<!-- \/ Yoast SEO Premium plugin. -->","yoast_head_json":{"title":"Lajme Universitare - Aldent University","robots":{"index":"noindex","follow":"follow","max-snippet":"max-snippet:-1","max-image-preview":"max-image-preview:large","max-video-preview":"max-video-preview:-1"},"og_locale":"sq_AL","og_type":"article","og_title":"Lajme Universitare","og_description":"Q\u00ebndroni t\u00eb azhurnuar me aktivitetet, botimet dhe ngjarjet m\u00eb t\u00eb fundit t\u00eb UAL. February 18, 2026 Erasmus Week and the BIP programme Lexo m\u00eb shum\u00eb February 15, 2026 ICMS 2021...","og_url":"https:\/\/ual-website.iqe.al\/sq\/lajme-universitare\/","og_site_name":"Aldent University","article_publisher":"https:\/\/www.facebook.com\/universitetialdent","article_modified_time":"2026-03-12T20:24:51+00:00","og_image":[{"width":1830,"height":778,"url":"https:\/\/ual-website.iqe.al\/wp-content\/uploads\/2026\/01\/social-share.jpg","type":"image\/jpeg"}],"twitter_card":"summary_large_image","schema":{"@context":"https:\/\/schema.org","@graph":[{"@type":"WebPage","@id":"https:\/\/ual-website.iqe.al\/sq\/lajme-universitare\/","url":"https:\/\/ual-website.iqe.al\/sq\/lajme-universitare\/","name":"Lajme Universitare - Aldent University","isPartOf":{"@id":"https:\/\/ual-website.iqe.al\/sq\/#website"},"primaryImageOfPage":{"@id":"https:\/\/ual-website.iqe.al\/sq\/lajme-universitare\/#primaryimage"},"image":{"@id":"https:\/\/ual-website.iqe.al\/sq\/lajme-universitare\/#primaryimage"},"thumbnailUrl":"https:\/\/ual-website.iqe.al\/wp-content\/uploads\/2026\/01\/social-share.jpg","datePublished":"2026-01-17T22:33:31+00:00","dateModified":"2026-03-12T20:24:51+00:00","breadcrumb":{"@id":"https:\/\/ual-website.iqe.al\/sq\/lajme-universitare\/#breadcrumb"},"inLanguage":"sq","potentialAction":[{"@type":"ReadAction","target":["https:\/\/ual-website.iqe.al\/sq\/lajme-universitare\/"]}]},{"@type":"ImageObject","inLanguage":"sq","@id":"https:\/\/ual-website.iqe.al\/sq\/lajme-universitare\/#primaryimage","url":"https:\/\/ual-website.iqe.al\/wp-content\/uploads\/2026\/01\/social-share.jpg","contentUrl":"https:\/\/ual-website.iqe.al\/wp-content\/uploads\/2026\/01\/social-share.jpg","width":1830,"height":778,"caption":"Universiteti Aldent! Besoni te profesionist\u00ebt!"},{"@type":"BreadcrumbList","@id":"https:\/\/ual-website.iqe.al\/sq\/lajme-universitare\/#breadcrumb","itemListElement":[{"@type":"ListItem","position":1,"name":"Kreu","item":"https:\/\/ual-website.iqe.al\/sq\/kreu\/"},{"@type":"ListItem","position":2,"name":"Lajme Universitare"}]},{"@type":"WebSite","@id":"https:\/\/ual-website.iqe.al\/sq\/#website","url":"https:\/\/ual-website.iqe.al\/sq\/","name":"Aldent University","description":"Trust the Professionals","publisher":{"@id":"https:\/\/ual-website.iqe.al\/sq\/#organization"},"potentialAction":[{"@type":"SearchAction","target":{"@type":"EntryPoint","urlTemplate":"https:\/\/ual-website.iqe.al\/sq\/?s={search_term_string}"},"query-input":{"@type":"PropertyValueSpecification","valueRequired":true,"valueName":"search_term_string"}}],"inLanguage":"sq"},{"@type":"Organization","@id":"https:\/\/ual-website.iqe.al\/sq\/#organization","name":"Universiteti Aldent","alternateName":"UAL","url":"https:\/\/ual-website.iqe.al\/sq\/","logo":{"@type":"ImageObject","inLanguage":"sq","@id":"https:\/\/ual-website.iqe.al\/sq\/#\/schema\/logo\/image\/","url":"https:\/\/ual-website.iqe.al\/wp-content\/uploads\/2024\/09\/cropped-ual-icon.png","contentUrl":"https:\/\/ual-website.iqe.al\/wp-content\/uploads\/2024\/09\/cropped-ual-icon.png","width":512,"height":512,"caption":"Universiteti Aldent"},"image":{"@id":"https:\/\/ual-website.iqe.al\/sq\/#\/schema\/logo\/image\/"},"sameAs":["https:\/\/www.facebook.com\/universitetialdent","https:\/\/www.instagram.com\/universiteti.aldent\/","https:\/\/www.linkedin.com\/company\/aldent-university\/","https:\/\/www.youtube.com\/channel\/UCx4IIThWkgFpYEZgw5eUzNQ"]}]}},"ticketed":false,"_links":{"self":[{"href":"https:\/\/ual-website.iqe.al\/sq\/wp-json\/wp\/v2\/pages\/21889","targetHints":{"allow":["GET"]}}],"collection":[{"href":"https:\/\/ual-website.iqe.al\/sq\/wp-json\/wp\/v2\/pages"}],"about":[{"href":"https:\/\/ual-website.iqe.al\/sq\/wp-json\/wp\/v2\/types\/page"}],"author":[{"embeddable":true,"href":"https:\/\/ual-website.iqe.al\/sq\/wp-json\/wp\/v2\/users\/2"}],"replies":[{"embeddable":true,"href":"https:\/\/ual-website.iqe.al\/sq\/wp-json\/wp\/v2\/comments?post=21889"}],"version-history":[{"count":1,"href":"https:\/\/ual-website.iqe.al\/sq\/wp-json\/wp\/v2\/pages\/21889\/revisions"}],"predecessor-version":[{"id":21891,"href":"https:\/\/ual-website.iqe.al\/sq\/wp-json\/wp\/v2\/pages\/21889\/revisions\/21891"}],"wp:featuredmedia":[{"embeddable":true,"href":"https:\/\/ual-website.iqe.al\/sq\/wp-json\/wp\/v2\/media\/20385"}],"wp:attachment":[{"href":"https:\/\/ual-website.iqe.al\/sq\/wp-json\/wp\/v2\/media?parent=21889"}],"curies":[{"name":"wp","href":"https:\/\/api.w.org\/{rel}","templated":true}]}}