{"id":21912,"date":"2026-01-17T23:32:48","date_gmt":"2026-01-17T22:32:48","guid":{"rendered":"https:\/\/ual-website.iqe.al\/galerite-e-imazheve\/"},"modified":"2026-03-12T21:25:13","modified_gmt":"2026-03-12T20:25:13","slug":"galerite-e-imazheve","status":"publish","type":"page","link":"https:\/\/ual-website.iqe.al\/sq\/galerite-e-imazheve\/","title":{"rendered":"Galerit\u00eb e Imazheve"},"content":{"rendered":"\t\t<div data-elementor-type=\"wp-page\" data-elementor-id=\"21912\" class=\"elementor elementor-21912 elementor-15289\" data-elementor-post-type=\"page\">\n\t\t\t\t<div class=\"elementor-element elementor-element-9d0b3f8 e-flex e-con-boxed rt-default-class e-con e-parent\" data-id=\"9d0b3f8\" data-element_type=\"container\" data-e-type=\"container\">\n\t\t\t\t\t<div class=\"e-con-inner\">\n\t\t\t\t<div class=\"elementor-element elementor-element-6d8ed3c rt-default-class elementor-widget elementor-widget-text-editor\" data-id=\"6d8ed3c\" data-element_type=\"widget\" data-e-type=\"widget\" data-widget_type=\"text-editor.default\">\n\t\t\t\t\t\t\t\t\t<p>Q\u00ebndroni t\u00eb azhurnuar me aktivitetet, botimet dhe ngjarjet m\u00eb t\u00eb fundit t\u00eb UAL.<\/p>\t\t\t\t\t\t\t\t<\/div>\n\t\t\t\t<div class=\"elementor-element elementor-element-49c31eb rt-default-class elementor-widget elementor-widget-react-blog\" data-id=\"49c31eb\" data-element_type=\"widget\" data-e-type=\"widget\" data-widget_type=\"react-blog.default\">\n\t\t\t\t<div class=\"elementor-widget-container\">\n\t\t\t\t\t\t\t<div class=\"reactheme-blog-grid2x reactheme-blog-grid blog--style1\"> \r\n            <div class=\"row blog-gird-item\">\r\n\t\t\t \t<div class=\"grid-item rts-blog v_1 col-lg-4 col-md-6 col-sm-12 col-12 filter_galeria-e-medias \">\n    <div class=\"rts-blog-post blog-v-full blog-item\">\n        <div class=\"single-blog-post\">\n                            <a aria-label=\"blog thumb\" href=\"https:\/\/ual-website.iqe.al\/sq\/media\/galeria-e-medias\/laboratori-dentar\/\" class=\"blog-thumb\">\n                    <img fetchpriority=\"high\" decoding=\"async\" width=\"300\" height=\"169\" src=\"https:\/\/ual-website.iqe.al\/wp-content\/uploads\/2026\/02\/FRAME-ALDENT_1.11.1-300x169.jpg\" class=\"attachment-medium size-medium wp-post-image\" alt=\"Laboratori Dentar\" srcset=\"https:\/\/ual-website.iqe.al\/wp-content\/uploads\/2026\/02\/FRAME-ALDENT_1.11.1-300x169.jpg 300w, https:\/\/ual-website.iqe.al\/wp-content\/uploads\/2026\/02\/FRAME-ALDENT_1.11.1-1024x576.jpg 1024w, https:\/\/ual-website.iqe.al\/wp-content\/uploads\/2026\/02\/FRAME-ALDENT_1.11.1-768x432.jpg 768w, https:\/\/ual-website.iqe.al\/wp-content\/uploads\/2026\/02\/FRAME-ALDENT_1.11.1.jpg 1365w\" sizes=\"(max-width: 300px) 100vw, 300px\" \/>                <\/a>\n                        \n            <div class=\"blog-content\">\n                <div class=\"post-meta\">\n                                    <\/div>\n                <a aria-label=\"blog title\" href=\"https:\/\/ual-website.iqe.al\/sq\/media\/galeria-e-medias\/laboratori-dentar\/\" class=\"post-title\">\n                    Laboratori Dentar                <\/a>\n            <\/div>\n        <\/div>\n    <\/div>\n<\/div><div class=\"grid-item rts-blog v_1 col-lg-4 col-md-6 col-sm-12 col-12 filter_galeria-e-medias \">\n    <div class=\"rts-blog-post blog-v-full blog-item\">\n        <div class=\"single-blog-post\">\n                            <a aria-label=\"blog thumb\" href=\"https:\/\/ual-website.iqe.al\/sq\/media\/galeria-e-medias\/teknik-laboratori-dentar\/\" class=\"blog-thumb\">\n                    <img decoding=\"async\" width=\"300\" height=\"169\" src=\"https:\/\/ual-website.iqe.al\/wp-content\/uploads\/2026\/02\/FRAME-ALDENT_1.21.1-300x169.jpg\" class=\"attachment-medium size-medium wp-post-image\" alt=\"Laboratori i Laboratorit Dentar\" srcset=\"https:\/\/ual-website.iqe.al\/wp-content\/uploads\/2026\/02\/FRAME-ALDENT_1.21.1-300x169.jpg 300w, https:\/\/ual-website.iqe.al\/wp-content\/uploads\/2026\/02\/FRAME-ALDENT_1.21.1-1024x576.jpg 1024w, https:\/\/ual-website.iqe.al\/wp-content\/uploads\/2026\/02\/FRAME-ALDENT_1.21.1-768x432.jpg 768w, https:\/\/ual-website.iqe.al\/wp-content\/uploads\/2026\/02\/FRAME-ALDENT_1.21.1.jpg 1365w\" sizes=\"(max-width: 300px) 100vw, 300px\" \/>                <\/a>\n                        \n            <div class=\"blog-content\">\n                <div class=\"post-meta\">\n                                    <\/div>\n                <a aria-label=\"blog title\" href=\"https:\/\/ual-website.iqe.al\/sq\/media\/galeria-e-medias\/teknik-laboratori-dentar\/\" class=\"post-title\">\n                    Teknik Laboratori Dentar                <\/a>\n            <\/div>\n        <\/div>\n    <\/div>\n<\/div><div class=\"grid-item rts-blog v_1 col-lg-4 col-md-6 col-sm-12 col-12 filter_galeria-e-medias \">\n    <div class=\"rts-blog-post blog-v-full blog-item\">\n        <div class=\"single-blog-post\">\n                            <a aria-label=\"blog thumb\" href=\"https:\/\/ual-website.iqe.al\/sq\/media\/galeria-e-medias\/brendesia-e-kampusit-ual\/\" class=\"blog-thumb\">\n                    <img decoding=\"async\" width=\"300\" height=\"200\" src=\"https:\/\/ual-website.iqe.al\/wp-content\/uploads\/2026\/02\/DSC01087-300x200.jpg\" class=\"attachment-medium size-medium wp-post-image\" alt=\"Brend\u00ebsia e Kampusit UAL\" srcset=\"https:\/\/ual-website.iqe.al\/wp-content\/uploads\/2026\/02\/DSC01087-300x200.jpg 300w, https:\/\/ual-website.iqe.al\/wp-content\/uploads\/2026\/02\/DSC01087-1024x683.jpg 1024w, https:\/\/ual-website.iqe.al\/wp-content\/uploads\/2026\/02\/DSC01087-768x512.jpg 768w, https:\/\/ual-website.iqe.al\/wp-content\/uploads\/2026\/02\/DSC01087.jpg 1152w\" sizes=\"(max-width: 300px) 100vw, 300px\" \/>                <\/a>\n                        \n            <div class=\"blog-content\">\n                <div class=\"post-meta\">\n                                    <\/div>\n                <a aria-label=\"blog title\" href=\"https:\/\/ual-website.iqe.al\/sq\/media\/galeria-e-medias\/brendesia-e-kampusit-ual\/\" class=\"post-title\">\n                    Brend\u00ebsia e Kampusit UAL                <\/a>\n            <\/div>\n        <\/div>\n    <\/div>\n<\/div><div class=\"grid-item rts-blog v_1 col-lg-4 col-md-6 col-sm-12 col-12 filter_galeria-e-medias \">\n    <div class=\"rts-blog-post blog-v-full blog-item\">\n        <div class=\"single-blog-post\">\n                            <a aria-label=\"blog thumb\" href=\"https:\/\/ual-website.iqe.al\/sq\/media\/galeria-e-medias\/kurset-e-infermierise\/\" class=\"blog-thumb\">\n                    <img loading=\"lazy\" decoding=\"async\" width=\"300\" height=\"169\" src=\"https:\/\/ual-website.iqe.al\/wp-content\/uploads\/2026\/02\/Frame-6K_1.46.1-300x169.jpg\" class=\"attachment-medium size-medium wp-post-image\" alt=\"Kurset e Infermieris\u00eb\" srcset=\"https:\/\/ual-website.iqe.al\/wp-content\/uploads\/2026\/02\/Frame-6K_1.46.1-300x169.jpg 300w, https:\/\/ual-website.iqe.al\/wp-content\/uploads\/2026\/02\/Frame-6K_1.46.1-1024x576.jpg 1024w, https:\/\/ual-website.iqe.al\/wp-content\/uploads\/2026\/02\/Frame-6K_1.46.1-768x432.jpg 768w, https:\/\/ual-website.iqe.al\/wp-content\/uploads\/2026\/02\/Frame-6K_1.46.1.jpg 1365w\" sizes=\"(max-width: 300px) 100vw, 300px\" \/>                <\/a>\n                        \n            <div class=\"blog-content\">\n                <div class=\"post-meta\">\n                                    <\/div>\n                <a aria-label=\"blog title\" href=\"https:\/\/ual-website.iqe.al\/sq\/media\/galeria-e-medias\/kurset-e-infermierise\/\" class=\"post-title\">\n                    Kurset e Infermieris\u00eb                <\/a>\n            <\/div>\n        <\/div>\n    <\/div>\n<\/div><div class=\"grid-item rts-blog v_1 col-lg-4 col-md-6 col-sm-12 col-12 filter_galeria-e-medias \">\n    <div class=\"rts-blog-post blog-v-full blog-item\">\n        <div class=\"single-blog-post\">\n                            <a aria-label=\"blog thumb\" href=\"https:\/\/ual-website.iqe.al\/sq\/media\/galeria-e-medias\/laboratori-i-imazherise\/\" class=\"blog-thumb\">\n                    <img loading=\"lazy\" decoding=\"async\" width=\"300\" height=\"169\" src=\"https:\/\/ual-website.iqe.al\/wp-content\/uploads\/2026\/02\/FRAME-ALDENT_1.45.1-300x169.jpg\" class=\"attachment-medium size-medium wp-post-image\" alt=\"laborator imazherie\" srcset=\"https:\/\/ual-website.iqe.al\/wp-content\/uploads\/2026\/02\/FRAME-ALDENT_1.45.1-300x169.jpg 300w, https:\/\/ual-website.iqe.al\/wp-content\/uploads\/2026\/02\/FRAME-ALDENT_1.45.1-1024x576.jpg 1024w, https:\/\/ual-website.iqe.al\/wp-content\/uploads\/2026\/02\/FRAME-ALDENT_1.45.1-768x432.jpg 768w, https:\/\/ual-website.iqe.al\/wp-content\/uploads\/2026\/02\/FRAME-ALDENT_1.45.1.jpg 1365w\" sizes=\"(max-width: 300px) 100vw, 300px\" \/>                <\/a>\n                        \n            <div class=\"blog-content\">\n                <div class=\"post-meta\">\n                                    <\/div>\n                <a aria-label=\"blog title\" href=\"https:\/\/ual-website.iqe.al\/sq\/media\/galeria-e-medias\/laboratori-i-imazherise\/\" class=\"post-title\">\n                    Laboratori i Imazheris\u00eb                <\/a>\n            <\/div>\n        <\/div>\n    <\/div>\n<\/div><div class=\"grid-item rts-blog v_1 col-lg-4 col-md-6 col-sm-12 col-12 filter_galeria-e-medias \">\n    <div class=\"rts-blog-post blog-v-full blog-item\">\n        <div class=\"single-blog-post\">\n                            <a aria-label=\"blog thumb\" href=\"https:\/\/ual-website.iqe.al\/sq\/media\/galeria-e-medias\/klasat-laboratorike\/\" class=\"blog-thumb\">\n                    <img loading=\"lazy\" decoding=\"async\" width=\"300\" height=\"200\" src=\"https:\/\/ual-website.iqe.al\/wp-content\/uploads\/2026\/02\/DSC01770-300x200.jpg\" class=\"attachment-medium size-medium wp-post-image\" alt=\"M\u00ebsimi i Klasave\" srcset=\"https:\/\/ual-website.iqe.al\/wp-content\/uploads\/2026\/02\/DSC01770-300x200.jpg 300w, https:\/\/ual-website.iqe.al\/wp-content\/uploads\/2026\/02\/DSC01770-1024x683.jpg 1024w, https:\/\/ual-website.iqe.al\/wp-content\/uploads\/2026\/02\/DSC01770-768x512.jpg 768w, https:\/\/ual-website.iqe.al\/wp-content\/uploads\/2026\/02\/DSC01770.jpg 1152w\" sizes=\"(max-width: 300px) 100vw, 300px\" \/>                <\/a>\n                        \n            <div class=\"blog-content\">\n                <div class=\"post-meta\">\n                                    <\/div>\n                <a aria-label=\"blog title\" href=\"https:\/\/ual-website.iqe.al\/sq\/media\/galeria-e-medias\/klasat-laboratorike\/\" class=\"post-title\">\n                    Klasat Laboratorike                <\/a>\n            <\/div>\n        <\/div>\n    <\/div>\n<\/div>             \r\n                         \r\n                <\/div>                                 \r\n            \t    \r\n                \t\t\t\t<div class=\"reactheme-pagination-area\"><div class=\"nav-links\"><span aria-current=\"page\" class=\"page-numbers current\">1<\/span>\n<a class=\"page-numbers\" href=\"https:\/\/ual-website.iqe.al\/sq\/wp-json\/wp\/v2\/pages\/21912\/page\/2\/\">2<\/a>\n<a class=\"next page-numbers\" href=\"https:\/\/ual-website.iqe.al\/sq\/wp-json\/wp\/v2\/pages\/21912\/page\/2\/\">&raquo;<\/a><\/div><\/div>\r\n\t\t\t              \r\n\t\t<\/div>\r\n\t   \t\t\t\t<\/div>\n\t\t\t\t<\/div>\n\t\t\t\t\t<\/div>\n\t\t\t\t<\/div>\n\t\t\t\t<\/div>\n\t\t","protected":false},"excerpt":{"rendered":"<p>Q\u00ebndroni t\u00eb azhurnuar me aktivitetet, botimet dhe ngjarjet m\u00eb t\u00eb fundit t\u00eb UAL. Dental Laboratory Dental Laboratory Technician UAL Campus Interior Nursing Classes Imaging Laboratory Laboratory Classes 1 2 &raquo;<\/p>\n","protected":false},"author":2,"featured_media":20385,"parent":0,"menu_order":0,"comment_status":"closed","ping_status":"closed","template":"","meta":{"_acf_changed":false,"_price":"","_stock":"","_tribe_ticket_header":"","_tribe_default_ticket_provider":"","_tribe_ticket_capacity":"0","_ticket_start_date":"","_ticket_end_date":"","_tribe_ticket_show_description":"","_tribe_ticket_show_not_going":false,"_tribe_ticket_use_global_stock":"","_tribe_ticket_global_stock_level":"","_global_stock_mode":"","_global_stock_cap":"","_tribe_rsvp_for_event":"","_tribe_ticket_going_count":"","_tribe_ticket_not_going_count":"","_tribe_tickets_list":"[]","_tribe_ticket_has_attendee_info_fields":false,"footnotes":"","_tec_slr_enabled":"","_tec_slr_layout":""},"class_list":["post-21912","page","type-page","status-publish","has-post-thumbnail","hentry"],"acf":[],"yoast_head":"<!-- This site is optimized with the Yoast SEO Premium plugin v27.0 (Yoast SEO v27.3) - https:\/\/yoast.com\/product\/yoast-seo-premium-wordpress\/ -->\n<title>Galerit\u00eb e Imazheve - Aldent University<\/title>\n<meta name=\"robots\" content=\"noindex, follow, max-snippet:-1, max-image-preview:large, max-video-preview:-1\" \/>\n<meta property=\"og:locale\" content=\"sq_AL\" \/>\n<meta property=\"og:type\" content=\"article\" \/>\n<meta property=\"og:title\" content=\"Galerit\u00eb e Imazheve\" \/>\n<meta property=\"og:description\" content=\"Q\u00ebndroni t\u00eb azhurnuar me aktivitetet, botimet dhe ngjarjet m\u00eb t\u00eb fundit t\u00eb UAL. Dental Laboratory Dental Laboratory Technician UAL Campus Interior Nursing Classes Imaging Laboratory Laboratory Classes 1 2 &raquo;\" \/>\n<meta property=\"og:url\" content=\"https:\/\/ual-website.iqe.al\/sq\/galerite-e-imazheve\/\" \/>\n<meta property=\"og:site_name\" content=\"Aldent University\" \/>\n<meta property=\"article:publisher\" content=\"https:\/\/www.facebook.com\/universitetialdent\" \/>\n<meta property=\"article:modified_time\" content=\"2026-03-12T20:25:13+00:00\" \/>\n<meta property=\"og:image\" content=\"https:\/\/ual-website.iqe.al\/wp-content\/uploads\/2026\/01\/social-share.jpg\" \/>\n\t<meta property=\"og:image:width\" content=\"1830\" \/>\n\t<meta property=\"og:image:height\" content=\"778\" \/>\n\t<meta property=\"og:image:type\" content=\"image\/jpeg\" \/>\n<meta name=\"twitter:card\" content=\"summary_large_image\" \/>\n<script type=\"application\/ld+json\" class=\"yoast-schema-graph\">{\"@context\":\"https:\\\/\\\/schema.org\",\"@graph\":[{\"@type\":\"WebPage\",\"@id\":\"https:\\\/\\\/ual-website.iqe.al\\\/sq\\\/galerite-e-imazheve\\\/\",\"url\":\"https:\\\/\\\/ual-website.iqe.al\\\/sq\\\/galerite-e-imazheve\\\/\",\"name\":\"Galerit\u00eb e Imazheve - Aldent University\",\"isPartOf\":{\"@id\":\"https:\\\/\\\/ual-website.iqe.al\\\/sq\\\/#website\"},\"primaryImageOfPage\":{\"@id\":\"https:\\\/\\\/ual-website.iqe.al\\\/sq\\\/galerite-e-imazheve\\\/#primaryimage\"},\"image\":{\"@id\":\"https:\\\/\\\/ual-website.iqe.al\\\/sq\\\/galerite-e-imazheve\\\/#primaryimage\"},\"thumbnailUrl\":\"https:\\\/\\\/ual-website.iqe.al\\\/wp-content\\\/uploads\\\/2026\\\/01\\\/social-share.jpg\",\"datePublished\":\"2026-01-17T22:32:48+00:00\",\"dateModified\":\"2026-03-12T20:25:13+00:00\",\"breadcrumb\":{\"@id\":\"https:\\\/\\\/ual-website.iqe.al\\\/sq\\\/galerite-e-imazheve\\\/#breadcrumb\"},\"inLanguage\":\"sq\",\"potentialAction\":[{\"@type\":\"ReadAction\",\"target\":[\"https:\\\/\\\/ual-website.iqe.al\\\/sq\\\/galerite-e-imazheve\\\/\"]}]},{\"@type\":\"ImageObject\",\"inLanguage\":\"sq\",\"@id\":\"https:\\\/\\\/ual-website.iqe.al\\\/sq\\\/galerite-e-imazheve\\\/#primaryimage\",\"url\":\"https:\\\/\\\/ual-website.iqe.al\\\/wp-content\\\/uploads\\\/2026\\\/01\\\/social-share.jpg\",\"contentUrl\":\"https:\\\/\\\/ual-website.iqe.al\\\/wp-content\\\/uploads\\\/2026\\\/01\\\/social-share.jpg\",\"width\":1830,\"height\":778,\"caption\":\"Universiteti Aldent! Besoni te profesionist\u00ebt!\"},{\"@type\":\"BreadcrumbList\",\"@id\":\"https:\\\/\\\/ual-website.iqe.al\\\/sq\\\/galerite-e-imazheve\\\/#breadcrumb\",\"itemListElement\":[{\"@type\":\"ListItem\",\"position\":1,\"name\":\"Kreu\",\"item\":\"https:\\\/\\\/ual-website.iqe.al\\\/sq\\\/kreu\\\/\"},{\"@type\":\"ListItem\",\"position\":2,\"name\":\"Galerit\u00eb e Imazheve\"}]},{\"@type\":\"WebSite\",\"@id\":\"https:\\\/\\\/ual-website.iqe.al\\\/sq\\\/#website\",\"url\":\"https:\\\/\\\/ual-website.iqe.al\\\/sq\\\/\",\"name\":\"Aldent University\",\"description\":\"Trust the Professionals\",\"publisher\":{\"@id\":\"https:\\\/\\\/ual-website.iqe.al\\\/sq\\\/#organization\"},\"potentialAction\":[{\"@type\":\"SearchAction\",\"target\":{\"@type\":\"EntryPoint\",\"urlTemplate\":\"https:\\\/\\\/ual-website.iqe.al\\\/sq\\\/?s={search_term_string}\"},\"query-input\":{\"@type\":\"PropertyValueSpecification\",\"valueRequired\":true,\"valueName\":\"search_term_string\"}}],\"inLanguage\":\"sq\"},{\"@type\":\"Organization\",\"@id\":\"https:\\\/\\\/ual-website.iqe.al\\\/sq\\\/#organization\",\"name\":\"Universiteti Aldent\",\"alternateName\":\"UAL\",\"url\":\"https:\\\/\\\/ual-website.iqe.al\\\/sq\\\/\",\"logo\":{\"@type\":\"ImageObject\",\"inLanguage\":\"sq\",\"@id\":\"https:\\\/\\\/ual-website.iqe.al\\\/sq\\\/#\\\/schema\\\/logo\\\/image\\\/\",\"url\":\"https:\\\/\\\/ual-website.iqe.al\\\/wp-content\\\/uploads\\\/2024\\\/09\\\/cropped-ual-icon.png\",\"contentUrl\":\"https:\\\/\\\/ual-website.iqe.al\\\/wp-content\\\/uploads\\\/2024\\\/09\\\/cropped-ual-icon.png\",\"width\":512,\"height\":512,\"caption\":\"Universiteti Aldent\"},\"image\":{\"@id\":\"https:\\\/\\\/ual-website.iqe.al\\\/sq\\\/#\\\/schema\\\/logo\\\/image\\\/\"},\"sameAs\":[\"https:\\\/\\\/www.facebook.com\\\/universitetialdent\",\"https:\\\/\\\/www.instagram.com\\\/universiteti.aldent\\\/\",\"https:\\\/\\\/www.linkedin.com\\\/company\\\/aldent-university\\\/\",\"https:\\\/\\\/www.youtube.com\\\/channel\\\/UCx4IIThWkgFpYEZgw5eUzNQ\"]}]}<\/script>\n<!-- \/ Yoast SEO Premium plugin. -->","yoast_head_json":{"title":"Galerit\u00eb e Imazheve - Aldent University","robots":{"index":"noindex","follow":"follow","max-snippet":"max-snippet:-1","max-image-preview":"max-image-preview:large","max-video-preview":"max-video-preview:-1"},"og_locale":"sq_AL","og_type":"article","og_title":"Galerit\u00eb e Imazheve","og_description":"Q\u00ebndroni t\u00eb azhurnuar me aktivitetet, botimet dhe ngjarjet m\u00eb t\u00eb fundit t\u00eb UAL. Dental Laboratory Dental Laboratory Technician UAL Campus Interior Nursing Classes Imaging Laboratory Laboratory Classes 1 2 &raquo;","og_url":"https:\/\/ual-website.iqe.al\/sq\/galerite-e-imazheve\/","og_site_name":"Aldent University","article_publisher":"https:\/\/www.facebook.com\/universitetialdent","article_modified_time":"2026-03-12T20:25:13+00:00","og_image":[{"width":1830,"height":778,"url":"https:\/\/ual-website.iqe.al\/wp-content\/uploads\/2026\/01\/social-share.jpg","type":"image\/jpeg"}],"twitter_card":"summary_large_image","schema":{"@context":"https:\/\/schema.org","@graph":[{"@type":"WebPage","@id":"https:\/\/ual-website.iqe.al\/sq\/galerite-e-imazheve\/","url":"https:\/\/ual-website.iqe.al\/sq\/galerite-e-imazheve\/","name":"Galerit\u00eb e Imazheve - Aldent University","isPartOf":{"@id":"https:\/\/ual-website.iqe.al\/sq\/#website"},"primaryImageOfPage":{"@id":"https:\/\/ual-website.iqe.al\/sq\/galerite-e-imazheve\/#primaryimage"},"image":{"@id":"https:\/\/ual-website.iqe.al\/sq\/galerite-e-imazheve\/#primaryimage"},"thumbnailUrl":"https:\/\/ual-website.iqe.al\/wp-content\/uploads\/2026\/01\/social-share.jpg","datePublished":"2026-01-17T22:32:48+00:00","dateModified":"2026-03-12T20:25:13+00:00","breadcrumb":{"@id":"https:\/\/ual-website.iqe.al\/sq\/galerite-e-imazheve\/#breadcrumb"},"inLanguage":"sq","potentialAction":[{"@type":"ReadAction","target":["https:\/\/ual-website.iqe.al\/sq\/galerite-e-imazheve\/"]}]},{"@type":"ImageObject","inLanguage":"sq","@id":"https:\/\/ual-website.iqe.al\/sq\/galerite-e-imazheve\/#primaryimage","url":"https:\/\/ual-website.iqe.al\/wp-content\/uploads\/2026\/01\/social-share.jpg","contentUrl":"https:\/\/ual-website.iqe.al\/wp-content\/uploads\/2026\/01\/social-share.jpg","width":1830,"height":778,"caption":"Universiteti Aldent! Besoni te profesionist\u00ebt!"},{"@type":"BreadcrumbList","@id":"https:\/\/ual-website.iqe.al\/sq\/galerite-e-imazheve\/#breadcrumb","itemListElement":[{"@type":"ListItem","position":1,"name":"Kreu","item":"https:\/\/ual-website.iqe.al\/sq\/kreu\/"},{"@type":"ListItem","position":2,"name":"Galerit\u00eb e Imazheve"}]},{"@type":"WebSite","@id":"https:\/\/ual-website.iqe.al\/sq\/#website","url":"https:\/\/ual-website.iqe.al\/sq\/","name":"Aldent University","description":"Trust the Professionals","publisher":{"@id":"https:\/\/ual-website.iqe.al\/sq\/#organization"},"potentialAction":[{"@type":"SearchAction","target":{"@type":"EntryPoint","urlTemplate":"https:\/\/ual-website.iqe.al\/sq\/?s={search_term_string}"},"query-input":{"@type":"PropertyValueSpecification","valueRequired":true,"valueName":"search_term_string"}}],"inLanguage":"sq"},{"@type":"Organization","@id":"https:\/\/ual-website.iqe.al\/sq\/#organization","name":"Universiteti Aldent","alternateName":"UAL","url":"https:\/\/ual-website.iqe.al\/sq\/","logo":{"@type":"ImageObject","inLanguage":"sq","@id":"https:\/\/ual-website.iqe.al\/sq\/#\/schema\/logo\/image\/","url":"https:\/\/ual-website.iqe.al\/wp-content\/uploads\/2024\/09\/cropped-ual-icon.png","contentUrl":"https:\/\/ual-website.iqe.al\/wp-content\/uploads\/2024\/09\/cropped-ual-icon.png","width":512,"height":512,"caption":"Universiteti Aldent"},"image":{"@id":"https:\/\/ual-website.iqe.al\/sq\/#\/schema\/logo\/image\/"},"sameAs":["https:\/\/www.facebook.com\/universitetialdent","https:\/\/www.instagram.com\/universiteti.aldent\/","https:\/\/www.linkedin.com\/company\/aldent-university\/","https:\/\/www.youtube.com\/channel\/UCx4IIThWkgFpYEZgw5eUzNQ"]}]}},"ticketed":false,"_links":{"self":[{"href":"https:\/\/ual-website.iqe.al\/sq\/wp-json\/wp\/v2\/pages\/21912","targetHints":{"allow":["GET"]}}],"collection":[{"href":"https:\/\/ual-website.iqe.al\/sq\/wp-json\/wp\/v2\/pages"}],"about":[{"href":"https:\/\/ual-website.iqe.al\/sq\/wp-json\/wp\/v2\/types\/page"}],"author":[{"embeddable":true,"href":"https:\/\/ual-website.iqe.al\/sq\/wp-json\/wp\/v2\/users\/2"}],"replies":[{"embeddable":true,"href":"https:\/\/ual-website.iqe.al\/sq\/wp-json\/wp\/v2\/comments?post=21912"}],"version-history":[{"count":1,"href":"https:\/\/ual-website.iqe.al\/sq\/wp-json\/wp\/v2\/pages\/21912\/revisions"}],"predecessor-version":[{"id":21914,"href":"https:\/\/ual-website.iqe.al\/sq\/wp-json\/wp\/v2\/pages\/21912\/revisions\/21914"}],"wp:featuredmedia":[{"embeddable":true,"href":"https:\/\/ual-website.iqe.al\/sq\/wp-json\/wp\/v2\/media\/20385"}],"wp:attachment":[{"href":"https:\/\/ual-website.iqe.al\/sq\/wp-json\/wp\/v2\/media?parent=21912"}],"curies":[{"name":"wp","href":"https:\/\/api.w.org\/{rel}","templated":true}]}}