{"id":21923,"date":"2026-01-17T23:18:01","date_gmt":"2026-01-17T22:18:01","guid":{"rendered":"https:\/\/ual-website.iqe.al\/projekte-kombetare\/"},"modified":"2026-03-12T21:25:12","modified_gmt":"2026-03-12T20:25:12","slug":"projekte-kombetare","status":"publish","type":"page","link":"https:\/\/ual-website.iqe.al\/sq\/projekte-kombetare\/","title":{"rendered":"Projekte Komb\u00ebtare"},"content":{"rendered":"\t\t<div data-elementor-type=\"wp-page\" data-elementor-id=\"21923\" class=\"elementor elementor-21923 elementor-15239\" data-elementor-post-type=\"page\">\n\t\t\t\t<div class=\"elementor-element elementor-element-547247c e-flex e-con-boxed rt-default-class e-con e-parent\" data-id=\"547247c\" data-element_type=\"container\" data-e-type=\"container\">\n\t\t\t\t\t<div class=\"e-con-inner\">\n\t\t<div class=\"elementor-element elementor-element-932af95 e-con-full e-flex rt-default-class e-con e-child\" data-id=\"932af95\" data-element_type=\"container\" data-e-type=\"container\">\n\t\t\t\t<div class=\"elementor-element elementor-element-6412780 rt-default-class elementor-widget elementor-widget-text-editor\" data-id=\"6412780\" data-element_type=\"widget\" data-e-type=\"widget\" data-widget_type=\"text-editor.default\">\n\t\t\t\t\t\t\t\t\t<p>Universiteti Aldent \u00ebsht\u00eb i angazhuar aktivisht n\u00eb projekte n\u00eb nivel komb\u00ebtar q\u00eb forcojn\u00eb arsimin, k\u00ebrkimin dhe praktik\u00ebn profesionale n\u00eb kujdesin sh\u00ebndet\u00ebsor. N\u00ebp\u00ebrmjet bashk\u00ebpunimit me institucione publike, universitete dhe partner\u00eb t\u00eb kujdesit sh\u00ebndet\u00ebsor, UAL merr pjes\u00eb n\u00eb nisma t\u00eb p\u00ebrqendruara n\u00eb p\u00ebrmir\u00ebsimin e cil\u00ebsis\u00eb, inovacionin, nd\u00ebrgjegj\u00ebsimin p\u00ebr sh\u00ebndetin publik dhe nd\u00ebrtimin e kapaciteteve. Ky angazhim krijon mund\u00ebsi reale p\u00ebr student\u00ebt dhe stafin p\u00ebr t\u00eb kontribuar n\u00eb projekte t\u00eb aplikuara, p\u00ebr t\u00eb fituar p\u00ebrvoj\u00eb praktike dhe p\u00ebr t\u00eb ndihmuar n\u00eb adresimin e nevojave prioritare t\u00eb sektorit sh\u00ebndet\u00ebsor shqiptar, nd\u00ebrkoh\u00eb q\u00eb p\u00ebrmir\u00ebson vazhdimisht programet dhe sh\u00ebrbimet e studimit t\u00eb UAL p\u00ebrmes rezultateve t\u00eb bazuara n\u00eb prova.  <\/p>\t\t\t\t\t\t\t\t<\/div>\n\t\t\t\t<div class=\"elementor-element elementor-element-f243b19 rt-default-class elementor-widget elementor-widget-rt-research-grid\" data-id=\"f243b19\" data-element_type=\"widget\" data-e-type=\"widget\" data-widget_type=\"rt-research-grid.default\">\n\t\t\t\t<div class=\"elementor-widget-container\">\n\t\t\t\t\t\r\n\t<div class=\"rt-research-style1 grid-research link-en\">\r\n\t\t<div class=\"grid\">\r\n\t\t\t<div class=\"row\">\r\n\t\t\t\t<div class=\"col-lg- col-md-6 col-xs-1 grid-item filter_konference-kombetare \">\t\t\t\t\n\t\t<div class=\"rts__research--single\">\n\t\t\t<div class=\"rts__research--single--thumb\">\n\t\t\t\t\t\t\t<\/div>\n\t\t\t<div class=\"rts__research--single--meta\">\n\t\t\t\t<a aria-label=\"research title\" class=\"rts__research--single--meta--title\" href=\"https:\/\/ual-website.iqe.al\/sq\/research\/parimet-themelore-te-farmakoekonomise\/\">Parimet themelore t\u00eb farmakoekonomis\u00eb<\/a>\n\t\t\t\t<p class=\"rts__research--single--meta--excerpt\">\n\t\t\t\t\t\t\t\t\t<\/p>\n\t\t\t<\/div>\n\t\t<\/div>\t\t\t\t\n\t<\/div>\t\t\t\t\t\n\t\t\n\t\t<div class=\"col-lg- col-md-6 col-xs-1 grid-item filter_konference-kombetare \">\t\t\t\t\n\t\t<div class=\"rts__research--single\">\n\t\t\t<div class=\"rts__research--single--thumb\">\n\t\t\t\t\t\t\t<\/div>\n\t\t\t<div class=\"rts__research--single--meta\">\n\t\t\t\t<a aria-label=\"research title\" class=\"rts__research--single--meta--title\" href=\"https:\/\/ual-website.iqe.al\/sq\/research\/konferenca-e-8-te-e-shkencave-teknike-mjekesore\/\">Konferenca e 8-t\u00eb e Shkencave Teknike Mjek\u00ebsore<\/a>\n\t\t\t\t<p class=\"rts__research--single--meta--excerpt\">\n\t\t\t\t\tN\u00eb kryq\u00ebzimin e disiplinave \u00ebsht\u00eb vendi ku lindin ide t\u00eb reja dhe ndodhin k\u00ebrkime inovative.\t\t\t\t<\/p>\n\t\t\t<\/div>\n\t\t<\/div>\t\t\t\t\n\t<\/div>\t\t\t\t\t\n\t\t\n\t\t<div class=\"col-lg- col-md-6 col-xs-1 grid-item filter_projekte \">\t\t\t\t\n\t\t<div class=\"rts__research--single\">\n\t\t\t<div class=\"rts__research--single--thumb\">\n\t\t\t\t\t\t\t<\/div>\n\t\t\t<div class=\"rts__research--single--meta\">\n\t\t\t\t<a aria-label=\"research title\" class=\"rts__research--single--meta--title\" href=\"https:\/\/ual-website.iqe.al\/sq\/research\/projekt-mbi-teknologjine-dixhitale-ne-stomatologji\/\">Projekt mbi teknologjin\u00eb dixhitale n\u00eb stomatologji<\/a>\n\t\t\t\t<p class=\"rts__research--single--meta--excerpt\">\n\t\t\t\t\tN\u00eb kryq\u00ebzimin e disiplinave \u00ebsht\u00eb vendi ku lindin ide t\u00eb reja dhe ndodhin k\u00ebrkime inovative.\t\t\t\t<\/p>\n\t\t\t<\/div>\n\t\t<\/div>\t\t\t\t\n\t<\/div>\t\t\t\t\t\n\t\t\n\t\t<div class=\"col-lg- col-md-6 col-xs-1 grid-item filter_projekte \">\t\t\t\t\n\t\t<div class=\"rts__research--single\">\n\t\t\t<div class=\"rts__research--single--thumb\">\n\t\t\t\t\t\t\t<\/div>\n\t\t\t<div class=\"rts__research--single--meta\">\n\t\t\t\t<a aria-label=\"research title\" class=\"rts__research--single--meta--title\" href=\"https:\/\/ual-website.iqe.al\/sq\/research\/qendrat-dhe-laboratoret-kerkimore-te-ual-it\/\">Qendrat dhe Laborator\u00ebt K\u00ebrkimor\u00eb t\u00eb UAL-it<\/a>\n\t\t\t\t<p class=\"rts__research--single--meta--excerpt\">\n\t\t\t\t\tN\u00eb kryq\u00ebzimin e disiplinave \u00ebsht\u00eb vendi ku lindin ide t\u00eb reja dhe ndodhin k\u00ebrkime inovative.\t\t\t\t<\/p>\n\t\t\t<\/div>\n\t\t<\/div>\t\t\t\t\n\t<\/div>\t\t\t\t\t\n\t\t\n\t\t\t\t<\/div>\r\n\t\t<\/div>\r\n\t<\/div>\r\n\r\n\t\t\t\t\t<\/div>\n\t\t\t\t<\/div>\n\t\t\t\t<\/div>\n\t\t<div class=\"elementor-element elementor-element-0cebe78 e-con-full e-flex rt-default-class e-con e-child\" data-id=\"0cebe78\" data-element_type=\"container\" data-e-type=\"container\">\n\t\t\t\t<div class=\"elementor-element elementor-element-4fc95a5 rt-default-class elementor-widget elementor-widget-shortcode\" data-id=\"4fc95a5\" data-element_type=\"widget\" data-e-type=\"widget\" data-widget_type=\"shortcode.default\">\n\t\t\t\t\t\t\t<div class=\"elementor-shortcode\">\t\t<div data-elementor-type=\"wp-post\" data-elementor-id=\"17057\" class=\"elementor elementor-17057\" data-elementor-post-type=\"rtelements_pro\">\n\t\t\t\t<div class=\"elementor-element elementor-element-bf8ccd6 e-flex e-con-boxed rt-default-class e-con e-parent\" data-id=\"bf8ccd6\" data-element_type=\"container\" data-e-type=\"container\" id=\"rightSidebar\">\n\t\t\t\t\t<div class=\"e-con-inner\">\n\t\t\t\t<div class=\"elementor-element elementor-element-ef73217 rt-default-class elementor-widget elementor-widget-heading\" data-id=\"ef73217\" data-element_type=\"widget\" data-e-type=\"widget\" data-widget_type=\"heading.default\">\n\t\t\t\t\t<h3 class=\"elementor-heading-title elementor-size-default\">Latest News<\/h3>\t\t\t\t<\/div>\n\t\t\t\t<div class=\"elementor-element elementor-element-7c1f529 rt-default-class elementor-widget elementor-widget-react-blog\" data-id=\"7c1f529\" data-element_type=\"widget\" data-e-type=\"widget\" data-widget_type=\"react-blog.default\">\n\t\t\t\t<div class=\"elementor-widget-container\">\n\t\t\t\t\t\t\t<div class=\"reactheme-blog-grid2x reactheme-blog-grid blog--style4\"> \r\n            <div class=\"row blog-gird-item\">\r\n\t\t\t \t<div class=\"grid-item rts-blog-post col-lg-12 col-md-12 col-sm-12 col-12\">\r\n    <div class=\"single-blog blog-item\">\r\n        <div class=\"blog single-blog__content\">\r\n                        <div class=\"blog__meta\">\r\n                <div class=\"blog__meta--da\">\r\n                                            <div class=\"rt-date\">\r\n                            <span><i class=\"rt-calendar-days\"><\/i><\/span>\r\n                            <span>19 Mars 2026<\/span>\r\n                        <\/div>\r\n                                        <\/div>\r\n                <h5 class=\"blog__title\">\r\n                    <a href=\"https:\/\/ual-website.iqe.al\/sq\/uncategorized-sq\/anketa-e-studenteve-te-ual-it\/\" class=\"post-title\">\r\n                        Anketa e Student\u00ebve t\u00eb UAL-it                    <\/a>\r\n                <\/h5>\r\n                                    <a href=\"https:\/\/ual-website.iqe.al\/sq\/uncategorized-sq\/anketa-e-studenteve-te-ual-it\/\" class=\"react_button\">\r\n                        Read More                                                    <span><i class=\"rt rt-arrow-right-regular\"><\/i><\/span>\r\n                                            <\/a>\r\n                \r\n            <\/div>\r\n        <\/div>\r\n    <\/div>\r\n<\/div>\r\n\r\n\r\n\r\n<div class=\"grid-item rts-blog-post col-lg-12 col-md-12 col-sm-12 col-12\">\r\n    <div class=\"single-blog blog-item\">\r\n        <div class=\"blog single-blog__content\">\r\n                        <div class=\"blog__meta\">\r\n                <div class=\"blog__meta--da\">\r\n                                            <div class=\"rt-date\">\r\n                            <span><i class=\"rt-calendar-days\"><\/i><\/span>\r\n                            <span>4 Mars 2026<\/span>\r\n                        <\/div>\r\n                                        <\/div>\r\n                <h5 class=\"blog__title\">\r\n                    <a href=\"https:\/\/ual-website.iqe.al\/sq\/uncategorized-sq\/trajnimi-one-flow\/\" class=\"post-title\">\r\n                        Trajnimi ONE FLOW                    <\/a>\r\n                <\/h5>\r\n                                    <a href=\"https:\/\/ual-website.iqe.al\/sq\/uncategorized-sq\/trajnimi-one-flow\/\" class=\"react_button\">\r\n                        Read More                                                    <span><i class=\"rt rt-arrow-right-regular\"><\/i><\/span>\r\n                                            <\/a>\r\n                \r\n            <\/div>\r\n        <\/div>\r\n    <\/div>\r\n<\/div>\r\n\r\n\r\n\r\n             \r\n                         \r\n                <\/div>                                 \r\n            \t    \r\n                              \r\n\t\t<\/div>\r\n\t   \t\t\t\t<\/div>\n\t\t\t\t<\/div>\n\t\t\t\t<div class=\"elementor-element elementor-element-c5660e1 rt-default-class elementor-widget elementor-widget-heading\" data-id=\"c5660e1\" data-element_type=\"widget\" data-e-type=\"widget\" data-widget_type=\"heading.default\">\n\t\t\t\t\t<h3 class=\"elementor-heading-title elementor-size-default\">Quick Links<\/h3>\t\t\t\t<\/div>\n\t\t<div class=\"elementor-element elementor-element-036f876 e-con-full e-flex rt-default-class e-con e-child\" data-id=\"036f876\" data-element_type=\"container\" data-e-type=\"container\">\n\t\t\t\t<div class=\"elementor-element elementor-element-dacec6f elementor-align-justify elementor-widget__width-inherit rt-default-class elementor-widget elementor-widget-button\" data-id=\"dacec6f\" data-element_type=\"widget\" data-e-type=\"widget\" data-widget_type=\"button.default\">\n\t\t\t\t\t\t\t\t\t\t<a class=\"elementor-button elementor-button-link elementor-size-sm\" href=\"\/accreditation\/\">\n\t\t\t\t\t\t<span class=\"elementor-button-content-wrapper\">\n\t\t\t\t\t\t<span class=\"elementor-button-icon\">\n\t\t\t\t<i aria-hidden=\"true\" class=\"rt rt-arrow-up-right\"><\/i>\t\t\t<\/span>\n\t\t\t\t\t\t\t\t\t<span class=\"elementor-button-text\">Accreditation<\/span>\n\t\t\t\t\t<\/span>\n\t\t\t\t\t<\/a>\n\t\t\t\t\t\t\t\t<\/div>\n\t\t\t\t<div class=\"elementor-element elementor-element-55d6088 elementor-align-justify elementor-widget__width-inherit rt-default-class elementor-widget elementor-widget-button\" data-id=\"55d6088\" data-element_type=\"widget\" data-e-type=\"widget\" data-widget_type=\"button.default\">\n\t\t\t\t\t\t\t\t\t\t<a class=\"elementor-button elementor-button-link elementor-size-sm\" href=\"\/student-application-form\/\">\n\t\t\t\t\t\t<span class=\"elementor-button-content-wrapper\">\n\t\t\t\t\t\t<span class=\"elementor-button-icon\">\n\t\t\t\t<i aria-hidden=\"true\" class=\"rt rt-arrow-up-right\"><\/i>\t\t\t<\/span>\n\t\t\t\t\t\t\t\t\t<span class=\"elementor-button-text\">Application Form<\/span>\n\t\t\t\t\t<\/span>\n\t\t\t\t\t<\/a>\n\t\t\t\t\t\t\t\t<\/div>\n\t\t\t\t<div class=\"elementor-element elementor-element-3513734 elementor-align-justify elementor-widget__width-inherit rt-default-class elementor-widget elementor-widget-button\" data-id=\"3513734\" data-element_type=\"widget\" data-e-type=\"widget\" data-widget_type=\"button.default\">\n\t\t\t\t\t\t\t\t\t\t<a class=\"elementor-button elementor-button-link elementor-size-sm\" href=\"\/tuition-fee\/\" target=\"_blank\">\n\t\t\t\t\t\t<span class=\"elementor-button-content-wrapper\">\n\t\t\t\t\t\t<span class=\"elementor-button-icon\">\n\t\t\t\t<i aria-hidden=\"true\" class=\"rt rt-arrow-up-right\"><\/i>\t\t\t<\/span>\n\t\t\t\t\t\t\t\t\t<span class=\"elementor-button-text\">Tuition &amp; Fees<\/span>\n\t\t\t\t\t<\/span>\n\t\t\t\t\t<\/a>\n\t\t\t\t\t\t\t\t<\/div>\n\t\t\t\t<div class=\"elementor-element elementor-element-399735b elementor-align-justify elementor-widget__width-inherit rt-default-class elementor-widget elementor-widget-button\" data-id=\"399735b\" data-element_type=\"widget\" data-e-type=\"widget\" data-widget_type=\"button.default\">\n\t\t\t\t\t\t\t\t\t\t<a class=\"elementor-button elementor-button-link elementor-size-sm\" href=\"\/scholarships\/\" target=\"_blank\">\n\t\t\t\t\t\t<span class=\"elementor-button-content-wrapper\">\n\t\t\t\t\t\t<span class=\"elementor-button-icon\">\n\t\t\t\t<i aria-hidden=\"true\" class=\"rt rt-arrow-up-right\"><\/i>\t\t\t<\/span>\n\t\t\t\t\t\t\t\t\t<span class=\"elementor-button-text\">Scholarship<\/span>\n\t\t\t\t\t<\/span>\n\t\t\t\t\t<\/a>\n\t\t\t\t\t\t\t\t<\/div>\n\t\t\t\t<\/div>\n\t\t\t\t\t<\/div>\n\t\t\t\t<\/div>\n\t\t\t\t<\/div>\n\t\t<\/div>\n\t\t\t\t\t\t<\/div>\n\t\t\t\t<\/div>\n\t\t\t\t\t<\/div>\n\t\t\t\t<\/div>\n\t\t\t\t<\/div>\n\t\t","protected":false},"excerpt":{"rendered":"<p>Universiteti Aldent \u00ebsht\u00eb i angazhuar aktivisht n\u00eb projekte n\u00eb nivel komb\u00ebtar q\u00eb forcojn\u00eb arsimin, k\u00ebrkimin dhe praktik\u00ebn profesionale n\u00eb kujdesin sh\u00ebndet\u00ebsor. N\u00ebp\u00ebrmjet bashk\u00ebpunimit me institucione publike, universitete dhe partner\u00eb t\u00eb&#8230;<\/p>\n","protected":false},"author":2,"featured_media":20385,"parent":0,"menu_order":0,"comment_status":"closed","ping_status":"closed","template":"","meta":{"_acf_changed":false,"_price":"","_stock":"","_tribe_ticket_header":"","_tribe_default_ticket_provider":"","_tribe_ticket_capacity":"0","_ticket_start_date":"","_ticket_end_date":"","_tribe_ticket_show_description":"","_tribe_ticket_show_not_going":false,"_tribe_ticket_use_global_stock":"","_tribe_ticket_global_stock_level":"","_global_stock_mode":"","_global_stock_cap":"","_tribe_rsvp_for_event":"","_tribe_ticket_going_count":"","_tribe_ticket_not_going_count":"","_tribe_tickets_list":"[]","_tribe_ticket_has_attendee_info_fields":false,"footnotes":"","_tec_slr_enabled":"","_tec_slr_layout":""},"class_list":["post-21923","page","type-page","status-publish","has-post-thumbnail","hentry"],"acf":[],"yoast_head":"<!-- This site is optimized with the Yoast SEO Premium plugin v27.0 (Yoast SEO v27.3) - https:\/\/yoast.com\/product\/yoast-seo-premium-wordpress\/ -->\n<title>Projekte Komb\u00ebtare - Aldent University<\/title>\n<meta name=\"robots\" content=\"noindex, follow, max-snippet:-1, max-image-preview:large, max-video-preview:-1\" \/>\n<meta property=\"og:locale\" content=\"sq_AL\" \/>\n<meta property=\"og:type\" content=\"article\" \/>\n<meta property=\"og:title\" content=\"Projekte Komb\u00ebtare\" \/>\n<meta property=\"og:description\" content=\"Universiteti Aldent \u00ebsht\u00eb i angazhuar aktivisht n\u00eb projekte n\u00eb nivel komb\u00ebtar q\u00eb forcojn\u00eb arsimin, k\u00ebrkimin dhe praktik\u00ebn profesionale n\u00eb kujdesin sh\u00ebndet\u00ebsor. N\u00ebp\u00ebrmjet bashk\u00ebpunimit me institucione publike, universitete dhe partner\u00eb t\u00eb...\" \/>\n<meta property=\"og:url\" content=\"https:\/\/ual-website.iqe.al\/sq\/projekte-kombetare\/\" \/>\n<meta property=\"og:site_name\" content=\"Aldent University\" \/>\n<meta property=\"article:publisher\" content=\"https:\/\/www.facebook.com\/universitetialdent\" \/>\n<meta property=\"article:modified_time\" content=\"2026-03-12T20:25:12+00:00\" \/>\n<meta property=\"og:image\" content=\"https:\/\/ual-website.iqe.al\/wp-content\/uploads\/2026\/01\/social-share.jpg\" \/>\n\t<meta property=\"og:image:width\" content=\"1830\" \/>\n\t<meta property=\"og:image:height\" content=\"778\" \/>\n\t<meta property=\"og:image:type\" content=\"image\/jpeg\" \/>\n<meta name=\"twitter:card\" content=\"summary_large_image\" \/>\n<meta name=\"twitter:label1\" content=\"Est. reading time\" \/>\n\t<meta name=\"twitter:data1\" content=\"1 minut\u00eb\" \/>\n<script type=\"application\/ld+json\" class=\"yoast-schema-graph\">{\"@context\":\"https:\\\/\\\/schema.org\",\"@graph\":[{\"@type\":\"WebPage\",\"@id\":\"https:\\\/\\\/ual-website.iqe.al\\\/sq\\\/projekte-kombetare\\\/\",\"url\":\"https:\\\/\\\/ual-website.iqe.al\\\/sq\\\/projekte-kombetare\\\/\",\"name\":\"Projekte Komb\u00ebtare - Aldent University\",\"isPartOf\":{\"@id\":\"https:\\\/\\\/ual-website.iqe.al\\\/sq\\\/#website\"},\"primaryImageOfPage\":{\"@id\":\"https:\\\/\\\/ual-website.iqe.al\\\/sq\\\/projekte-kombetare\\\/#primaryimage\"},\"image\":{\"@id\":\"https:\\\/\\\/ual-website.iqe.al\\\/sq\\\/projekte-kombetare\\\/#primaryimage\"},\"thumbnailUrl\":\"https:\\\/\\\/ual-website.iqe.al\\\/wp-content\\\/uploads\\\/2026\\\/01\\\/social-share.jpg\",\"datePublished\":\"2026-01-17T22:18:01+00:00\",\"dateModified\":\"2026-03-12T20:25:12+00:00\",\"breadcrumb\":{\"@id\":\"https:\\\/\\\/ual-website.iqe.al\\\/sq\\\/projekte-kombetare\\\/#breadcrumb\"},\"inLanguage\":\"sq\",\"potentialAction\":[{\"@type\":\"ReadAction\",\"target\":[\"https:\\\/\\\/ual-website.iqe.al\\\/sq\\\/projekte-kombetare\\\/\"]}]},{\"@type\":\"ImageObject\",\"inLanguage\":\"sq\",\"@id\":\"https:\\\/\\\/ual-website.iqe.al\\\/sq\\\/projekte-kombetare\\\/#primaryimage\",\"url\":\"https:\\\/\\\/ual-website.iqe.al\\\/wp-content\\\/uploads\\\/2026\\\/01\\\/social-share.jpg\",\"contentUrl\":\"https:\\\/\\\/ual-website.iqe.al\\\/wp-content\\\/uploads\\\/2026\\\/01\\\/social-share.jpg\",\"width\":1830,\"height\":778,\"caption\":\"Universiteti Aldent! Besoni te profesionist\u00ebt!\"},{\"@type\":\"BreadcrumbList\",\"@id\":\"https:\\\/\\\/ual-website.iqe.al\\\/sq\\\/projekte-kombetare\\\/#breadcrumb\",\"itemListElement\":[{\"@type\":\"ListItem\",\"position\":1,\"name\":\"Kreu\",\"item\":\"https:\\\/\\\/ual-website.iqe.al\\\/sq\\\/kreu\\\/\"},{\"@type\":\"ListItem\",\"position\":2,\"name\":\"Projekte Komb\u00ebtare\"}]},{\"@type\":\"WebSite\",\"@id\":\"https:\\\/\\\/ual-website.iqe.al\\\/sq\\\/#website\",\"url\":\"https:\\\/\\\/ual-website.iqe.al\\\/sq\\\/\",\"name\":\"Aldent University\",\"description\":\"Trust the Professionals\",\"publisher\":{\"@id\":\"https:\\\/\\\/ual-website.iqe.al\\\/sq\\\/#organization\"},\"potentialAction\":[{\"@type\":\"SearchAction\",\"target\":{\"@type\":\"EntryPoint\",\"urlTemplate\":\"https:\\\/\\\/ual-website.iqe.al\\\/sq\\\/?s={search_term_string}\"},\"query-input\":{\"@type\":\"PropertyValueSpecification\",\"valueRequired\":true,\"valueName\":\"search_term_string\"}}],\"inLanguage\":\"sq\"},{\"@type\":\"Organization\",\"@id\":\"https:\\\/\\\/ual-website.iqe.al\\\/sq\\\/#organization\",\"name\":\"Universiteti Aldent\",\"alternateName\":\"UAL\",\"url\":\"https:\\\/\\\/ual-website.iqe.al\\\/sq\\\/\",\"logo\":{\"@type\":\"ImageObject\",\"inLanguage\":\"sq\",\"@id\":\"https:\\\/\\\/ual-website.iqe.al\\\/sq\\\/#\\\/schema\\\/logo\\\/image\\\/\",\"url\":\"https:\\\/\\\/ual-website.iqe.al\\\/wp-content\\\/uploads\\\/2024\\\/09\\\/cropped-ual-icon.png\",\"contentUrl\":\"https:\\\/\\\/ual-website.iqe.al\\\/wp-content\\\/uploads\\\/2024\\\/09\\\/cropped-ual-icon.png\",\"width\":512,\"height\":512,\"caption\":\"Universiteti Aldent\"},\"image\":{\"@id\":\"https:\\\/\\\/ual-website.iqe.al\\\/sq\\\/#\\\/schema\\\/logo\\\/image\\\/\"},\"sameAs\":[\"https:\\\/\\\/www.facebook.com\\\/universitetialdent\",\"https:\\\/\\\/www.instagram.com\\\/universiteti.aldent\\\/\",\"https:\\\/\\\/www.linkedin.com\\\/company\\\/aldent-university\\\/\",\"https:\\\/\\\/www.youtube.com\\\/channel\\\/UCx4IIThWkgFpYEZgw5eUzNQ\"]}]}<\/script>\n<!-- \/ Yoast SEO Premium plugin. -->","yoast_head_json":{"title":"Projekte Komb\u00ebtare - Aldent University","robots":{"index":"noindex","follow":"follow","max-snippet":"max-snippet:-1","max-image-preview":"max-image-preview:large","max-video-preview":"max-video-preview:-1"},"og_locale":"sq_AL","og_type":"article","og_title":"Projekte Komb\u00ebtare","og_description":"Universiteti Aldent \u00ebsht\u00eb i angazhuar aktivisht n\u00eb projekte n\u00eb nivel komb\u00ebtar q\u00eb forcojn\u00eb arsimin, k\u00ebrkimin dhe praktik\u00ebn profesionale n\u00eb kujdesin sh\u00ebndet\u00ebsor. N\u00ebp\u00ebrmjet bashk\u00ebpunimit me institucione publike, universitete dhe partner\u00eb t\u00eb...","og_url":"https:\/\/ual-website.iqe.al\/sq\/projekte-kombetare\/","og_site_name":"Aldent University","article_publisher":"https:\/\/www.facebook.com\/universitetialdent","article_modified_time":"2026-03-12T20:25:12+00:00","og_image":[{"width":1830,"height":778,"url":"https:\/\/ual-website.iqe.al\/wp-content\/uploads\/2026\/01\/social-share.jpg","type":"image\/jpeg"}],"twitter_card":"summary_large_image","twitter_misc":{"Est. reading time":"1 minut\u00eb"},"schema":{"@context":"https:\/\/schema.org","@graph":[{"@type":"WebPage","@id":"https:\/\/ual-website.iqe.al\/sq\/projekte-kombetare\/","url":"https:\/\/ual-website.iqe.al\/sq\/projekte-kombetare\/","name":"Projekte Komb\u00ebtare - Aldent University","isPartOf":{"@id":"https:\/\/ual-website.iqe.al\/sq\/#website"},"primaryImageOfPage":{"@id":"https:\/\/ual-website.iqe.al\/sq\/projekte-kombetare\/#primaryimage"},"image":{"@id":"https:\/\/ual-website.iqe.al\/sq\/projekte-kombetare\/#primaryimage"},"thumbnailUrl":"https:\/\/ual-website.iqe.al\/wp-content\/uploads\/2026\/01\/social-share.jpg","datePublished":"2026-01-17T22:18:01+00:00","dateModified":"2026-03-12T20:25:12+00:00","breadcrumb":{"@id":"https:\/\/ual-website.iqe.al\/sq\/projekte-kombetare\/#breadcrumb"},"inLanguage":"sq","potentialAction":[{"@type":"ReadAction","target":["https:\/\/ual-website.iqe.al\/sq\/projekte-kombetare\/"]}]},{"@type":"ImageObject","inLanguage":"sq","@id":"https:\/\/ual-website.iqe.al\/sq\/projekte-kombetare\/#primaryimage","url":"https:\/\/ual-website.iqe.al\/wp-content\/uploads\/2026\/01\/social-share.jpg","contentUrl":"https:\/\/ual-website.iqe.al\/wp-content\/uploads\/2026\/01\/social-share.jpg","width":1830,"height":778,"caption":"Universiteti Aldent! Besoni te profesionist\u00ebt!"},{"@type":"BreadcrumbList","@id":"https:\/\/ual-website.iqe.al\/sq\/projekte-kombetare\/#breadcrumb","itemListElement":[{"@type":"ListItem","position":1,"name":"Kreu","item":"https:\/\/ual-website.iqe.al\/sq\/kreu\/"},{"@type":"ListItem","position":2,"name":"Projekte Komb\u00ebtare"}]},{"@type":"WebSite","@id":"https:\/\/ual-website.iqe.al\/sq\/#website","url":"https:\/\/ual-website.iqe.al\/sq\/","name":"Aldent University","description":"Trust the Professionals","publisher":{"@id":"https:\/\/ual-website.iqe.al\/sq\/#organization"},"potentialAction":[{"@type":"SearchAction","target":{"@type":"EntryPoint","urlTemplate":"https:\/\/ual-website.iqe.al\/sq\/?s={search_term_string}"},"query-input":{"@type":"PropertyValueSpecification","valueRequired":true,"valueName":"search_term_string"}}],"inLanguage":"sq"},{"@type":"Organization","@id":"https:\/\/ual-website.iqe.al\/sq\/#organization","name":"Universiteti Aldent","alternateName":"UAL","url":"https:\/\/ual-website.iqe.al\/sq\/","logo":{"@type":"ImageObject","inLanguage":"sq","@id":"https:\/\/ual-website.iqe.al\/sq\/#\/schema\/logo\/image\/","url":"https:\/\/ual-website.iqe.al\/wp-content\/uploads\/2024\/09\/cropped-ual-icon.png","contentUrl":"https:\/\/ual-website.iqe.al\/wp-content\/uploads\/2024\/09\/cropped-ual-icon.png","width":512,"height":512,"caption":"Universiteti Aldent"},"image":{"@id":"https:\/\/ual-website.iqe.al\/sq\/#\/schema\/logo\/image\/"},"sameAs":["https:\/\/www.facebook.com\/universitetialdent","https:\/\/www.instagram.com\/universiteti.aldent\/","https:\/\/www.linkedin.com\/company\/aldent-university\/","https:\/\/www.youtube.com\/channel\/UCx4IIThWkgFpYEZgw5eUzNQ"]}]}},"ticketed":false,"_links":{"self":[{"href":"https:\/\/ual-website.iqe.al\/sq\/wp-json\/wp\/v2\/pages\/21923","targetHints":{"allow":["GET"]}}],"collection":[{"href":"https:\/\/ual-website.iqe.al\/sq\/wp-json\/wp\/v2\/pages"}],"about":[{"href":"https:\/\/ual-website.iqe.al\/sq\/wp-json\/wp\/v2\/types\/page"}],"author":[{"embeddable":true,"href":"https:\/\/ual-website.iqe.al\/sq\/wp-json\/wp\/v2\/users\/2"}],"replies":[{"embeddable":true,"href":"https:\/\/ual-website.iqe.al\/sq\/wp-json\/wp\/v2\/comments?post=21923"}],"version-history":[{"count":2,"href":"https:\/\/ual-website.iqe.al\/sq\/wp-json\/wp\/v2\/pages\/21923\/revisions"}],"predecessor-version":[{"id":21933,"href":"https:\/\/ual-website.iqe.al\/sq\/wp-json\/wp\/v2\/pages\/21923\/revisions\/21933"}],"wp:featuredmedia":[{"embeddable":true,"href":"https:\/\/ual-website.iqe.al\/sq\/wp-json\/wp\/v2\/media\/20385"}],"wp:attachment":[{"href":"https:\/\/ual-website.iqe.al\/sq\/wp-json\/wp\/v2\/media?parent=21923"}],"curies":[{"name":"wp","href":"https:\/\/api.w.org\/{rel}","templated":true}]}}