{"id":21928,"date":"2026-01-17T23:17:42","date_gmt":"2026-01-17T22:17:42","guid":{"rendered":"https:\/\/ual-website.iqe.al\/projekte-nderkombetare\/"},"modified":"2026-03-12T21:25:12","modified_gmt":"2026-03-12T20:25:12","slug":"projekte-nderkombetare","status":"publish","type":"page","link":"https:\/\/ual-website.iqe.al\/sq\/projekte-nderkombetare\/","title":{"rendered":"Projekte Nd\u00ebrkomb\u00ebtare"},"content":{"rendered":"\t\t<div data-elementor-type=\"wp-page\" data-elementor-id=\"21928\" class=\"elementor elementor-21928 elementor-15234\" data-elementor-post-type=\"page\">\n\t\t\t\t<div class=\"elementor-element elementor-element-b0ffa2c e-flex e-con-boxed rt-default-class e-con e-parent\" data-id=\"b0ffa2c\" data-element_type=\"container\" data-e-type=\"container\">\n\t\t\t\t\t<div class=\"e-con-inner\">\n\t\t<div class=\"elementor-element elementor-element-2101008 e-con-full e-flex rt-default-class e-con e-child\" data-id=\"2101008\" data-element_type=\"container\" data-e-type=\"container\">\n\t\t<div class=\"elementor-element elementor-element-722ab89 e-con-full e-flex rt-default-class e-con e-child\" data-id=\"722ab89\" data-element_type=\"container\" data-e-type=\"container\">\n\t\t\t\t<div class=\"elementor-element elementor-element-08733e7 rt-default-class elementor-widget elementor-widget-text-editor\" data-id=\"08733e7\" data-element_type=\"widget\" data-e-type=\"widget\" data-widget_type=\"text-editor.default\">\n\t\t\t\t\t\t\t\t\t<div>N\u00eb Universitetin ALDENT (UAL), projektet komb\u00ebtare dhe nd\u00ebrkomb\u00ebtare jan\u00eb thelb\u00ebsore p\u00ebr misionin ton\u00eb p\u00ebr t\u00eb avancuar arsimin mjek\u00ebsor, p\u00ebrsosm\u00ebrin\u00eb n\u00eb k\u00ebrkim dhe inovacionin. P\u00ebrmes pjes\u00ebmarrjes aktive n\u00eb programe t\u00eb tilla si Erasmus+, Horizon Europe dhe nisma t\u00eb tjera evropiane dhe rajonale, s\u00eb bashku me projekte t\u00eb financuara n\u00eb nivel komb\u00ebtar dhe partneritete strategjike, UAL kontribuon n\u00eb modernizimin e arsimit t\u00eb lart\u00eb dhe forcimin e sistemeve t\u00eb kujdesit sh\u00ebndet\u00ebsor. <\/div><div dir=\"auto\"> <\/div><div dir=\"auto\">Projektet tona p\u00ebrqendrohen n\u00eb bashk\u00ebpunimin nd\u00ebrdisiplinor, transformimin dixhital t\u00eb sh\u00ebndetit, inteligjenc\u00ebn artificiale n\u00eb kujdesin sh\u00ebndet\u00ebsor, modernizimin e kurrikul\u00ebs, nd\u00ebrtimin e kapaciteteve k\u00ebrkimore dhe praktik\u00ebn mjek\u00ebsore etike, t\u00eb p\u00ebrqendruar te njeriu. N\u00eb nivel komb\u00ebtar, UAL punon ngusht\u00eb me universitetet, spitalet, institucionet publike t\u00eb sh\u00ebndetit dhe organet profesionale p\u00ebr t\u00eb mb\u00ebshtetur k\u00ebrkimin e aplikuar, zhvillimin e fuqis\u00eb pun\u00ebtore dhe iniciativat p\u00ebrkat\u00ebse t\u00eb politikave n\u00eb p\u00ebrputhje me prioritetet sh\u00ebndet\u00ebsore t\u00eb Shqip\u00ebris\u00eb. <\/div><div dir=\"auto\"> <\/div><div dir=\"auto\">N\u00eb nivel nd\u00ebrkomb\u00ebtar, partneritetet tona mund\u00ebsojn\u00eb l\u00ebvizshm\u00ebrin\u00eb akademike, hartimin e p\u00ebrbashk\u00ebt t\u00eb kurrikulave, zhvillimin e stafit dhe pjes\u00ebmarrjen n\u00eb ekosistemet evropiane t\u00eb inovacionit. K\u00ebto bashk\u00ebpunime rrisin shk\u00ebmbimin e njohurive, kapacitetin institucional dhe angazhimin global si p\u00ebr student\u00ebt ashtu edhe p\u00ebr stafin akademik. <\/div><div dir=\"auto\"> <\/div><div dir=\"auto\">P\u00ebrmes bashk\u00ebpunimit komb\u00ebtar dhe evropian, Universiteti ALDENT forcon pozicionin e tij si nj\u00eb institucion mjek\u00ebsor me vizion, i p\u00ebrkushtuar ndaj cil\u00ebsis\u00eb, q\u00ebndrueshm\u00ebris\u00eb dhe inovacionit me ndikim n\u00eb kujdesin sh\u00ebndet\u00ebsor.<\/div><div dir=\"auto\"> <\/div><div dir=\"auto\"><em><strong>B\u00ebhuni Partner<\/strong><\/em><\/div><div dir=\"auto\"> <\/div><div dir=\"auto\">Universiteti ALDENT mir\u00ebpret bashk\u00ebpunimin me universitete, qendra k\u00ebrkimore, institucione t\u00eb kujdesit sh\u00ebndet\u00ebsor, ofrues t\u00eb teknologjis\u00eb, pal\u00eb t\u00eb interesuara t\u00eb industris\u00eb dhe autoritete publike t\u00eb interesuara n\u00eb zhvillimin e projekteve t\u00eb p\u00ebrbashk\u00ebta dhe aplikimeve p\u00ebr financim.<\/div><div dir=\"auto\"> <\/div><div dir=\"auto\">Ne jemi ve\u00e7an\u00ebrisht t\u00eb interesuar n\u00eb partneritete n\u00eb fushat e:<\/div><div dir=\"auto\"> <\/div><ul><li dir=\"auto\">Sh\u00ebndeti Dixhital dhe Inteligjenca Artificiale<\/li><\/ul><div dir=\"auto\"> <\/div><ul><li dir=\"auto\">Inovacioni n\u00eb Arsimin Mjek\u00ebsor<\/li><\/ul><div dir=\"auto\"> <\/div><ul><li dir=\"auto\">Forcimi i Sistemeve Sh\u00ebndet\u00ebsore<\/li><\/ul><div dir=\"auto\"> <\/div><ul><li dir=\"auto\">Hulumtim Nd\u00ebrdisiplinor dhe Nd\u00ebrtim Kapacitetesh<\/li><\/ul><div dir=\"auto\"> <\/div><div dir=\"auto\">N\u00ebse jeni t\u00eb interesuar t\u00eb eksploroni mund\u00ebsit\u00eb e bashk\u00ebpunimit n\u00eb kuad\u00ebr t\u00eb Erasmus+, Horizon Europe ose programeve t\u00eb tjera komb\u00ebtare dhe nd\u00ebrkomb\u00ebtare, ju ftojm\u00eb t\u00eb lidheni me ne dhe t\u00eb nd\u00ebrtoni s\u00eb bashku iniciativa me ndikim.<\/div><div> <\/div>\t\t\t\t\t\t\t\t<\/div>\n\t\t\t\t<div class=\"elementor-element elementor-element-3a50c08 rt-default-class elementor-widget elementor-widget-rt-research-grid\" data-id=\"3a50c08\" data-element_type=\"widget\" data-e-type=\"widget\" data-widget_type=\"rt-research-grid.default\">\n\t\t\t\t<div class=\"elementor-widget-container\">\n\t\t\t\t\t\r\n\t<div class=\"rt-research-style1 grid-research link-en\">\r\n\t\t<div class=\"grid\">\r\n\t\t\t<div class=\"row\">\r\n\t\t\t\t<div class=\"col-lg- col-md-6 col-xs-1 grid-item filter_konference-nderkombetare \">\t\t\t\t\n\t\t<div class=\"rts__research--single\">\n\t\t\t<div class=\"rts__research--single--thumb\">\n\t\t\t\t\t\t\t\t\t<a aria-label=\"research thumb\" href=\"https:\/\/ual-website.iqe.al\/sq\/research\/laboratoret-ual-per-praktiken-klinike-2\/\">\n\t\t\t\t\t\t<img fetchpriority=\"high\" decoding=\"async\" width=\"640\" height=\"360\" src=\"https:\/\/ual-website.iqe.al\/wp-content\/uploads\/2026\/02\/FRAME-ALDENT_1.16.1-1024x576.jpg\" class=\"attachment-large size-large wp-post-image\" alt=\"\" srcset=\"https:\/\/ual-website.iqe.al\/wp-content\/uploads\/2026\/02\/FRAME-ALDENT_1.16.1-1024x576.jpg 1024w, https:\/\/ual-website.iqe.al\/wp-content\/uploads\/2026\/02\/FRAME-ALDENT_1.16.1-300x169.jpg 300w, https:\/\/ual-website.iqe.al\/wp-content\/uploads\/2026\/02\/FRAME-ALDENT_1.16.1-768x432.jpg 768w, https:\/\/ual-website.iqe.al\/wp-content\/uploads\/2026\/02\/FRAME-ALDENT_1.16.1.jpg 1365w\" sizes=\"(max-width: 640px) 100vw, 640px\" \/>\t\t\t\t\t<\/a>\n\t\t\t\t\t\t\t\t<\/div>\n\t\t\t<div class=\"rts__research--single--meta\">\n\t\t\t\t<a aria-label=\"research title\" class=\"rts__research--single--meta--title\" href=\"https:\/\/ual-website.iqe.al\/sq\/research\/laboratoret-ual-per-praktiken-klinike-2\/\">Laborator\u00ebt UAL p\u00ebr praktik\u00ebn klinike<\/a>\n\t\t\t\t<p class=\"rts__research--single--meta--excerpt\">\n\t\t\t\t\tN\u00eb kryq\u00ebzimin e disiplinave \u00ebsht\u00eb vendi ku lindin ide t\u00eb reja dhe ndodhin k\u00ebrkime inovative.\t\t\t\t<\/p>\n\t\t\t<\/div>\n\t\t<\/div>\t\t\t\t\n\t<\/div>\t\t\t\t\t\n\t\t\n\t\t<div class=\"col-lg- col-md-6 col-xs-1 grid-item filter_hulumtim \">\t\t\t\t\n\t\t<div class=\"rts__research--single\">\n\t\t\t<div class=\"rts__research--single--thumb\">\n\t\t\t\t\t\t\t\t\t<a aria-label=\"research thumb\" href=\"https:\/\/ual-website.iqe.al\/sq\/research\/eksplorimi-i-laboratoreve-mjedisore-hulumtimi\/\">\n\t\t\t\t\t\t<img decoding=\"async\" width=\"640\" height=\"412\" src=\"https:\/\/ual-website.iqe.al\/wp-content\/uploads\/2024\/08\/Screenshot_7-1024x659.png\" class=\"attachment-large size-large wp-post-image\" alt=\"\" srcset=\"https:\/\/ual-website.iqe.al\/wp-content\/uploads\/2024\/08\/Screenshot_7-1024x659.png 1024w, https:\/\/ual-website.iqe.al\/wp-content\/uploads\/2024\/08\/Screenshot_7-300x193.png 300w, https:\/\/ual-website.iqe.al\/wp-content\/uploads\/2024\/08\/Screenshot_7-768x494.png 768w, https:\/\/ual-website.iqe.al\/wp-content\/uploads\/2024\/08\/Screenshot_7.png 1137w\" sizes=\"(max-width: 640px) 100vw, 640px\" \/>\t\t\t\t\t<\/a>\n\t\t\t\t\t\t\t\t<\/div>\n\t\t\t<div class=\"rts__research--single--meta\">\n\t\t\t\t<a aria-label=\"research title\" class=\"rts__research--single--meta--title\" href=\"https:\/\/ual-website.iqe.al\/sq\/research\/eksplorimi-i-laboratoreve-mjedisore-hulumtimi\/\">Eksplorimi i Laborator\u00ebve Mjedisor\u00eb Hulumtimi<\/a>\n\t\t\t\t<p class=\"rts__research--single--meta--excerpt\">\n\t\t\t\t\tRevista Amerikane e K\u00ebrkimeve Shkencore t\u00eb Aplikuara (AJASR): Nj\u00eb Platform\u00eb Rigoroze e Rishikuar nga Koleg\u00ebt.\t\t\t\t<\/p>\n\t\t\t<\/div>\n\t\t<\/div>\t\t\t\t\n\t<\/div>\t\t\t\t\t\n\t\t\n\t\t<div class=\"col-lg- col-md-6 col-xs-1 grid-item filter_hulumtim \">\t\t\t\t\n\t\t<div class=\"rts__research--single\">\n\t\t\t<div class=\"rts__research--single--thumb\">\n\t\t\t\t\t\t\t\t\t<a aria-label=\"research thumb\" href=\"https:\/\/ual-website.iqe.al\/sq\/research\/raporti-vjetor-mbi-aktivitetin-kerkimor\/\">\n\t\t\t\t\t\t<img decoding=\"async\" width=\"640\" height=\"427\" src=\"https:\/\/ual-website.iqe.al\/wp-content\/uploads\/2026\/02\/489932211_1215418740585057_3206737295744039440_n.jpg\" class=\"attachment-large size-large wp-post-image\" alt=\"\" srcset=\"https:\/\/ual-website.iqe.al\/wp-content\/uploads\/2026\/02\/489932211_1215418740585057_3206737295744039440_n.jpg 960w, https:\/\/ual-website.iqe.al\/wp-content\/uploads\/2026\/02\/489932211_1215418740585057_3206737295744039440_n-300x200.jpg 300w, https:\/\/ual-website.iqe.al\/wp-content\/uploads\/2026\/02\/489932211_1215418740585057_3206737295744039440_n-768x512.jpg 768w\" sizes=\"(max-width: 640px) 100vw, 640px\" \/>\t\t\t\t\t<\/a>\n\t\t\t\t\t\t\t\t<\/div>\n\t\t\t<div class=\"rts__research--single--meta\">\n\t\t\t\t<a aria-label=\"research title\" class=\"rts__research--single--meta--title\" href=\"https:\/\/ual-website.iqe.al\/sq\/research\/raporti-vjetor-mbi-aktivitetin-kerkimor\/\">Raporti Vjetor mbi Aktivitetin K\u00ebrkimor<\/a>\n\t\t\t\t<p class=\"rts__research--single--meta--excerpt\">\n\t\t\t\t\tRevista Amerikane e K\u00ebrkimeve Shkencore t\u00eb Aplikuara (AJASR): Nj\u00eb Platform\u00eb Rigoroze e Rishikuar nga Koleg\u00ebt.\t\t\t\t<\/p>\n\t\t\t<\/div>\n\t\t<\/div>\t\t\t\t\n\t<\/div>\t\t\t\t\t\n\t\t\n\t\t<div class=\"col-lg- col-md-6 col-xs-1 grid-item filter_hulumtim filter_konference-nderkombetare \">\t\t\t\t\n\t\t<div class=\"rts__research--single\">\n\t\t\t<div class=\"rts__research--single--thumb\">\n\t\t\t\t\t\t\t\t\t<a aria-label=\"research thumb\" href=\"https:\/\/ual-website.iqe.al\/sq\/research\/icms-2021-konferenca-nderkombetare-e-shkencave-mjekesore\/\">\n\t\t\t\t\t\t<img loading=\"lazy\" decoding=\"async\" width=\"640\" height=\"453\" src=\"https:\/\/ual-website.iqe.al\/wp-content\/uploads\/2026\/02\/190442688_4103493789713345_1099185853830828016_n-1024x724.jpg\" class=\"attachment-large size-large wp-post-image\" alt=\"\" srcset=\"https:\/\/ual-website.iqe.al\/wp-content\/uploads\/2026\/02\/190442688_4103493789713345_1099185853830828016_n-1024x724.jpg 1024w, https:\/\/ual-website.iqe.al\/wp-content\/uploads\/2026\/02\/190442688_4103493789713345_1099185853830828016_n-300x212.jpg 300w, https:\/\/ual-website.iqe.al\/wp-content\/uploads\/2026\/02\/190442688_4103493789713345_1099185853830828016_n-768x543.jpg 768w, https:\/\/ual-website.iqe.al\/wp-content\/uploads\/2026\/02\/190442688_4103493789713345_1099185853830828016_n-1536x1085.jpg 1536w, https:\/\/ual-website.iqe.al\/wp-content\/uploads\/2026\/02\/190442688_4103493789713345_1099185853830828016_n.jpg 2048w\" sizes=\"(max-width: 640px) 100vw, 640px\" \/>\t\t\t\t\t<\/a>\n\t\t\t\t\t\t\t\t<\/div>\n\t\t\t<div class=\"rts__research--single--meta\">\n\t\t\t\t<a aria-label=\"research title\" class=\"rts__research--single--meta--title\" href=\"https:\/\/ual-website.iqe.al\/sq\/research\/icms-2021-konferenca-nderkombetare-e-shkencave-mjekesore\/\">ICMS 2021: Konferenca Nd\u00ebrkomb\u00ebtare e Shkencave Mjek\u00ebsore<\/a>\n\t\t\t\t<p class=\"rts__research--single--meta--excerpt\">\n\t\t\t\t\tN\u00eb vitin 2021, Universiteti Aldent organizoi Konferenc\u00ebn e Shkencave Mjek\u00ebsore ICMS 2021, nj\u00eb ngjarje shkencore nd\u00ebrkomb\u00ebtare q\u00eb mblodhi s\u00eb bashku stafin akademik, studiuesit, student\u00ebt dhe profesionist\u00ebt e rinj p\u00ebr t\u00eb...\t\t\t\t<\/p>\n\t\t\t<\/div>\n\t\t<\/div>\t\t\t\t\n\t<\/div>\t\t\t\t\t\n\t\t\n\t\t\t\t<\/div>\r\n\t\t<\/div>\r\n\t<\/div>\r\n\r\n\t\t\t\t\t<\/div>\n\t\t\t\t<\/div>\n\t\t\t\t<\/div>\n\t\t<div class=\"elementor-element elementor-element-4caee7b e-con-full e-flex rt-default-class e-con e-child\" data-id=\"4caee7b\" data-element_type=\"container\" data-e-type=\"container\">\n\t\t\t\t<\/div>\n\t\t\t\t<\/div>\n\t\t\t\t\t<\/div>\n\t\t\t\t<\/div>\n\t\t\t\t<\/div>\n\t\t","protected":false},"excerpt":{"rendered":"<p>N\u00eb Universitetin ALDENT (UAL), projektet komb\u00ebtare dhe nd\u00ebrkomb\u00ebtare jan\u00eb thelb\u00ebsore p\u00ebr misionin ton\u00eb p\u00ebr t\u00eb avancuar arsimin mjek\u00ebsor, p\u00ebrsosm\u00ebrin\u00eb n\u00eb k\u00ebrkim dhe inovacionin. P\u00ebrmes pjes\u00ebmarrjes aktive n\u00eb programe t\u00eb tilla&#8230;<\/p>\n","protected":false},"author":2,"featured_media":20385,"parent":0,"menu_order":0,"comment_status":"closed","ping_status":"closed","template":"","meta":{"_acf_changed":false,"_price":"","_stock":"","_tribe_ticket_header":"","_tribe_default_ticket_provider":"","_tribe_ticket_capacity":"0","_ticket_start_date":"","_ticket_end_date":"","_tribe_ticket_show_description":"","_tribe_ticket_show_not_going":false,"_tribe_ticket_use_global_stock":"","_tribe_ticket_global_stock_level":"","_global_stock_mode":"","_global_stock_cap":"","_tribe_rsvp_for_event":"","_tribe_ticket_going_count":"","_tribe_ticket_not_going_count":"","_tribe_tickets_list":"[]","_tribe_ticket_has_attendee_info_fields":false,"footnotes":"","_tec_slr_enabled":"","_tec_slr_layout":""},"class_list":["post-21928","page","type-page","status-publish","has-post-thumbnail","hentry"],"acf":[],"yoast_head":"<!-- This site is optimized with the Yoast SEO Premium plugin v27.0 (Yoast SEO v27.3) - https:\/\/yoast.com\/product\/yoast-seo-premium-wordpress\/ -->\n<title>Projekte Nd\u00ebrkomb\u00ebtare - Aldent University<\/title>\n<meta name=\"robots\" content=\"noindex, follow, max-snippet:-1, max-image-preview:large, max-video-preview:-1\" \/>\n<meta property=\"og:locale\" content=\"sq_AL\" \/>\n<meta property=\"og:type\" content=\"article\" \/>\n<meta property=\"og:title\" content=\"Projekte Nd\u00ebrkomb\u00ebtare\" \/>\n<meta property=\"og:description\" content=\"N\u00eb Universitetin ALDENT (UAL), projektet komb\u00ebtare dhe nd\u00ebrkomb\u00ebtare jan\u00eb thelb\u00ebsore p\u00ebr misionin ton\u00eb p\u00ebr t\u00eb avancuar arsimin mjek\u00ebsor, p\u00ebrsosm\u00ebrin\u00eb n\u00eb k\u00ebrkim dhe inovacionin. P\u00ebrmes pjes\u00ebmarrjes aktive n\u00eb programe t\u00eb tilla...\" \/>\n<meta property=\"og:url\" content=\"https:\/\/ual-website.iqe.al\/sq\/projekte-nderkombetare\/\" \/>\n<meta property=\"og:site_name\" content=\"Aldent University\" \/>\n<meta property=\"article:publisher\" content=\"https:\/\/www.facebook.com\/universitetialdent\" \/>\n<meta property=\"article:modified_time\" content=\"2026-03-12T20:25:12+00:00\" \/>\n<meta property=\"og:image\" content=\"https:\/\/ual-website.iqe.al\/wp-content\/uploads\/2026\/01\/social-share.jpg\" \/>\n\t<meta property=\"og:image:width\" content=\"1830\" \/>\n\t<meta property=\"og:image:height\" content=\"778\" \/>\n\t<meta property=\"og:image:type\" content=\"image\/jpeg\" \/>\n<meta name=\"twitter:card\" content=\"summary_large_image\" \/>\n<meta name=\"twitter:label1\" content=\"Est. reading time\" \/>\n\t<meta name=\"twitter:data1\" content=\"2 minuta\" \/>\n<script type=\"application\/ld+json\" class=\"yoast-schema-graph\">{\"@context\":\"https:\\\/\\\/schema.org\",\"@graph\":[{\"@type\":\"WebPage\",\"@id\":\"https:\\\/\\\/ual-website.iqe.al\\\/sq\\\/projekte-nderkombetare\\\/\",\"url\":\"https:\\\/\\\/ual-website.iqe.al\\\/sq\\\/projekte-nderkombetare\\\/\",\"name\":\"Projekte Nd\u00ebrkomb\u00ebtare - Aldent University\",\"isPartOf\":{\"@id\":\"https:\\\/\\\/ual-website.iqe.al\\\/sq\\\/#website\"},\"primaryImageOfPage\":{\"@id\":\"https:\\\/\\\/ual-website.iqe.al\\\/sq\\\/projekte-nderkombetare\\\/#primaryimage\"},\"image\":{\"@id\":\"https:\\\/\\\/ual-website.iqe.al\\\/sq\\\/projekte-nderkombetare\\\/#primaryimage\"},\"thumbnailUrl\":\"https:\\\/\\\/ual-website.iqe.al\\\/wp-content\\\/uploads\\\/2026\\\/01\\\/social-share.jpg\",\"datePublished\":\"2026-01-17T22:17:42+00:00\",\"dateModified\":\"2026-03-12T20:25:12+00:00\",\"breadcrumb\":{\"@id\":\"https:\\\/\\\/ual-website.iqe.al\\\/sq\\\/projekte-nderkombetare\\\/#breadcrumb\"},\"inLanguage\":\"sq\",\"potentialAction\":[{\"@type\":\"ReadAction\",\"target\":[\"https:\\\/\\\/ual-website.iqe.al\\\/sq\\\/projekte-nderkombetare\\\/\"]}]},{\"@type\":\"ImageObject\",\"inLanguage\":\"sq\",\"@id\":\"https:\\\/\\\/ual-website.iqe.al\\\/sq\\\/projekte-nderkombetare\\\/#primaryimage\",\"url\":\"https:\\\/\\\/ual-website.iqe.al\\\/wp-content\\\/uploads\\\/2026\\\/01\\\/social-share.jpg\",\"contentUrl\":\"https:\\\/\\\/ual-website.iqe.al\\\/wp-content\\\/uploads\\\/2026\\\/01\\\/social-share.jpg\",\"width\":1830,\"height\":778,\"caption\":\"Universiteti Aldent! Besoni te profesionist\u00ebt!\"},{\"@type\":\"BreadcrumbList\",\"@id\":\"https:\\\/\\\/ual-website.iqe.al\\\/sq\\\/projekte-nderkombetare\\\/#breadcrumb\",\"itemListElement\":[{\"@type\":\"ListItem\",\"position\":1,\"name\":\"Kreu\",\"item\":\"https:\\\/\\\/ual-website.iqe.al\\\/sq\\\/kreu\\\/\"},{\"@type\":\"ListItem\",\"position\":2,\"name\":\"Projekte Nd\u00ebrkomb\u00ebtare\"}]},{\"@type\":\"WebSite\",\"@id\":\"https:\\\/\\\/ual-website.iqe.al\\\/sq\\\/#website\",\"url\":\"https:\\\/\\\/ual-website.iqe.al\\\/sq\\\/\",\"name\":\"Aldent University\",\"description\":\"Trust the Professionals\",\"publisher\":{\"@id\":\"https:\\\/\\\/ual-website.iqe.al\\\/sq\\\/#organization\"},\"potentialAction\":[{\"@type\":\"SearchAction\",\"target\":{\"@type\":\"EntryPoint\",\"urlTemplate\":\"https:\\\/\\\/ual-website.iqe.al\\\/sq\\\/?s={search_term_string}\"},\"query-input\":{\"@type\":\"PropertyValueSpecification\",\"valueRequired\":true,\"valueName\":\"search_term_string\"}}],\"inLanguage\":\"sq\"},{\"@type\":\"Organization\",\"@id\":\"https:\\\/\\\/ual-website.iqe.al\\\/sq\\\/#organization\",\"name\":\"Universiteti Aldent\",\"alternateName\":\"UAL\",\"url\":\"https:\\\/\\\/ual-website.iqe.al\\\/sq\\\/\",\"logo\":{\"@type\":\"ImageObject\",\"inLanguage\":\"sq\",\"@id\":\"https:\\\/\\\/ual-website.iqe.al\\\/sq\\\/#\\\/schema\\\/logo\\\/image\\\/\",\"url\":\"https:\\\/\\\/ual-website.iqe.al\\\/wp-content\\\/uploads\\\/2024\\\/09\\\/cropped-ual-icon.png\",\"contentUrl\":\"https:\\\/\\\/ual-website.iqe.al\\\/wp-content\\\/uploads\\\/2024\\\/09\\\/cropped-ual-icon.png\",\"width\":512,\"height\":512,\"caption\":\"Universiteti Aldent\"},\"image\":{\"@id\":\"https:\\\/\\\/ual-website.iqe.al\\\/sq\\\/#\\\/schema\\\/logo\\\/image\\\/\"},\"sameAs\":[\"https:\\\/\\\/www.facebook.com\\\/universitetialdent\",\"https:\\\/\\\/www.instagram.com\\\/universiteti.aldent\\\/\",\"https:\\\/\\\/www.linkedin.com\\\/company\\\/aldent-university\\\/\",\"https:\\\/\\\/www.youtube.com\\\/channel\\\/UCx4IIThWkgFpYEZgw5eUzNQ\"]}]}<\/script>\n<!-- \/ Yoast SEO Premium plugin. -->","yoast_head_json":{"title":"Projekte Nd\u00ebrkomb\u00ebtare - Aldent University","robots":{"index":"noindex","follow":"follow","max-snippet":"max-snippet:-1","max-image-preview":"max-image-preview:large","max-video-preview":"max-video-preview:-1"},"og_locale":"sq_AL","og_type":"article","og_title":"Projekte Nd\u00ebrkomb\u00ebtare","og_description":"N\u00eb Universitetin ALDENT (UAL), projektet komb\u00ebtare dhe nd\u00ebrkomb\u00ebtare jan\u00eb thelb\u00ebsore p\u00ebr misionin ton\u00eb p\u00ebr t\u00eb avancuar arsimin mjek\u00ebsor, p\u00ebrsosm\u00ebrin\u00eb n\u00eb k\u00ebrkim dhe inovacionin. P\u00ebrmes pjes\u00ebmarrjes aktive n\u00eb programe t\u00eb tilla...","og_url":"https:\/\/ual-website.iqe.al\/sq\/projekte-nderkombetare\/","og_site_name":"Aldent University","article_publisher":"https:\/\/www.facebook.com\/universitetialdent","article_modified_time":"2026-03-12T20:25:12+00:00","og_image":[{"width":1830,"height":778,"url":"https:\/\/ual-website.iqe.al\/wp-content\/uploads\/2026\/01\/social-share.jpg","type":"image\/jpeg"}],"twitter_card":"summary_large_image","twitter_misc":{"Est. reading time":"2 minuta"},"schema":{"@context":"https:\/\/schema.org","@graph":[{"@type":"WebPage","@id":"https:\/\/ual-website.iqe.al\/sq\/projekte-nderkombetare\/","url":"https:\/\/ual-website.iqe.al\/sq\/projekte-nderkombetare\/","name":"Projekte Nd\u00ebrkomb\u00ebtare - Aldent University","isPartOf":{"@id":"https:\/\/ual-website.iqe.al\/sq\/#website"},"primaryImageOfPage":{"@id":"https:\/\/ual-website.iqe.al\/sq\/projekte-nderkombetare\/#primaryimage"},"image":{"@id":"https:\/\/ual-website.iqe.al\/sq\/projekte-nderkombetare\/#primaryimage"},"thumbnailUrl":"https:\/\/ual-website.iqe.al\/wp-content\/uploads\/2026\/01\/social-share.jpg","datePublished":"2026-01-17T22:17:42+00:00","dateModified":"2026-03-12T20:25:12+00:00","breadcrumb":{"@id":"https:\/\/ual-website.iqe.al\/sq\/projekte-nderkombetare\/#breadcrumb"},"inLanguage":"sq","potentialAction":[{"@type":"ReadAction","target":["https:\/\/ual-website.iqe.al\/sq\/projekte-nderkombetare\/"]}]},{"@type":"ImageObject","inLanguage":"sq","@id":"https:\/\/ual-website.iqe.al\/sq\/projekte-nderkombetare\/#primaryimage","url":"https:\/\/ual-website.iqe.al\/wp-content\/uploads\/2026\/01\/social-share.jpg","contentUrl":"https:\/\/ual-website.iqe.al\/wp-content\/uploads\/2026\/01\/social-share.jpg","width":1830,"height":778,"caption":"Universiteti Aldent! Besoni te profesionist\u00ebt!"},{"@type":"BreadcrumbList","@id":"https:\/\/ual-website.iqe.al\/sq\/projekte-nderkombetare\/#breadcrumb","itemListElement":[{"@type":"ListItem","position":1,"name":"Kreu","item":"https:\/\/ual-website.iqe.al\/sq\/kreu\/"},{"@type":"ListItem","position":2,"name":"Projekte Nd\u00ebrkomb\u00ebtare"}]},{"@type":"WebSite","@id":"https:\/\/ual-website.iqe.al\/sq\/#website","url":"https:\/\/ual-website.iqe.al\/sq\/","name":"Aldent University","description":"Trust the Professionals","publisher":{"@id":"https:\/\/ual-website.iqe.al\/sq\/#organization"},"potentialAction":[{"@type":"SearchAction","target":{"@type":"EntryPoint","urlTemplate":"https:\/\/ual-website.iqe.al\/sq\/?s={search_term_string}"},"query-input":{"@type":"PropertyValueSpecification","valueRequired":true,"valueName":"search_term_string"}}],"inLanguage":"sq"},{"@type":"Organization","@id":"https:\/\/ual-website.iqe.al\/sq\/#organization","name":"Universiteti Aldent","alternateName":"UAL","url":"https:\/\/ual-website.iqe.al\/sq\/","logo":{"@type":"ImageObject","inLanguage":"sq","@id":"https:\/\/ual-website.iqe.al\/sq\/#\/schema\/logo\/image\/","url":"https:\/\/ual-website.iqe.al\/wp-content\/uploads\/2024\/09\/cropped-ual-icon.png","contentUrl":"https:\/\/ual-website.iqe.al\/wp-content\/uploads\/2024\/09\/cropped-ual-icon.png","width":512,"height":512,"caption":"Universiteti Aldent"},"image":{"@id":"https:\/\/ual-website.iqe.al\/sq\/#\/schema\/logo\/image\/"},"sameAs":["https:\/\/www.facebook.com\/universitetialdent","https:\/\/www.instagram.com\/universiteti.aldent\/","https:\/\/www.linkedin.com\/company\/aldent-university\/","https:\/\/www.youtube.com\/channel\/UCx4IIThWkgFpYEZgw5eUzNQ"]}]}},"ticketed":false,"_links":{"self":[{"href":"https:\/\/ual-website.iqe.al\/sq\/wp-json\/wp\/v2\/pages\/21928","targetHints":{"allow":["GET"]}}],"collection":[{"href":"https:\/\/ual-website.iqe.al\/sq\/wp-json\/wp\/v2\/pages"}],"about":[{"href":"https:\/\/ual-website.iqe.al\/sq\/wp-json\/wp\/v2\/types\/page"}],"author":[{"embeddable":true,"href":"https:\/\/ual-website.iqe.al\/sq\/wp-json\/wp\/v2\/users\/2"}],"replies":[{"embeddable":true,"href":"https:\/\/ual-website.iqe.al\/sq\/wp-json\/wp\/v2\/comments?post=21928"}],"version-history":[{"count":1,"href":"https:\/\/ual-website.iqe.al\/sq\/wp-json\/wp\/v2\/pages\/21928\/revisions"}],"predecessor-version":[{"id":21935,"href":"https:\/\/ual-website.iqe.al\/sq\/wp-json\/wp\/v2\/pages\/21928\/revisions\/21935"}],"wp:featuredmedia":[{"embeddable":true,"href":"https:\/\/ual-website.iqe.al\/sq\/wp-json\/wp\/v2\/media\/20385"}],"wp:attachment":[{"href":"https:\/\/ual-website.iqe.al\/sq\/wp-json\/wp\/v2\/media?parent=21928"}],"curies":[{"name":"wp","href":"https:\/\/api.w.org\/{rel}","templated":true}]}}