{"id":21946,"date":"2026-01-17T23:01:02","date_gmt":"2026-01-17T22:01:02","guid":{"rendered":"https:\/\/ual-website.iqe.al\/keshillim-dhe-mireqenie\/"},"modified":"2026-03-12T21:25:23","modified_gmt":"2026-03-12T20:25:23","slug":"keshillim-dhe-mireqenie","status":"publish","type":"page","link":"https:\/\/ual-website.iqe.al\/sq\/keshillim-dhe-mireqenie\/","title":{"rendered":"K\u00ebshillim dhe Mir\u00ebqenie"},"content":{"rendered":"\t\t<div data-elementor-type=\"wp-page\" data-elementor-id=\"21946\" class=\"elementor elementor-21946 elementor-15175\" data-elementor-post-type=\"page\">\n\t\t\t\t<div class=\"elementor-element elementor-element-6e5a6ee6 e-flex e-con-boxed rt-default-class e-con e-parent\" data-id=\"6e5a6ee6\" data-element_type=\"container\" data-e-type=\"container\">\n\t\t\t\t\t<div class=\"e-con-inner\">\n\t\t<div class=\"elementor-element elementor-element-1d9ba56a e-con-full e-flex rt-default-class e-con e-child\" data-id=\"1d9ba56a\" data-element_type=\"container\" data-e-type=\"container\">\n\t\t\t\t<div class=\"elementor-element elementor-element-a93380a rt-default-class elementor-widget elementor-widget-image\" data-id=\"a93380a\" data-element_type=\"widget\" data-e-type=\"widget\" data-widget_type=\"image.default\">\n\t\t\t\t\t\t\t\t\t\t\t\t\t\t\t<img fetchpriority=\"high\" decoding=\"async\" width=\"1024\" height=\"649\" src=\"https:\/\/ual-website.iqe.al\/wp-content\/uploads\/2026\/02\/UAL_Counseling_Wellbeing_background_graduation.png\" class=\"attachment-full size-full wp-image-21947\" alt=\"\" srcset=\"https:\/\/ual-website.iqe.al\/wp-content\/uploads\/2026\/02\/UAL_Counseling_Wellbeing_background_graduation.png 1024w, https:\/\/ual-website.iqe.al\/wp-content\/uploads\/2026\/02\/UAL_Counseling_Wellbeing_background_graduation-300x190.png 300w, https:\/\/ual-website.iqe.al\/wp-content\/uploads\/2026\/02\/UAL_Counseling_Wellbeing_background_graduation-768x487.png 768w, https:\/\/ual-website.iqe.al\/wp-content\/uploads\/2026\/02\/UAL_Counseling_Wellbeing_background_graduation-190x120.png 190w\" sizes=\"(max-width: 1024px) 100vw, 1024px\" \/>\t\t\t\t\t\t\t\t\t\t\t\t\t\t\t<\/div>\n\t\t\t\t<div class=\"elementor-element elementor-element-6f61b240 rt-default-class elementor-widget elementor-widget-text-editor\" data-id=\"6f61b240\" data-element_type=\"widget\" data-e-type=\"widget\" data-widget_type=\"text-editor.default\">\n\t\t\t\t\t\t\t\t\t<p>Mir\u00ebqenia juaj \u00ebsht\u00eb p\u00ebrpar\u00ebsi<\/p>\n<p>Studimi \u00ebsht\u00eb nj\u00eb periudh\u00eb me rit\u00ebm t\u00eb lart\u00eb dhe emocione t\u00eb forta. N\u00eb Counseling &amp; Wellbeing ne ofrojm\u00eb mb\u00ebshtetje profesionale dhe konfidenciale p\u00ebr t&#8217;ju ndihmuar t\u00eb menaxhoni stresin, ankthin, v\u00ebshtir\u00ebsit\u00eb personale, presionin akademik, p\u00ebrshtatjen me jet\u00ebn universitare dhe \u00e7do situat\u00eb q\u00eb ndikon n\u00eb mir\u00ebqenien tuaj. <\/p>\n<p>\u00c7far\u00eb ofrojm\u00eb ne<\/p>\n<p>K\u00ebshillim individual (1:1): seanca me nj\u00eb psikolog\/k\u00ebshilltar p\u00ebr \u00e7\u00ebshtje personale, emocionale, sociale ose akademike.<br> Pun\u00ebtori dhe grupe p\u00ebr mir\u00ebqenien: teknikat e menaxhimit t\u00eb stresit, organizimi, vet\u00ebbesimi, komunikimi, strategjit\u00eb e p\u00ebrballimit.<br> Mb\u00ebshtetje dhe udh\u00ebzime afatshkurtra: n\u00ebse keni nevoj\u00eb p\u00ebr ndihm\u00eb m\u00eb t\u00eb specializuar, ne do t&amp;#39;ju drejtojm\u00eb drejt sh\u00ebrbimeve t\u00eb nevojshme.<br> Mb\u00ebshtetje online \/ n\u00eb kampus: takime t\u00eb planifikuara dhe udh\u00ebzime me burime praktike.<\/p>\n<p>Si t\u00eb hyni n\u00eb sh\u00ebrbim<\/p>\n<p>Plot\u00ebsoni k\u00ebrkes\u00ebn n\u00eb Portal\/Sh\u00ebrbimet p\u00ebr Student\u00ebt ose na kontaktoni n\u00eb info@ual.edu.al<br> Zgjidhni formatin: takim n\u00eb kampus ose online<br> Merrni konfirmimin e orarit dhe udh\u00ebzimet p\u00ebr takimin<\/p>\n<p>Konfidencialiteti<\/p>\n<p>Takimet dhe informacionet trajtohen me diskrecion t\u00eb plot\u00eb. Ne ruajm\u00eb privat\u00ebsin\u00eb tuaj dhe ndajm\u00eb t\u00eb dh\u00ebna vet\u00ebm kur \u00ebsht\u00eb e nevojshme p\u00ebr sigurin\u00eb tuaj ose sipas k\u00ebrkesave ligjore. <\/p>\n<p>Kur duhet t\u00eb k\u00ebrkoni ndihm\u00eb emergjente<\/p>\n<p>N\u00ebse ndiheni n\u00eb rrezik t\u00eb menj\u00ebhersh\u00ebm ose po p\u00ebrjetoni nj\u00eb kriz\u00eb, k\u00ebrkoni ndihm\u00eb emergjente nga sh\u00ebrbimet lokale t\u00eb emergjenc\u00ebs dhe njoftoni menj\u00ebher\u00eb Sh\u00ebrbimet p\u00ebr Student\u00ebt p\u00ebr mb\u00ebshtetje t\u00eb menj\u00ebhershme.<\/p>\t\t\t\t\t\t\t\t<\/div>\n\t\t<div class=\"elementor-element elementor-element-299349d e-grid e-con-full rt-default-class e-con e-child\" data-id=\"299349d\" data-element_type=\"container\" data-e-type=\"container\">\n\t\t\t\t<div class=\"elementor-element elementor-element-e0e8b31 rt-default-class elementor-widget elementor-widget-react-button\" data-id=\"e0e8b31\" data-element_type=\"widget\" data-e-type=\"widget\" data-widget_type=\"react-button.default\">\n\t\t\t\t<div class=\"elementor-widget-container\">\n\t\t\t\t\t\t\n\t\t\t\t\t<a  target=&quot;_blank&quot; aria-label=\"button\" class=\"react_button\" href=\"#\">\t\n\t\t\t\tNa kontaktoni\t\t\t\t\n\t\t\t\t\t\t\t\t\t<span>\n\t\t\t\t\t\t<i aria-hidden=\"true\" class=\"rt rt-arrow-right-regular\"><\/i>\t\t\t\t\t<\/span>\n\t\t\t\t\t\t\t<\/a>\t\t\t\n\t\t\t\t\t\t\t<\/div>\n\t\t\t\t<\/div>\n\t\t\t\t<div class=\"elementor-element elementor-element-bc643e1 rt-default-class elementor-widget elementor-widget-react-button\" data-id=\"bc643e1\" data-element_type=\"widget\" data-e-type=\"widget\" data-widget_type=\"react-button.default\">\n\t\t\t\t<div class=\"elementor-widget-container\">\n\t\t\t\t\t\t\n\t\t\t\t\t<a  target=&quot;_blank&quot; aria-label=\"button\" class=\"react_button\" href=\"#\">\t\n\t\t\t\tMenaxhimi i Stes\t\t\t\t\n\t\t\t\t\t\t\t\t\t<span>\n\t\t\t\t\t\t<i aria-hidden=\"true\" class=\"rt rt-arrow-right-regular\"><\/i>\t\t\t\t\t<\/span>\n\t\t\t\t\t\t\t<\/a>\t\t\t\n\t\t\t\t\t\t\t<\/div>\n\t\t\t\t<\/div>\n\t\t\t\t<div class=\"elementor-element elementor-element-8a4a9cc rt-default-class elementor-widget elementor-widget-react-button\" data-id=\"8a4a9cc\" data-element_type=\"widget\" data-e-type=\"widget\" data-widget_type=\"react-button.default\">\n\t\t\t\t<div class=\"elementor-widget-container\">\n\t\t\t\t\t\t\n\t\t\t\t\t<a  target=&quot;_blank&quot; aria-label=\"button\" class=\"react_button\" href=\"#\">\t\n\t\t\t\tStudent\u00eb t\u00eb huaj\t\t\t\t\n\t\t\t\t\t\t\t\t\t<span>\n\t\t\t\t\t\t<i aria-hidden=\"true\" class=\"rt rt-arrow-right-regular\"><\/i>\t\t\t\t\t<\/span>\n\t\t\t\t\t\t\t<\/a>\t\t\t\n\t\t\t\t\t\t\t<\/div>\n\t\t\t\t<\/div>\n\t\t\t\t<\/div>\n\t\t\t\t<\/div>\n\t\t<div class=\"elementor-element elementor-element-2607fdc4 e-con-full e-flex rt-default-class e-con e-child\" data-id=\"2607fdc4\" data-element_type=\"container\" data-e-type=\"container\">\n\t\t\t\t<div class=\"elementor-element elementor-element-23b7916f rt-default-class elementor-widget elementor-widget-shortcode\" data-id=\"23b7916f\" data-element_type=\"widget\" data-e-type=\"widget\" data-widget_type=\"shortcode.default\">\n\t\t\t\t\t\t\t<div class=\"elementor-shortcode\">\t\t<div data-elementor-type=\"wp-post\" data-elementor-id=\"17057\" class=\"elementor elementor-17057\" data-elementor-post-type=\"rtelements_pro\">\n\t\t\t\t<div class=\"elementor-element elementor-element-bf8ccd6 e-flex e-con-boxed rt-default-class e-con e-parent\" data-id=\"bf8ccd6\" data-element_type=\"container\" data-e-type=\"container\" id=\"rightSidebar\">\n\t\t\t\t\t<div class=\"e-con-inner\">\n\t\t\t\t<div class=\"elementor-element elementor-element-ef73217 rt-default-class elementor-widget elementor-widget-heading\" data-id=\"ef73217\" data-element_type=\"widget\" data-e-type=\"widget\" data-widget_type=\"heading.default\">\n\t\t\t\t\t<h3 class=\"elementor-heading-title elementor-size-default\">Latest News<\/h3>\t\t\t\t<\/div>\n\t\t\t\t<div class=\"elementor-element elementor-element-7c1f529 rt-default-class elementor-widget elementor-widget-react-blog\" data-id=\"7c1f529\" data-element_type=\"widget\" data-e-type=\"widget\" data-widget_type=\"react-blog.default\">\n\t\t\t\t<div class=\"elementor-widget-container\">\n\t\t\t\t\t\t\t<div class=\"reactheme-blog-grid2x reactheme-blog-grid blog--style4\"> \r\n            <div class=\"row blog-gird-item\">\r\n\t\t\t \t<div class=\"grid-item rts-blog-post col-lg-12 col-md-12 col-sm-12 col-12\">\r\n    <div class=\"single-blog blog-item\">\r\n        <div class=\"blog single-blog__content\">\r\n                        <div class=\"blog__meta\">\r\n                <div class=\"blog__meta--da\">\r\n                                            <div class=\"rt-date\">\r\n                            <span><i class=\"rt-calendar-days\"><\/i><\/span>\r\n                            <span>19 Mars 2026<\/span>\r\n                        <\/div>\r\n                                        <\/div>\r\n                <h5 class=\"blog__title\">\r\n                    <a href=\"https:\/\/ual-website.iqe.al\/sq\/uncategorized-sq\/anketa-e-studenteve-te-ual-it\/\" class=\"post-title\">\r\n                        Anketa e Student\u00ebve t\u00eb UAL-it                    <\/a>\r\n                <\/h5>\r\n                                    <a href=\"https:\/\/ual-website.iqe.al\/sq\/uncategorized-sq\/anketa-e-studenteve-te-ual-it\/\" class=\"react_button\">\r\n                        Read More                                                    <span><i class=\"rt rt-arrow-right-regular\"><\/i><\/span>\r\n                                            <\/a>\r\n                \r\n            <\/div>\r\n        <\/div>\r\n    <\/div>\r\n<\/div>\r\n\r\n\r\n\r\n<div class=\"grid-item rts-blog-post col-lg-12 col-md-12 col-sm-12 col-12\">\r\n    <div class=\"single-blog blog-item\">\r\n        <div class=\"blog single-blog__content\">\r\n                        <div class=\"blog__meta\">\r\n                <div class=\"blog__meta--da\">\r\n                                            <div class=\"rt-date\">\r\n                            <span><i class=\"rt-calendar-days\"><\/i><\/span>\r\n                            <span>4 Mars 2026<\/span>\r\n                        <\/div>\r\n                                        <\/div>\r\n                <h5 class=\"blog__title\">\r\n                    <a href=\"https:\/\/ual-website.iqe.al\/sq\/uncategorized-sq\/trajnimi-one-flow\/\" class=\"post-title\">\r\n                        Trajnimi ONE FLOW                    <\/a>\r\n                <\/h5>\r\n                                    <a href=\"https:\/\/ual-website.iqe.al\/sq\/uncategorized-sq\/trajnimi-one-flow\/\" class=\"react_button\">\r\n                        Read More                                                    <span><i class=\"rt rt-arrow-right-regular\"><\/i><\/span>\r\n                                            <\/a>\r\n                \r\n            <\/div>\r\n        <\/div>\r\n    <\/div>\r\n<\/div>\r\n\r\n\r\n\r\n             \r\n                         \r\n                <\/div>                                 \r\n            \t    \r\n                              \r\n\t\t<\/div>\r\n\t   \t\t\t\t<\/div>\n\t\t\t\t<\/div>\n\t\t\t\t<div class=\"elementor-element elementor-element-c5660e1 rt-default-class elementor-widget elementor-widget-heading\" data-id=\"c5660e1\" data-element_type=\"widget\" data-e-type=\"widget\" data-widget_type=\"heading.default\">\n\t\t\t\t\t<h3 class=\"elementor-heading-title elementor-size-default\">Quick Links<\/h3>\t\t\t\t<\/div>\n\t\t<div class=\"elementor-element elementor-element-036f876 e-con-full e-flex rt-default-class e-con e-child\" data-id=\"036f876\" data-element_type=\"container\" data-e-type=\"container\">\n\t\t\t\t<div class=\"elementor-element elementor-element-dacec6f elementor-align-justify elementor-widget__width-inherit rt-default-class elementor-widget elementor-widget-button\" data-id=\"dacec6f\" data-element_type=\"widget\" data-e-type=\"widget\" data-widget_type=\"button.default\">\n\t\t\t\t\t\t\t\t\t\t<a class=\"elementor-button elementor-button-link elementor-size-sm\" href=\"\/accreditation\/\">\n\t\t\t\t\t\t<span class=\"elementor-button-content-wrapper\">\n\t\t\t\t\t\t<span class=\"elementor-button-icon\">\n\t\t\t\t<i aria-hidden=\"true\" class=\"rt rt-arrow-up-right\"><\/i>\t\t\t<\/span>\n\t\t\t\t\t\t\t\t\t<span class=\"elementor-button-text\">Accreditation<\/span>\n\t\t\t\t\t<\/span>\n\t\t\t\t\t<\/a>\n\t\t\t\t\t\t\t\t<\/div>\n\t\t\t\t<div class=\"elementor-element elementor-element-55d6088 elementor-align-justify elementor-widget__width-inherit rt-default-class elementor-widget elementor-widget-button\" data-id=\"55d6088\" data-element_type=\"widget\" data-e-type=\"widget\" data-widget_type=\"button.default\">\n\t\t\t\t\t\t\t\t\t\t<a class=\"elementor-button elementor-button-link elementor-size-sm\" href=\"\/student-application-form\/\">\n\t\t\t\t\t\t<span class=\"elementor-button-content-wrapper\">\n\t\t\t\t\t\t<span class=\"elementor-button-icon\">\n\t\t\t\t<i aria-hidden=\"true\" class=\"rt rt-arrow-up-right\"><\/i>\t\t\t<\/span>\n\t\t\t\t\t\t\t\t\t<span class=\"elementor-button-text\">Application Form<\/span>\n\t\t\t\t\t<\/span>\n\t\t\t\t\t<\/a>\n\t\t\t\t\t\t\t\t<\/div>\n\t\t\t\t<div class=\"elementor-element elementor-element-3513734 elementor-align-justify elementor-widget__width-inherit rt-default-class elementor-widget elementor-widget-button\" data-id=\"3513734\" data-element_type=\"widget\" data-e-type=\"widget\" data-widget_type=\"button.default\">\n\t\t\t\t\t\t\t\t\t\t<a class=\"elementor-button elementor-button-link elementor-size-sm\" href=\"\/tuition-fee\/\" target=\"_blank\">\n\t\t\t\t\t\t<span class=\"elementor-button-content-wrapper\">\n\t\t\t\t\t\t<span class=\"elementor-button-icon\">\n\t\t\t\t<i aria-hidden=\"true\" class=\"rt rt-arrow-up-right\"><\/i>\t\t\t<\/span>\n\t\t\t\t\t\t\t\t\t<span class=\"elementor-button-text\">Tuition &amp; Fees<\/span>\n\t\t\t\t\t<\/span>\n\t\t\t\t\t<\/a>\n\t\t\t\t\t\t\t\t<\/div>\n\t\t\t\t<div class=\"elementor-element elementor-element-399735b elementor-align-justify elementor-widget__width-inherit rt-default-class elementor-widget elementor-widget-button\" data-id=\"399735b\" data-element_type=\"widget\" data-e-type=\"widget\" data-widget_type=\"button.default\">\n\t\t\t\t\t\t\t\t\t\t<a class=\"elementor-button elementor-button-link elementor-size-sm\" href=\"\/scholarships\/\" target=\"_blank\">\n\t\t\t\t\t\t<span class=\"elementor-button-content-wrapper\">\n\t\t\t\t\t\t<span class=\"elementor-button-icon\">\n\t\t\t\t<i aria-hidden=\"true\" class=\"rt rt-arrow-up-right\"><\/i>\t\t\t<\/span>\n\t\t\t\t\t\t\t\t\t<span class=\"elementor-button-text\">Scholarship<\/span>\n\t\t\t\t\t<\/span>\n\t\t\t\t\t<\/a>\n\t\t\t\t\t\t\t\t<\/div>\n\t\t\t\t<\/div>\n\t\t\t\t\t<\/div>\n\t\t\t\t<\/div>\n\t\t\t\t<\/div>\n\t\t<\/div>\n\t\t\t\t\t\t<\/div>\n\t\t\t\t<\/div>\n\t\t\t\t\t<\/div>\n\t\t\t\t<\/div>\n\t\t\t\t<\/div>\n\t\t","protected":false},"excerpt":{"rendered":"<p>Mir\u00ebqenia juaj \u00ebsht\u00eb p\u00ebrpar\u00ebsi Studimi \u00ebsht\u00eb nj\u00eb periudh\u00eb me rit\u00ebm t\u00eb lart\u00eb dhe emocione t\u00eb forta. N\u00eb Counseling &amp; Wellbeing ne ofrojm\u00eb mb\u00ebshtetje profesionale dhe konfidenciale p\u00ebr t&#8217;ju ndihmuar t\u00eb&#8230;<\/p>\n","protected":false},"author":2,"featured_media":20385,"parent":0,"menu_order":0,"comment_status":"closed","ping_status":"closed","template":"","meta":{"_acf_changed":false,"_price":"","_stock":"","_tribe_ticket_header":"","_tribe_default_ticket_provider":"","_tribe_ticket_capacity":"0","_ticket_start_date":"","_ticket_end_date":"","_tribe_ticket_show_description":"","_tribe_ticket_show_not_going":false,"_tribe_ticket_use_global_stock":"","_tribe_ticket_global_stock_level":"","_global_stock_mode":"","_global_stock_cap":"","_tribe_rsvp_for_event":"","_tribe_ticket_going_count":"","_tribe_ticket_not_going_count":"","_tribe_tickets_list":"[]","_tribe_ticket_has_attendee_info_fields":false,"footnotes":"","_tec_slr_enabled":"","_tec_slr_layout":""},"class_list":["post-21946","page","type-page","status-publish","has-post-thumbnail","hentry"],"acf":[],"yoast_head":"<!-- This site is optimized with the Yoast SEO Premium plugin v27.0 (Yoast SEO v27.3) - https:\/\/yoast.com\/product\/yoast-seo-premium-wordpress\/ -->\n<title>K\u00ebshillim dhe Mir\u00ebqenie - Aldent University<\/title>\n<meta name=\"robots\" content=\"noindex, follow, max-snippet:-1, max-image-preview:large, max-video-preview:-1\" \/>\n<meta property=\"og:locale\" content=\"sq_AL\" \/>\n<meta property=\"og:type\" content=\"article\" \/>\n<meta property=\"og:title\" content=\"K\u00ebshillim dhe Mir\u00ebqenie\" \/>\n<meta property=\"og:description\" content=\"Mir\u00ebqenia juaj \u00ebsht\u00eb p\u00ebrpar\u00ebsi Studimi \u00ebsht\u00eb nj\u00eb periudh\u00eb me rit\u00ebm t\u00eb lart\u00eb dhe emocione t\u00eb forta. N\u00eb Counseling &amp; Wellbeing ne ofrojm\u00eb mb\u00ebshtetje profesionale dhe konfidenciale p\u00ebr t&#8217;ju ndihmuar t\u00eb...\" \/>\n<meta property=\"og:url\" content=\"https:\/\/ual-website.iqe.al\/sq\/keshillim-dhe-mireqenie\/\" \/>\n<meta property=\"og:site_name\" content=\"Aldent University\" \/>\n<meta property=\"article:publisher\" content=\"https:\/\/www.facebook.com\/universitetialdent\" \/>\n<meta property=\"article:modified_time\" content=\"2026-03-12T20:25:23+00:00\" \/>\n<meta property=\"og:image\" content=\"https:\/\/ual-website.iqe.al\/wp-content\/uploads\/2026\/01\/social-share.jpg\" \/>\n\t<meta property=\"og:image:width\" content=\"1830\" \/>\n\t<meta property=\"og:image:height\" content=\"778\" \/>\n\t<meta property=\"og:image:type\" content=\"image\/jpeg\" \/>\n<meta name=\"twitter:card\" content=\"summary_large_image\" \/>\n<meta name=\"twitter:label1\" content=\"Est. reading time\" \/>\n\t<meta name=\"twitter:data1\" content=\"1 minut\u00eb\" \/>\n<script type=\"application\/ld+json\" class=\"yoast-schema-graph\">{\"@context\":\"https:\\\/\\\/schema.org\",\"@graph\":[{\"@type\":\"WebPage\",\"@id\":\"https:\\\/\\\/ual-website.iqe.al\\\/sq\\\/keshillim-dhe-mireqenie\\\/\",\"url\":\"https:\\\/\\\/ual-website.iqe.al\\\/sq\\\/keshillim-dhe-mireqenie\\\/\",\"name\":\"K\u00ebshillim dhe Mir\u00ebqenie - Aldent University\",\"isPartOf\":{\"@id\":\"https:\\\/\\\/ual-website.iqe.al\\\/sq\\\/#website\"},\"primaryImageOfPage\":{\"@id\":\"https:\\\/\\\/ual-website.iqe.al\\\/sq\\\/keshillim-dhe-mireqenie\\\/#primaryimage\"},\"image\":{\"@id\":\"https:\\\/\\\/ual-website.iqe.al\\\/sq\\\/keshillim-dhe-mireqenie\\\/#primaryimage\"},\"thumbnailUrl\":\"https:\\\/\\\/ual-website.iqe.al\\\/wp-content\\\/uploads\\\/2026\\\/01\\\/social-share.jpg\",\"datePublished\":\"2026-01-17T22:01:02+00:00\",\"dateModified\":\"2026-03-12T20:25:23+00:00\",\"breadcrumb\":{\"@id\":\"https:\\\/\\\/ual-website.iqe.al\\\/sq\\\/keshillim-dhe-mireqenie\\\/#breadcrumb\"},\"inLanguage\":\"sq\",\"potentialAction\":[{\"@type\":\"ReadAction\",\"target\":[\"https:\\\/\\\/ual-website.iqe.al\\\/sq\\\/keshillim-dhe-mireqenie\\\/\"]}]},{\"@type\":\"ImageObject\",\"inLanguage\":\"sq\",\"@id\":\"https:\\\/\\\/ual-website.iqe.al\\\/sq\\\/keshillim-dhe-mireqenie\\\/#primaryimage\",\"url\":\"https:\\\/\\\/ual-website.iqe.al\\\/wp-content\\\/uploads\\\/2026\\\/01\\\/social-share.jpg\",\"contentUrl\":\"https:\\\/\\\/ual-website.iqe.al\\\/wp-content\\\/uploads\\\/2026\\\/01\\\/social-share.jpg\",\"width\":1830,\"height\":778,\"caption\":\"Universiteti Aldent! Besoni te profesionist\u00ebt!\"},{\"@type\":\"BreadcrumbList\",\"@id\":\"https:\\\/\\\/ual-website.iqe.al\\\/sq\\\/keshillim-dhe-mireqenie\\\/#breadcrumb\",\"itemListElement\":[{\"@type\":\"ListItem\",\"position\":1,\"name\":\"Kreu\",\"item\":\"https:\\\/\\\/ual-website.iqe.al\\\/sq\\\/kreu\\\/\"},{\"@type\":\"ListItem\",\"position\":2,\"name\":\"K\u00ebshillim dhe Mir\u00ebqenie\"}]},{\"@type\":\"WebSite\",\"@id\":\"https:\\\/\\\/ual-website.iqe.al\\\/sq\\\/#website\",\"url\":\"https:\\\/\\\/ual-website.iqe.al\\\/sq\\\/\",\"name\":\"Aldent University\",\"description\":\"Trust the Professionals\",\"publisher\":{\"@id\":\"https:\\\/\\\/ual-website.iqe.al\\\/sq\\\/#organization\"},\"potentialAction\":[{\"@type\":\"SearchAction\",\"target\":{\"@type\":\"EntryPoint\",\"urlTemplate\":\"https:\\\/\\\/ual-website.iqe.al\\\/sq\\\/?s={search_term_string}\"},\"query-input\":{\"@type\":\"PropertyValueSpecification\",\"valueRequired\":true,\"valueName\":\"search_term_string\"}}],\"inLanguage\":\"sq\"},{\"@type\":\"Organization\",\"@id\":\"https:\\\/\\\/ual-website.iqe.al\\\/sq\\\/#organization\",\"name\":\"Universiteti Aldent\",\"alternateName\":\"UAL\",\"url\":\"https:\\\/\\\/ual-website.iqe.al\\\/sq\\\/\",\"logo\":{\"@type\":\"ImageObject\",\"inLanguage\":\"sq\",\"@id\":\"https:\\\/\\\/ual-website.iqe.al\\\/sq\\\/#\\\/schema\\\/logo\\\/image\\\/\",\"url\":\"https:\\\/\\\/ual-website.iqe.al\\\/wp-content\\\/uploads\\\/2024\\\/09\\\/cropped-ual-icon.png\",\"contentUrl\":\"https:\\\/\\\/ual-website.iqe.al\\\/wp-content\\\/uploads\\\/2024\\\/09\\\/cropped-ual-icon.png\",\"width\":512,\"height\":512,\"caption\":\"Universiteti Aldent\"},\"image\":{\"@id\":\"https:\\\/\\\/ual-website.iqe.al\\\/sq\\\/#\\\/schema\\\/logo\\\/image\\\/\"},\"sameAs\":[\"https:\\\/\\\/www.facebook.com\\\/universitetialdent\",\"https:\\\/\\\/www.instagram.com\\\/universiteti.aldent\\\/\",\"https:\\\/\\\/www.linkedin.com\\\/company\\\/aldent-university\\\/\",\"https:\\\/\\\/www.youtube.com\\\/channel\\\/UCx4IIThWkgFpYEZgw5eUzNQ\"]}]}<\/script>\n<!-- \/ Yoast SEO Premium plugin. -->","yoast_head_json":{"title":"K\u00ebshillim dhe Mir\u00ebqenie - Aldent University","robots":{"index":"noindex","follow":"follow","max-snippet":"max-snippet:-1","max-image-preview":"max-image-preview:large","max-video-preview":"max-video-preview:-1"},"og_locale":"sq_AL","og_type":"article","og_title":"K\u00ebshillim dhe Mir\u00ebqenie","og_description":"Mir\u00ebqenia juaj \u00ebsht\u00eb p\u00ebrpar\u00ebsi Studimi \u00ebsht\u00eb nj\u00eb periudh\u00eb me rit\u00ebm t\u00eb lart\u00eb dhe emocione t\u00eb forta. N\u00eb Counseling &amp; Wellbeing ne ofrojm\u00eb mb\u00ebshtetje profesionale dhe konfidenciale p\u00ebr t&#8217;ju ndihmuar t\u00eb...","og_url":"https:\/\/ual-website.iqe.al\/sq\/keshillim-dhe-mireqenie\/","og_site_name":"Aldent University","article_publisher":"https:\/\/www.facebook.com\/universitetialdent","article_modified_time":"2026-03-12T20:25:23+00:00","og_image":[{"width":1830,"height":778,"url":"https:\/\/ual-website.iqe.al\/wp-content\/uploads\/2026\/01\/social-share.jpg","type":"image\/jpeg"}],"twitter_card":"summary_large_image","twitter_misc":{"Est. reading time":"1 minut\u00eb"},"schema":{"@context":"https:\/\/schema.org","@graph":[{"@type":"WebPage","@id":"https:\/\/ual-website.iqe.al\/sq\/keshillim-dhe-mireqenie\/","url":"https:\/\/ual-website.iqe.al\/sq\/keshillim-dhe-mireqenie\/","name":"K\u00ebshillim dhe Mir\u00ebqenie - Aldent University","isPartOf":{"@id":"https:\/\/ual-website.iqe.al\/sq\/#website"},"primaryImageOfPage":{"@id":"https:\/\/ual-website.iqe.al\/sq\/keshillim-dhe-mireqenie\/#primaryimage"},"image":{"@id":"https:\/\/ual-website.iqe.al\/sq\/keshillim-dhe-mireqenie\/#primaryimage"},"thumbnailUrl":"https:\/\/ual-website.iqe.al\/wp-content\/uploads\/2026\/01\/social-share.jpg","datePublished":"2026-01-17T22:01:02+00:00","dateModified":"2026-03-12T20:25:23+00:00","breadcrumb":{"@id":"https:\/\/ual-website.iqe.al\/sq\/keshillim-dhe-mireqenie\/#breadcrumb"},"inLanguage":"sq","potentialAction":[{"@type":"ReadAction","target":["https:\/\/ual-website.iqe.al\/sq\/keshillim-dhe-mireqenie\/"]}]},{"@type":"ImageObject","inLanguage":"sq","@id":"https:\/\/ual-website.iqe.al\/sq\/keshillim-dhe-mireqenie\/#primaryimage","url":"https:\/\/ual-website.iqe.al\/wp-content\/uploads\/2026\/01\/social-share.jpg","contentUrl":"https:\/\/ual-website.iqe.al\/wp-content\/uploads\/2026\/01\/social-share.jpg","width":1830,"height":778,"caption":"Universiteti Aldent! Besoni te profesionist\u00ebt!"},{"@type":"BreadcrumbList","@id":"https:\/\/ual-website.iqe.al\/sq\/keshillim-dhe-mireqenie\/#breadcrumb","itemListElement":[{"@type":"ListItem","position":1,"name":"Kreu","item":"https:\/\/ual-website.iqe.al\/sq\/kreu\/"},{"@type":"ListItem","position":2,"name":"K\u00ebshillim dhe Mir\u00ebqenie"}]},{"@type":"WebSite","@id":"https:\/\/ual-website.iqe.al\/sq\/#website","url":"https:\/\/ual-website.iqe.al\/sq\/","name":"Aldent University","description":"Trust the Professionals","publisher":{"@id":"https:\/\/ual-website.iqe.al\/sq\/#organization"},"potentialAction":[{"@type":"SearchAction","target":{"@type":"EntryPoint","urlTemplate":"https:\/\/ual-website.iqe.al\/sq\/?s={search_term_string}"},"query-input":{"@type":"PropertyValueSpecification","valueRequired":true,"valueName":"search_term_string"}}],"inLanguage":"sq"},{"@type":"Organization","@id":"https:\/\/ual-website.iqe.al\/sq\/#organization","name":"Universiteti Aldent","alternateName":"UAL","url":"https:\/\/ual-website.iqe.al\/sq\/","logo":{"@type":"ImageObject","inLanguage":"sq","@id":"https:\/\/ual-website.iqe.al\/sq\/#\/schema\/logo\/image\/","url":"https:\/\/ual-website.iqe.al\/wp-content\/uploads\/2024\/09\/cropped-ual-icon.png","contentUrl":"https:\/\/ual-website.iqe.al\/wp-content\/uploads\/2024\/09\/cropped-ual-icon.png","width":512,"height":512,"caption":"Universiteti Aldent"},"image":{"@id":"https:\/\/ual-website.iqe.al\/sq\/#\/schema\/logo\/image\/"},"sameAs":["https:\/\/www.facebook.com\/universitetialdent","https:\/\/www.instagram.com\/universiteti.aldent\/","https:\/\/www.linkedin.com\/company\/aldent-university\/","https:\/\/www.youtube.com\/channel\/UCx4IIThWkgFpYEZgw5eUzNQ"]}]}},"ticketed":false,"_links":{"self":[{"href":"https:\/\/ual-website.iqe.al\/sq\/wp-json\/wp\/v2\/pages\/21946","targetHints":{"allow":["GET"]}}],"collection":[{"href":"https:\/\/ual-website.iqe.al\/sq\/wp-json\/wp\/v2\/pages"}],"about":[{"href":"https:\/\/ual-website.iqe.al\/sq\/wp-json\/wp\/v2\/types\/page"}],"author":[{"embeddable":true,"href":"https:\/\/ual-website.iqe.al\/sq\/wp-json\/wp\/v2\/users\/2"}],"replies":[{"embeddable":true,"href":"https:\/\/ual-website.iqe.al\/sq\/wp-json\/wp\/v2\/comments?post=21946"}],"version-history":[{"count":1,"href":"https:\/\/ual-website.iqe.al\/sq\/wp-json\/wp\/v2\/pages\/21946\/revisions"}],"predecessor-version":[{"id":21950,"href":"https:\/\/ual-website.iqe.al\/sq\/wp-json\/wp\/v2\/pages\/21946\/revisions\/21950"}],"wp:featuredmedia":[{"embeddable":true,"href":"https:\/\/ual-website.iqe.al\/sq\/wp-json\/wp\/v2\/media\/20385"}],"wp:attachment":[{"href":"https:\/\/ual-website.iqe.al\/sq\/wp-json\/wp\/v2\/media?parent=21946"}],"curies":[{"name":"wp","href":"https:\/\/api.w.org\/{rel}","templated":true}]}}