{"id":21955,"date":"2026-01-17T23:04:40","date_gmt":"2026-01-17T22:04:40","guid":{"rendered":"https:\/\/ual-website.iqe.al\/mbeshtetje-per-strehim\/"},"modified":"2026-03-12T21:25:24","modified_gmt":"2026-03-12T20:25:24","slug":"mbeshtetje-per-strehim","status":"publish","type":"page","link":"https:\/\/ual-website.iqe.al\/sq\/mbeshtetje-per-strehim\/","title":{"rendered":"Mb\u00ebshtetje p\u00ebr Strehim"},"content":{"rendered":"\t\t<div data-elementor-type=\"wp-page\" data-elementor-id=\"21955\" class=\"elementor elementor-21955 elementor-15189\" data-elementor-post-type=\"page\">\n\t\t\t\t<div class=\"elementor-element elementor-element-e7866 e-flex e-con-boxed rt-default-class e-con e-parent\" data-id=\"e7866\" data-element_type=\"container\" data-e-type=\"container\">\n\t\t\t\t\t<div class=\"e-con-inner\">\n\t\t<div class=\"elementor-element elementor-element-43203cae e-con-full e-flex rt-default-class e-con e-child\" data-id=\"43203cae\" data-element_type=\"container\" data-e-type=\"container\">\n\t\t\t\t<div class=\"elementor-element elementor-element-5ac3a14a rt-default-class elementor-widget elementor-widget-text-editor\" data-id=\"5ac3a14a\" data-element_type=\"widget\" data-e-type=\"widget\" data-widget_type=\"text-editor.default\">\n\t\t\t\t\t\t\t\t\t<p>Gjetja e nj\u00eb vendi p\u00ebr t\u00eb jetuar mund t\u00eb jet\u00eb stresuese, ve\u00e7an\u00ebrisht n\u00eb fillim t\u00eb vitit akademik. Mb\u00ebshtetja p\u00ebr Strehimin ju ndihmon me informacione praktike, udh\u00ebzime dhe k\u00ebshilla p\u00ebr t\u00eb marr\u00eb vendime t\u00eb sigurta n\u00eb lidhje me akomodimin.   <br>\u00c7far\u00eb ofrojm\u00eb ne<br> \u2022 K\u00ebshilla p\u00ebr strehimin: si t\u00eb k\u00ebrkoni strehim, \u00e7far\u00eb t\u00eb kontrolloni, pyetje q\u00eb duhet t&#8217;i b\u00ebni qiradh\u00ebn\u00ebsit, \u00e7far\u00eb duhet t\u00eb shmangni.  <br>\u2022 Udh\u00ebzime mbi kontratat dhe t\u00eb drejtat\/qasjen si qiramarr\u00ebs: pikat kryesore p\u00ebr t&amp;#39;u lexuar para n\u00ebnshkrimit, depozitat, afatet, detyrimet.  <br>\u2022 Mb\u00ebshtetje kur keni nj\u00eb problem me akomodimin tuaj: konflikt me qiradh\u00ebn\u00ebsin, kushte t\u00eb pap\u00ebrshtatshme, zhvendosje akomodimi, k\u00ebshilla p\u00ebr hapa t\u00eb sigurt.  <br>\u2022 Udh\u00ebzime p\u00ebr strehim emergjent: n\u00ebse papritmas e gjeni veten t\u00eb pastreh\u00eb, ne ju ndihmojm\u00eb me udh\u00ebzime dhe mund\u00ebsi t\u00eb mundshme.  <br>Para pages\u00ebs s\u00eb depozit\u00ebs: kontroll i shpejt\u00eb (lista e kontrollit)<br> \u2022 A e pat\u00eb apartamentin fizikisht apo me an\u00eb t\u00eb nj\u00eb video-thirrjeje t\u00eb v\u00ebrtet\u00eb?<br>\u2022 A ka nj\u00eb kontrat\u00eb t\u00eb qart\u00eb me kushtet, \u00e7mimin, depozit\u00ebn, faturat?<br>\u2022 A \u00ebsht\u00eb e qart\u00eb se kush paguan p\u00ebr energjin\u00eb\/ujin\/internetin?<br>\u2022 A ka rregulla sht\u00ebpie dhe kushte sigurie?<br>Si t\u00eb na kontaktoni<br> D\u00ebrgoni nj\u00eb k\u00ebrkes\u00eb n\u00eb info@ual.edu.al ose rezervoni nj\u00eb takim <a href=\"#\">k\u00ebtu<\/a> !<\/p>\t\t\t\t\t\t\t\t<\/div>\n\t\t\t\t<\/div>\n\t\t<div class=\"elementor-element elementor-element-6ca886a1 e-con-full e-flex rt-default-class e-con e-child\" data-id=\"6ca886a1\" data-element_type=\"container\" data-e-type=\"container\">\n\t\t\t\t<div class=\"elementor-element elementor-element-23e4cbd0 rt-default-class elementor-widget elementor-widget-shortcode\" data-id=\"23e4cbd0\" data-element_type=\"widget\" data-e-type=\"widget\" data-widget_type=\"shortcode.default\">\n\t\t\t\t\t\t\t<div class=\"elementor-shortcode\">\t\t<div data-elementor-type=\"wp-post\" data-elementor-id=\"17057\" class=\"elementor elementor-17057\" data-elementor-post-type=\"rtelements_pro\">\n\t\t\t\t<div class=\"elementor-element elementor-element-bf8ccd6 e-flex e-con-boxed rt-default-class e-con e-parent\" data-id=\"bf8ccd6\" data-element_type=\"container\" data-e-type=\"container\" id=\"rightSidebar\">\n\t\t\t\t\t<div class=\"e-con-inner\">\n\t\t\t\t<div class=\"elementor-element elementor-element-ef73217 rt-default-class elementor-widget elementor-widget-heading\" data-id=\"ef73217\" data-element_type=\"widget\" data-e-type=\"widget\" data-widget_type=\"heading.default\">\n\t\t\t\t\t<h3 class=\"elementor-heading-title elementor-size-default\">Latest News<\/h3>\t\t\t\t<\/div>\n\t\t\t\t<div class=\"elementor-element elementor-element-7c1f529 rt-default-class elementor-widget elementor-widget-react-blog\" data-id=\"7c1f529\" data-element_type=\"widget\" data-e-type=\"widget\" data-widget_type=\"react-blog.default\">\n\t\t\t\t<div class=\"elementor-widget-container\">\n\t\t\t\t\t\t\t<div class=\"reactheme-blog-grid2x reactheme-blog-grid blog--style4\"> \r\n            <div class=\"row blog-gird-item\">\r\n\t\t\t \t<div class=\"grid-item rts-blog-post col-lg-12 col-md-12 col-sm-12 col-12\">\r\n    <div class=\"single-blog blog-item\">\r\n        <div class=\"blog single-blog__content\">\r\n                        <div class=\"blog__meta\">\r\n                <div class=\"blog__meta--da\">\r\n                                            <div class=\"rt-date\">\r\n                            <span><i class=\"rt-calendar-days\"><\/i><\/span>\r\n                            <span>19 Mars 2026<\/span>\r\n                        <\/div>\r\n                                        <\/div>\r\n                <h5 class=\"blog__title\">\r\n                    <a href=\"https:\/\/ual-website.iqe.al\/sq\/uncategorized-sq\/anketa-e-studenteve-te-ual-it\/\" class=\"post-title\">\r\n                        Anketa e Student\u00ebve t\u00eb UAL-it                    <\/a>\r\n                <\/h5>\r\n                                    <a href=\"https:\/\/ual-website.iqe.al\/sq\/uncategorized-sq\/anketa-e-studenteve-te-ual-it\/\" class=\"react_button\">\r\n                        Read More                                                    <span><i class=\"rt rt-arrow-right-regular\"><\/i><\/span>\r\n                                            <\/a>\r\n                \r\n            <\/div>\r\n        <\/div>\r\n    <\/div>\r\n<\/div>\r\n\r\n\r\n\r\n<div class=\"grid-item rts-blog-post col-lg-12 col-md-12 col-sm-12 col-12\">\r\n    <div class=\"single-blog blog-item\">\r\n        <div class=\"blog single-blog__content\">\r\n                        <div class=\"blog__meta\">\r\n                <div class=\"blog__meta--da\">\r\n                                            <div class=\"rt-date\">\r\n                            <span><i class=\"rt-calendar-days\"><\/i><\/span>\r\n                            <span>4 Mars 2026<\/span>\r\n                        <\/div>\r\n                                        <\/div>\r\n                <h5 class=\"blog__title\">\r\n                    <a href=\"https:\/\/ual-website.iqe.al\/sq\/uncategorized-sq\/trajnimi-one-flow\/\" class=\"post-title\">\r\n                        Trajnimi ONE FLOW                    <\/a>\r\n                <\/h5>\r\n                                    <a href=\"https:\/\/ual-website.iqe.al\/sq\/uncategorized-sq\/trajnimi-one-flow\/\" class=\"react_button\">\r\n                        Read More                                                    <span><i class=\"rt rt-arrow-right-regular\"><\/i><\/span>\r\n                                            <\/a>\r\n                \r\n            <\/div>\r\n        <\/div>\r\n    <\/div>\r\n<\/div>\r\n\r\n\r\n\r\n             \r\n                         \r\n                <\/div>                                 \r\n            \t    \r\n                              \r\n\t\t<\/div>\r\n\t   \t\t\t\t<\/div>\n\t\t\t\t<\/div>\n\t\t\t\t<div class=\"elementor-element elementor-element-c5660e1 rt-default-class elementor-widget elementor-widget-heading\" data-id=\"c5660e1\" data-element_type=\"widget\" data-e-type=\"widget\" data-widget_type=\"heading.default\">\n\t\t\t\t\t<h3 class=\"elementor-heading-title elementor-size-default\">Quick Links<\/h3>\t\t\t\t<\/div>\n\t\t<div class=\"elementor-element elementor-element-036f876 e-con-full e-flex rt-default-class e-con e-child\" data-id=\"036f876\" data-element_type=\"container\" data-e-type=\"container\">\n\t\t\t\t<div class=\"elementor-element elementor-element-dacec6f elementor-align-justify elementor-widget__width-inherit rt-default-class elementor-widget elementor-widget-button\" data-id=\"dacec6f\" data-element_type=\"widget\" data-e-type=\"widget\" data-widget_type=\"button.default\">\n\t\t\t\t\t\t\t\t\t\t<a class=\"elementor-button elementor-button-link elementor-size-sm\" href=\"\/accreditation\/\">\n\t\t\t\t\t\t<span class=\"elementor-button-content-wrapper\">\n\t\t\t\t\t\t<span class=\"elementor-button-icon\">\n\t\t\t\t<i aria-hidden=\"true\" class=\"rt rt-arrow-up-right\"><\/i>\t\t\t<\/span>\n\t\t\t\t\t\t\t\t\t<span class=\"elementor-button-text\">Accreditation<\/span>\n\t\t\t\t\t<\/span>\n\t\t\t\t\t<\/a>\n\t\t\t\t\t\t\t\t<\/div>\n\t\t\t\t<div class=\"elementor-element elementor-element-55d6088 elementor-align-justify elementor-widget__width-inherit rt-default-class elementor-widget elementor-widget-button\" data-id=\"55d6088\" data-element_type=\"widget\" data-e-type=\"widget\" data-widget_type=\"button.default\">\n\t\t\t\t\t\t\t\t\t\t<a class=\"elementor-button elementor-button-link elementor-size-sm\" href=\"\/student-application-form\/\">\n\t\t\t\t\t\t<span class=\"elementor-button-content-wrapper\">\n\t\t\t\t\t\t<span class=\"elementor-button-icon\">\n\t\t\t\t<i aria-hidden=\"true\" class=\"rt rt-arrow-up-right\"><\/i>\t\t\t<\/span>\n\t\t\t\t\t\t\t\t\t<span class=\"elementor-button-text\">Application Form<\/span>\n\t\t\t\t\t<\/span>\n\t\t\t\t\t<\/a>\n\t\t\t\t\t\t\t\t<\/div>\n\t\t\t\t<div class=\"elementor-element elementor-element-3513734 elementor-align-justify elementor-widget__width-inherit rt-default-class elementor-widget elementor-widget-button\" data-id=\"3513734\" data-element_type=\"widget\" data-e-type=\"widget\" data-widget_type=\"button.default\">\n\t\t\t\t\t\t\t\t\t\t<a class=\"elementor-button elementor-button-link elementor-size-sm\" href=\"\/tuition-fee\/\" target=\"_blank\">\n\t\t\t\t\t\t<span class=\"elementor-button-content-wrapper\">\n\t\t\t\t\t\t<span class=\"elementor-button-icon\">\n\t\t\t\t<i aria-hidden=\"true\" class=\"rt rt-arrow-up-right\"><\/i>\t\t\t<\/span>\n\t\t\t\t\t\t\t\t\t<span class=\"elementor-button-text\">Tuition &amp; Fees<\/span>\n\t\t\t\t\t<\/span>\n\t\t\t\t\t<\/a>\n\t\t\t\t\t\t\t\t<\/div>\n\t\t\t\t<div class=\"elementor-element elementor-element-399735b elementor-align-justify elementor-widget__width-inherit rt-default-class elementor-widget elementor-widget-button\" data-id=\"399735b\" data-element_type=\"widget\" data-e-type=\"widget\" data-widget_type=\"button.default\">\n\t\t\t\t\t\t\t\t\t\t<a class=\"elementor-button elementor-button-link elementor-size-sm\" href=\"\/scholarships\/\" target=\"_blank\">\n\t\t\t\t\t\t<span class=\"elementor-button-content-wrapper\">\n\t\t\t\t\t\t<span class=\"elementor-button-icon\">\n\t\t\t\t<i aria-hidden=\"true\" class=\"rt rt-arrow-up-right\"><\/i>\t\t\t<\/span>\n\t\t\t\t\t\t\t\t\t<span class=\"elementor-button-text\">Scholarship<\/span>\n\t\t\t\t\t<\/span>\n\t\t\t\t\t<\/a>\n\t\t\t\t\t\t\t\t<\/div>\n\t\t\t\t<\/div>\n\t\t\t\t\t<\/div>\n\t\t\t\t<\/div>\n\t\t\t\t<\/div>\n\t\t<\/div>\n\t\t\t\t\t\t<\/div>\n\t\t\t\t<\/div>\n\t\t\t\t\t<\/div>\n\t\t\t\t<\/div>\n\t\t\t\t<\/div>\n\t\t","protected":false},"excerpt":{"rendered":"<p>Gjetja e nj\u00eb vendi p\u00ebr t\u00eb jetuar mund t\u00eb jet\u00eb stresuese, ve\u00e7an\u00ebrisht n\u00eb fillim t\u00eb vitit akademik. Mb\u00ebshtetja p\u00ebr Strehimin ju ndihmon me informacione praktike, udh\u00ebzime dhe k\u00ebshilla p\u00ebr t\u00eb&#8230;<\/p>\n","protected":false},"author":2,"featured_media":20385,"parent":0,"menu_order":0,"comment_status":"closed","ping_status":"closed","template":"","meta":{"_acf_changed":false,"_price":"","_stock":"","_tribe_ticket_header":"","_tribe_default_ticket_provider":"","_tribe_ticket_capacity":"0","_ticket_start_date":"","_ticket_end_date":"","_tribe_ticket_show_description":"","_tribe_ticket_show_not_going":false,"_tribe_ticket_use_global_stock":"","_tribe_ticket_global_stock_level":"","_global_stock_mode":"","_global_stock_cap":"","_tribe_rsvp_for_event":"","_tribe_ticket_going_count":"","_tribe_ticket_not_going_count":"","_tribe_tickets_list":"[]","_tribe_ticket_has_attendee_info_fields":false,"footnotes":"","_tec_slr_enabled":"","_tec_slr_layout":""},"class_list":["post-21955","page","type-page","status-publish","has-post-thumbnail","hentry"],"acf":[],"yoast_head":"<!-- This site is optimized with the Yoast SEO Premium plugin v27.0 (Yoast SEO v27.3) - https:\/\/yoast.com\/product\/yoast-seo-premium-wordpress\/ -->\n<title>Mb\u00ebshtetje p\u00ebr Strehim - Aldent University<\/title>\n<meta name=\"robots\" content=\"noindex, follow, max-snippet:-1, max-image-preview:large, max-video-preview:-1\" \/>\n<meta property=\"og:locale\" content=\"sq_AL\" \/>\n<meta property=\"og:type\" content=\"article\" \/>\n<meta property=\"og:title\" content=\"Mb\u00ebshtetje p\u00ebr Strehim\" \/>\n<meta property=\"og:description\" content=\"Gjetja e nj\u00eb vendi p\u00ebr t\u00eb jetuar mund t\u00eb jet\u00eb stresuese, ve\u00e7an\u00ebrisht n\u00eb fillim t\u00eb vitit akademik. Mb\u00ebshtetja p\u00ebr Strehimin ju ndihmon me informacione praktike, udh\u00ebzime dhe k\u00ebshilla p\u00ebr t\u00eb...\" \/>\n<meta property=\"og:url\" content=\"https:\/\/ual-website.iqe.al\/sq\/mbeshtetje-per-strehim\/\" \/>\n<meta property=\"og:site_name\" content=\"Aldent University\" \/>\n<meta property=\"article:publisher\" content=\"https:\/\/www.facebook.com\/universitetialdent\" \/>\n<meta property=\"article:modified_time\" content=\"2026-03-12T20:25:24+00:00\" \/>\n<meta property=\"og:image\" content=\"https:\/\/ual-website.iqe.al\/wp-content\/uploads\/2026\/01\/social-share.jpg\" \/>\n\t<meta property=\"og:image:width\" content=\"1830\" \/>\n\t<meta property=\"og:image:height\" content=\"778\" \/>\n\t<meta property=\"og:image:type\" content=\"image\/jpeg\" \/>\n<meta name=\"twitter:card\" content=\"summary_large_image\" \/>\n<meta name=\"twitter:label1\" content=\"Est. reading time\" \/>\n\t<meta name=\"twitter:data1\" content=\"1 minut\u00eb\" \/>\n<script type=\"application\/ld+json\" class=\"yoast-schema-graph\">{\"@context\":\"https:\\\/\\\/schema.org\",\"@graph\":[{\"@type\":\"WebPage\",\"@id\":\"https:\\\/\\\/ual-website.iqe.al\\\/sq\\\/mbeshtetje-per-strehim\\\/\",\"url\":\"https:\\\/\\\/ual-website.iqe.al\\\/sq\\\/mbeshtetje-per-strehim\\\/\",\"name\":\"Mb\u00ebshtetje p\u00ebr Strehim - Aldent University\",\"isPartOf\":{\"@id\":\"https:\\\/\\\/ual-website.iqe.al\\\/sq\\\/#website\"},\"primaryImageOfPage\":{\"@id\":\"https:\\\/\\\/ual-website.iqe.al\\\/sq\\\/mbeshtetje-per-strehim\\\/#primaryimage\"},\"image\":{\"@id\":\"https:\\\/\\\/ual-website.iqe.al\\\/sq\\\/mbeshtetje-per-strehim\\\/#primaryimage\"},\"thumbnailUrl\":\"https:\\\/\\\/ual-website.iqe.al\\\/wp-content\\\/uploads\\\/2026\\\/01\\\/social-share.jpg\",\"datePublished\":\"2026-01-17T22:04:40+00:00\",\"dateModified\":\"2026-03-12T20:25:24+00:00\",\"breadcrumb\":{\"@id\":\"https:\\\/\\\/ual-website.iqe.al\\\/sq\\\/mbeshtetje-per-strehim\\\/#breadcrumb\"},\"inLanguage\":\"sq\",\"potentialAction\":[{\"@type\":\"ReadAction\",\"target\":[\"https:\\\/\\\/ual-website.iqe.al\\\/sq\\\/mbeshtetje-per-strehim\\\/\"]}]},{\"@type\":\"ImageObject\",\"inLanguage\":\"sq\",\"@id\":\"https:\\\/\\\/ual-website.iqe.al\\\/sq\\\/mbeshtetje-per-strehim\\\/#primaryimage\",\"url\":\"https:\\\/\\\/ual-website.iqe.al\\\/wp-content\\\/uploads\\\/2026\\\/01\\\/social-share.jpg\",\"contentUrl\":\"https:\\\/\\\/ual-website.iqe.al\\\/wp-content\\\/uploads\\\/2026\\\/01\\\/social-share.jpg\",\"width\":1830,\"height\":778,\"caption\":\"Universiteti Aldent! Besoni te profesionist\u00ebt!\"},{\"@type\":\"BreadcrumbList\",\"@id\":\"https:\\\/\\\/ual-website.iqe.al\\\/sq\\\/mbeshtetje-per-strehim\\\/#breadcrumb\",\"itemListElement\":[{\"@type\":\"ListItem\",\"position\":1,\"name\":\"Kreu\",\"item\":\"https:\\\/\\\/ual-website.iqe.al\\\/sq\\\/kreu\\\/\"},{\"@type\":\"ListItem\",\"position\":2,\"name\":\"Mb\u00ebshtetje p\u00ebr Strehim\"}]},{\"@type\":\"WebSite\",\"@id\":\"https:\\\/\\\/ual-website.iqe.al\\\/sq\\\/#website\",\"url\":\"https:\\\/\\\/ual-website.iqe.al\\\/sq\\\/\",\"name\":\"Aldent University\",\"description\":\"Trust the Professionals\",\"publisher\":{\"@id\":\"https:\\\/\\\/ual-website.iqe.al\\\/sq\\\/#organization\"},\"potentialAction\":[{\"@type\":\"SearchAction\",\"target\":{\"@type\":\"EntryPoint\",\"urlTemplate\":\"https:\\\/\\\/ual-website.iqe.al\\\/sq\\\/?s={search_term_string}\"},\"query-input\":{\"@type\":\"PropertyValueSpecification\",\"valueRequired\":true,\"valueName\":\"search_term_string\"}}],\"inLanguage\":\"sq\"},{\"@type\":\"Organization\",\"@id\":\"https:\\\/\\\/ual-website.iqe.al\\\/sq\\\/#organization\",\"name\":\"Universiteti Aldent\",\"alternateName\":\"UAL\",\"url\":\"https:\\\/\\\/ual-website.iqe.al\\\/sq\\\/\",\"logo\":{\"@type\":\"ImageObject\",\"inLanguage\":\"sq\",\"@id\":\"https:\\\/\\\/ual-website.iqe.al\\\/sq\\\/#\\\/schema\\\/logo\\\/image\\\/\",\"url\":\"https:\\\/\\\/ual-website.iqe.al\\\/wp-content\\\/uploads\\\/2024\\\/09\\\/cropped-ual-icon.png\",\"contentUrl\":\"https:\\\/\\\/ual-website.iqe.al\\\/wp-content\\\/uploads\\\/2024\\\/09\\\/cropped-ual-icon.png\",\"width\":512,\"height\":512,\"caption\":\"Universiteti Aldent\"},\"image\":{\"@id\":\"https:\\\/\\\/ual-website.iqe.al\\\/sq\\\/#\\\/schema\\\/logo\\\/image\\\/\"},\"sameAs\":[\"https:\\\/\\\/www.facebook.com\\\/universitetialdent\",\"https:\\\/\\\/www.instagram.com\\\/universiteti.aldent\\\/\",\"https:\\\/\\\/www.linkedin.com\\\/company\\\/aldent-university\\\/\",\"https:\\\/\\\/www.youtube.com\\\/channel\\\/UCx4IIThWkgFpYEZgw5eUzNQ\"]}]}<\/script>\n<!-- \/ Yoast SEO Premium plugin. -->","yoast_head_json":{"title":"Mb\u00ebshtetje p\u00ebr Strehim - Aldent University","robots":{"index":"noindex","follow":"follow","max-snippet":"max-snippet:-1","max-image-preview":"max-image-preview:large","max-video-preview":"max-video-preview:-1"},"og_locale":"sq_AL","og_type":"article","og_title":"Mb\u00ebshtetje p\u00ebr Strehim","og_description":"Gjetja e nj\u00eb vendi p\u00ebr t\u00eb jetuar mund t\u00eb jet\u00eb stresuese, ve\u00e7an\u00ebrisht n\u00eb fillim t\u00eb vitit akademik. Mb\u00ebshtetja p\u00ebr Strehimin ju ndihmon me informacione praktike, udh\u00ebzime dhe k\u00ebshilla p\u00ebr t\u00eb...","og_url":"https:\/\/ual-website.iqe.al\/sq\/mbeshtetje-per-strehim\/","og_site_name":"Aldent University","article_publisher":"https:\/\/www.facebook.com\/universitetialdent","article_modified_time":"2026-03-12T20:25:24+00:00","og_image":[{"width":1830,"height":778,"url":"https:\/\/ual-website.iqe.al\/wp-content\/uploads\/2026\/01\/social-share.jpg","type":"image\/jpeg"}],"twitter_card":"summary_large_image","twitter_misc":{"Est. reading time":"1 minut\u00eb"},"schema":{"@context":"https:\/\/schema.org","@graph":[{"@type":"WebPage","@id":"https:\/\/ual-website.iqe.al\/sq\/mbeshtetje-per-strehim\/","url":"https:\/\/ual-website.iqe.al\/sq\/mbeshtetje-per-strehim\/","name":"Mb\u00ebshtetje p\u00ebr Strehim - Aldent University","isPartOf":{"@id":"https:\/\/ual-website.iqe.al\/sq\/#website"},"primaryImageOfPage":{"@id":"https:\/\/ual-website.iqe.al\/sq\/mbeshtetje-per-strehim\/#primaryimage"},"image":{"@id":"https:\/\/ual-website.iqe.al\/sq\/mbeshtetje-per-strehim\/#primaryimage"},"thumbnailUrl":"https:\/\/ual-website.iqe.al\/wp-content\/uploads\/2026\/01\/social-share.jpg","datePublished":"2026-01-17T22:04:40+00:00","dateModified":"2026-03-12T20:25:24+00:00","breadcrumb":{"@id":"https:\/\/ual-website.iqe.al\/sq\/mbeshtetje-per-strehim\/#breadcrumb"},"inLanguage":"sq","potentialAction":[{"@type":"ReadAction","target":["https:\/\/ual-website.iqe.al\/sq\/mbeshtetje-per-strehim\/"]}]},{"@type":"ImageObject","inLanguage":"sq","@id":"https:\/\/ual-website.iqe.al\/sq\/mbeshtetje-per-strehim\/#primaryimage","url":"https:\/\/ual-website.iqe.al\/wp-content\/uploads\/2026\/01\/social-share.jpg","contentUrl":"https:\/\/ual-website.iqe.al\/wp-content\/uploads\/2026\/01\/social-share.jpg","width":1830,"height":778,"caption":"Universiteti Aldent! Besoni te profesionist\u00ebt!"},{"@type":"BreadcrumbList","@id":"https:\/\/ual-website.iqe.al\/sq\/mbeshtetje-per-strehim\/#breadcrumb","itemListElement":[{"@type":"ListItem","position":1,"name":"Kreu","item":"https:\/\/ual-website.iqe.al\/sq\/kreu\/"},{"@type":"ListItem","position":2,"name":"Mb\u00ebshtetje p\u00ebr Strehim"}]},{"@type":"WebSite","@id":"https:\/\/ual-website.iqe.al\/sq\/#website","url":"https:\/\/ual-website.iqe.al\/sq\/","name":"Aldent University","description":"Trust the Professionals","publisher":{"@id":"https:\/\/ual-website.iqe.al\/sq\/#organization"},"potentialAction":[{"@type":"SearchAction","target":{"@type":"EntryPoint","urlTemplate":"https:\/\/ual-website.iqe.al\/sq\/?s={search_term_string}"},"query-input":{"@type":"PropertyValueSpecification","valueRequired":true,"valueName":"search_term_string"}}],"inLanguage":"sq"},{"@type":"Organization","@id":"https:\/\/ual-website.iqe.al\/sq\/#organization","name":"Universiteti Aldent","alternateName":"UAL","url":"https:\/\/ual-website.iqe.al\/sq\/","logo":{"@type":"ImageObject","inLanguage":"sq","@id":"https:\/\/ual-website.iqe.al\/sq\/#\/schema\/logo\/image\/","url":"https:\/\/ual-website.iqe.al\/wp-content\/uploads\/2024\/09\/cropped-ual-icon.png","contentUrl":"https:\/\/ual-website.iqe.al\/wp-content\/uploads\/2024\/09\/cropped-ual-icon.png","width":512,"height":512,"caption":"Universiteti Aldent"},"image":{"@id":"https:\/\/ual-website.iqe.al\/sq\/#\/schema\/logo\/image\/"},"sameAs":["https:\/\/www.facebook.com\/universitetialdent","https:\/\/www.instagram.com\/universiteti.aldent\/","https:\/\/www.linkedin.com\/company\/aldent-university\/","https:\/\/www.youtube.com\/channel\/UCx4IIThWkgFpYEZgw5eUzNQ"]}]}},"ticketed":false,"_links":{"self":[{"href":"https:\/\/ual-website.iqe.al\/sq\/wp-json\/wp\/v2\/pages\/21955","targetHints":{"allow":["GET"]}}],"collection":[{"href":"https:\/\/ual-website.iqe.al\/sq\/wp-json\/wp\/v2\/pages"}],"about":[{"href":"https:\/\/ual-website.iqe.al\/sq\/wp-json\/wp\/v2\/types\/page"}],"author":[{"embeddable":true,"href":"https:\/\/ual-website.iqe.al\/sq\/wp-json\/wp\/v2\/users\/2"}],"replies":[{"embeddable":true,"href":"https:\/\/ual-website.iqe.al\/sq\/wp-json\/wp\/v2\/comments?post=21955"}],"version-history":[{"count":1,"href":"https:\/\/ual-website.iqe.al\/sq\/wp-json\/wp\/v2\/pages\/21955\/revisions"}],"predecessor-version":[{"id":21959,"href":"https:\/\/ual-website.iqe.al\/sq\/wp-json\/wp\/v2\/pages\/21955\/revisions\/21959"}],"wp:featuredmedia":[{"embeddable":true,"href":"https:\/\/ual-website.iqe.al\/sq\/wp-json\/wp\/v2\/media\/20385"}],"wp:attachment":[{"href":"https:\/\/ual-website.iqe.al\/sq\/wp-json\/wp\/v2\/media?parent=21955"}],"curies":[{"name":"wp","href":"https:\/\/api.w.org\/{rel}","templated":true}]}}